{"id":669,"date":"2025-09-14T21:36:07","date_gmt":"2025-09-14T21:36:07","guid":{"rendered":"https:\/\/zellinger-law.at\/zellinger-law-de\/?page_id=669"},"modified":"2026-01-16T14:42:25","modified_gmt":"2026-01-16T14:42:25","slug":"honorar","status":"publish","type":"page","link":"https:\/\/zellinger-law.at\/fr\/honorar\/","title":{"rendered":"honoraires"},"content":{"rendered":"<div data-elementor-type=\"wp-page\" data-elementor-id=\"669\" class=\"elementor elementor-669\" data-elementor-post-type=\"page\">\n\t\t\t\t<div class=\"elementor-element elementor-element-c9e73ac e-con-full e-flex e-con e-parent\" data-id=\"c9e73ac\" data-element_type=\"container\" data-e-type=\"container\">\n\t\t\t\t<div class=\"elementor-element elementor-element-0cd5475 elementor-widget elementor-widget-heading\" data-id=\"0cd5475\" data-element_type=\"widget\" data-e-type=\"widget\" data-widget_type=\"heading.default\">\n\t\t\t\t\t<h2 class=\"elementor-heading-title elementor-size-default\">honoraires<\/h2>\t\t\t\t<\/div>\n\t\t\t\t<\/div>\n\t\t<div class=\"elementor-element elementor-element-3ea8580 e-con-full e-flex e-con e-parent\" data-id=\"3ea8580\" data-element_type=\"container\" data-e-type=\"container\">\n\t\t\t\t<div class=\"elementor-element elementor-element-e3c7bd4 elementor-widget-divider--view-line elementor-widget elementor-widget-divider\" data-id=\"e3c7bd4\" data-element_type=\"widget\" data-e-type=\"widget\" data-widget_type=\"divider.default\">\n\t\t\t\t\t\t\t<div class=\"elementor-divider\">\n\t\t\t<span class=\"elementor-divider-separator\">\n\t\t\t\t\t\t<\/span>\n\t\t<\/div>\n\t\t\t\t\t\t<\/div>\n\t\t\t\t<\/div>\n\t\t<div class=\"elementor-element elementor-element-1f6ef52 e-con-full e-flex e-con e-parent\" data-id=\"1f6ef52\" data-element_type=\"container\" data-e-type=\"container\">\n\t\t<div class=\"elementor-element elementor-element-eb41974 e-con-full e-flex e-con e-child\" data-id=\"eb41974\" data-element_type=\"container\" data-e-type=\"container\">\n\t\t\t\t<div class=\"elementor-element elementor-element-b6c5b39 elementor-widget elementor-widget-heading\" data-id=\"b6c5b39\" data-element_type=\"widget\" data-e-type=\"widget\" data-widget_type=\"heading.default\">\n\t\t\t\t\t<h2 class=\"elementor-heading-title elementor-size-default\">Remarque g\u00e9n\u00e9rale<\/h2>\t\t\t\t<\/div>\n\t\t\t\t<div class=\"elementor-element elementor-element-e3814a8 elementor-widget elementor-widget-heading\" data-id=\"e3814a8\" data-element_type=\"widget\" data-e-type=\"widget\" data-widget_type=\"heading.default\">\n\t\t\t\t\t<h2 class=\"elementor-heading-title elementor-size-default\">Mes honoraires sont toujours convenus individuellement et adapt\u00e9s \u00e0 vos besoins. Vous pouvez choisir entre un accord forfaitaire juste et transparent ou une facturation \u00e0 l'heure.<\/h2>\t\t\t\t<\/div>\n\t\t\t\t<div class=\"elementor-element elementor-element-f13b4a6 elementor-widget elementor-widget-heading\" data-id=\"f13b4a6\" data-element_type=\"widget\" data-e-type=\"widget\" data-widget_type=\"heading.default\">\n\t\t\t\t\t<h2 class=\"elementor-heading-title elementor-size-default\">Si vous disposez d'une assurance de protection juridique en vigueur, je vous prie de le signaler d\u00e8s le d\u00e9but de la consultation ou de la mission afin de r\u00e9duire vos frais au maximum. Quelle que soit l'assurance de protection juridique dont vous disposez, je peux intervenir pour vous.<\/h2>\t\t\t\t<\/div>\n\t\t\t\t<div class=\"elementor-element elementor-element-e90d373 elementor-widget elementor-widget-text-editor\" data-id=\"e90d373\" data-element_type=\"widget\" data-e-type=\"widget\" data-widget_type=\"text-editor.default\">\n\t\t\t\t\t\t\t\t\t<p>En outre, les <a href=\"https:\/\/zellinger-law.at\/fr\/?page_id=954\u2197\">AAB<\/a> pour l'application.<\/p>\t\t\t\t\t\t\t\t<\/div>\n\t\t\t\t<\/div>\n\t\t<div class=\"elementor-element elementor-element-7068d0b e-con-full e-flex e-con e-child\" data-id=\"7068d0b\" data-element_type=\"container\" data-e-type=\"container\">\n\t\t\t\t<div class=\"elementor-element elementor-element-6c77dbe elementor-widget elementor-widget-heading\" data-id=\"6c77dbe\" data-element_type=\"widget\" data-e-type=\"widget\" data-widget_type=\"heading.default\">\n\t\t\t\t\t<h2 class=\"elementor-heading-title elementor-size-default\">Premi\u00e8re consultation<\/h2>\t\t\t\t<\/div>\n\t\t\t\t<div class=\"elementor-element elementor-element-614bb2e elementor-widget elementor-widget-heading\" data-id=\"614bb2e\" data-element_type=\"widget\" data-e-type=\"widget\" data-widget_type=\"heading.default\">\n\t\t\t\t\t<h2 class=\"elementor-heading-title elementor-size-default\">Le co\u00fbt d'une premi\u00e8re consultation, au cours de laquelle je prendrai le temps d'examiner votre demande et d'esquisser la marche \u00e0 suivre, est de 250 euros (hors TVA). <br><br>Si la premi\u00e8re consultation est suivie d'une autre dans le cadre d'un accord forfaitaire, les co\u00fbts de la premi\u00e8re consultation sont d\u00e9j\u00e0 inclus dans le forfait.<\/h2>\t\t\t\t<\/div>\n\t\t\t\t<div class=\"elementor-element elementor-element-09c075b elementor-widget elementor-widget-button\" data-id=\"09c075b\" data-element_type=\"widget\" data-e-type=\"widget\" data-widget_type=\"button.default\">\n\t\t\t\t\t\t\t\t\t\t<a class=\"elementor-button elementor-button-link elementor-size-sm\" href=\"mailto:office@zellinger-law.at\">\n\t\t\t\t\t\t<span class=\"elementor-button-content-wrapper\">\n\t\t\t\t\t\t\t\t\t<span class=\"elementor-button-text\">Prenez rendez-vous d\u00e8s maintenant pour une premi\u00e8re consultation !<\/span>\n\t\t\t\t\t<\/span>\n\t\t\t\t\t<\/a>\n\t\t\t\t\t\t\t\t<\/div>\n\t\t\t\t<\/div>\n\t\t<div class=\"elementor-element elementor-element-6ea7942 e-con-full elementor-hidden-mobile e-flex e-con e-child\" data-id=\"6ea7942\" data-element_type=\"container\" data-e-type=\"container\">\n\t\t\t\t<\/div>\n\t\t<div class=\"elementor-element elementor-element-d92c4f3 e-con-full e-flex e-con e-child\" data-id=\"d92c4f3\" data-element_type=\"container\" data-e-type=\"container\">\n\t\t\t\t<div class=\"elementor-element elementor-element-cad56ff elementor-widget elementor-widget-heading\" data-id=\"cad56ff\" data-element_type=\"widget\" data-e-type=\"widget\" data-widget_type=\"heading.default\">\n\t\t\t\t\t<h2 class=\"elementor-heading-title elementor-size-default\">Veuillez nous contacter<\/h2>\t\t\t\t<\/div>\n\t\t\t\t<div class=\"elementor-element elementor-element-708c0c8 elementor-widget elementor-widget-heading\" data-id=\"708c0c8\" data-element_type=\"widget\" data-e-type=\"widget\" data-widget_type=\"heading.default\">\n\t\t\t\t\t<h2 class=\"elementor-heading-title elementor-size-default\">Josefst\u00e4dter Stra\u00dfe 11\/16<br>1080 Vienne, Autriche<\/h2>\t\t\t\t<\/div>\n\t\t<div class=\"elementor-element elementor-element-8cbf9c8 e-con-full e-flex e-con e-child\" data-id=\"8cbf9c8\" data-element_type=\"container\" data-e-type=\"container\">\n\t\t\t\t<div class=\"elementor-element elementor-element-a7a3d92 elementor-widget elementor-widget-heading\" data-id=\"a7a3d92\" data-element_type=\"widget\" data-e-type=\"widget\" data-widget_type=\"heading.default\">\n\t\t\t\t\t<h2 class=\"elementor-heading-title elementor-size-default\">+43 670 1992299<\/h2>\t\t\t\t<\/div>\n\t\t\t\t<div class=\"elementor-element elementor-element-72e6536 elementor-widget elementor-widget-heading\" data-id=\"72e6536\" data-element_type=\"widget\" data-e-type=\"widget\" data-widget_type=\"heading.default\">\n\t\t\t\t\t<h2 class=\"elementor-heading-title elementor-size-default\"><a href=\"mailto:office@zellinger-law.at\">office@zellinger-law.at<\/a><\/h2>\t\t\t\t<\/div>\n\t\t\t\t<\/div>\n\t\t<div class=\"elementor-element elementor-element-83c6fff e-con-full e-flex e-con e-child\" data-id=\"83c6fff\" data-element_type=\"container\" data-e-type=\"container\">\n\t\t\t\t<div class=\"elementor-element elementor-element-379de5d elementor-widget elementor-widget-heading\" data-id=\"379de5d\" data-element_type=\"widget\" data-e-type=\"widget\" data-widget_type=\"heading.default\">\n\t\t\t\t\t<h2 class=\"elementor-heading-title elementor-size-default\"><a href=\"https:\/\/www.linkedin.com\/in\/david-zellinger-248996234?utm_source=share&#038;utm_campaign=share_via&#038;utm_content=profile&#038;utm_medium=ios_app\" target=\"_blank\">LinkedIn<\/a><\/h2>\t\t\t\t<\/div>\n\t\t\t\t<\/div>\n\t\t\t\t<\/div>\n\t\t\t\t<\/div>\n\t\t\t\t<\/div>","protected":false},"excerpt":{"rendered":"<p>Honorar Allgemeiner Hinweis Das Honorar wird bei mir stets individuell und auf Ihre Bed\u00fcrfnisse zugeschnitten vereinbart. Sie k\u00f6nnen zwischen einer fairen und transparenten Pauschalvereinbarung oder einer stundenweisen Abrechnung w\u00e4hlen. Sollten Sie \u00fcber eine aufrechte Rechtsschutzversicherung verf\u00fcgen, ersuche ich Sie, dies bereits zu Beginn der Beratung oder Beauftragung bekanntzugeben, um Ihre Kosten so gering wie m\u00f6glich [&hellip;]<\/p>\n","protected":false},"author":1,"featured_media":0,"parent":0,"menu_order":0,"comment_status":"closed","ping_status":"closed","template":"","meta":{"footnotes":""},"class_list":["post-669","page","type-page","status-publish","hentry"],"yoast_head":"<!-- This site is optimized with the Yoast SEO Premium plugin v27.3 (Yoast SEO v27.4) - https:\/\/yoast.com\/product\/yoast-seo-premium-wordpress\/ -->\n<title>Honorar - Zellinger Law<\/title>\n<meta name=\"robots\" content=\"index, follow, max-snippet:-1, max-image-preview:large, max-video-preview:-1\" \/>\n<link rel=\"canonical\" href=\"https:\/\/zellinger-law.at\/fr\/honorar\/\" \/>\n<meta property=\"og:locale\" content=\"fr_FR\" \/>\n<meta property=\"og:type\" content=\"article\" \/>\n<meta property=\"og:title\" content=\"Honorar\" \/>\n<meta property=\"og:description\" content=\"Honorar Allgemeiner Hinweis Das Honorar wird bei mir stets individuell und auf Ihre Bed\u00fcrfnisse zugeschnitten vereinbart. Sie k\u00f6nnen zwischen einer fairen und transparenten Pauschalvereinbarung oder einer stundenweisen Abrechnung w\u00e4hlen. Sollten Sie \u00fcber eine aufrechte Rechtsschutzversicherung verf\u00fcgen, ersuche ich Sie, dies bereits zu Beginn der Beratung oder Beauftragung bekanntzugeben, um Ihre Kosten so gering wie m\u00f6glich [&hellip;]\" \/>\n<meta property=\"og:url\" content=\"https:\/\/zellinger-law.at\/fr\/honorar\/\" \/>\n<meta property=\"og:site_name\" content=\"Zellinger Law\" \/>\n<meta property=\"article:modified_time\" content=\"2026-01-16T14:42:25+00:00\" \/>\n<meta name=\"twitter:card\" content=\"summary_large_image\" \/>\n<meta name=\"twitter:label1\" content=\"Dur\u00e9e de lecture estim\u00e9e\" \/>\n\t<meta name=\"twitter:data1\" content=\"1 minute\" \/>\n<script type=\"application\/ld+json\" class=\"yoast-schema-graph\">{\"@context\":\"https:\\\/\\\/schema.org\",\"@graph\":[{\"@type\":\"WebPage\",\"@id\":\"https:\\\/\\\/zellinger-law.at\\\/honorar\\\/\",\"url\":\"https:\\\/\\\/zellinger-law.at\\\/honorar\\\/\",\"name\":\"Honorar - Zellinger Law\",\"isPartOf\":{\"@id\":\"https:\\\/\\\/zellinger-law.at\\\/de_de\\\/#website\"},\"datePublished\":\"2025-09-14T21:36:07+00:00\",\"dateModified\":\"2026-01-16T14:42:25+00:00\",\"breadcrumb\":{\"@id\":\"https:\\\/\\\/zellinger-law.at\\\/honorar\\\/#breadcrumb\"},\"inLanguage\":\"fr-FR\",\"potentialAction\":[{\"@type\":\"ReadAction\",\"target\":[\"https:\\\/\\\/zellinger-law.at\\\/honorar\\\/\"]}]},{\"@type\":\"BreadcrumbList\",\"@id\":\"https:\\\/\\\/zellinger-law.at\\\/honorar\\\/#breadcrumb\",\"itemListElement\":[{\"@type\":\"ListItem\",\"position\":1,\"name\":\"Start\",\"item\":\"https:\\\/\\\/zellinger-law.at\\\/de_de\\\/\"},{\"@type\":\"ListItem\",\"position\":2,\"name\":\"Honorar\"}]},{\"@type\":\"WebSite\",\"@id\":\"https:\\\/\\\/zellinger-law.at\\\/de_de\\\/#website\",\"url\":\"https:\\\/\\\/zellinger-law.at\\\/de_de\\\/\",\"name\":\"Zellinger Law\",\"description\":\"\",\"publisher\":{\"@id\":\"https:\\\/\\\/zellinger-law.at\\\/de_de\\\/#organization\"},\"potentialAction\":[{\"@type\":\"SearchAction\",\"target\":{\"@type\":\"EntryPoint\",\"urlTemplate\":\"https:\\\/\\\/zellinger-law.at\\\/de_de\\\/?s={search_term_string}\"},\"query-input\":{\"@type\":\"PropertyValueSpecification\",\"valueRequired\":true,\"valueName\":\"search_term_string\"}}],\"inLanguage\":\"fr-FR\"},{\"@type\":[\"Organization\",\"Place\"],\"@id\":\"https:\\\/\\\/zellinger-law.at\\\/de_de\\\/#organization\",\"name\":\"Mag. David Zellinger - Rechtsanwalt\",\"alternateName\":\"Rechtsanwalt \u2013 Mag. David Zellinger\",\"url\":\"https:\\\/\\\/zellinger-law.at\\\/de_de\\\/\",\"logo\":{\"@id\":\"https:\\\/\\\/zellinger-law.at\\\/honorar\\\/#local-main-organization-logo\"},\"image\":{\"@id\":\"https:\\\/\\\/zellinger-law.at\\\/honorar\\\/#local-main-organization-logo\"},\"sameAs\":[\"https:\\\/\\\/www.linkedin.com\\\/in\\\/david-zellinger-248996234\\\/\"],\"telephone\":[],\"openingHoursSpecification\":[{\"@type\":\"OpeningHoursSpecification\",\"dayOfWeek\":[\"Monday\",\"Tuesday\",\"Wednesday\",\"Thursday\",\"Friday\",\"Saturday\",\"Sunday\"],\"opens\":\"09:00\",\"closes\":\"17:00\"}]},{\"@type\":\"ImageObject\",\"inLanguage\":\"fr-FR\",\"@id\":\"https:\\\/\\\/zellinger-law.at\\\/honorar\\\/#local-main-organization-logo\",\"url\":\"https:\\\/\\\/zellinger-law.at\\\/wp-content\\\/uploads\\\/2025\\\/08\\\/ZL_WortBildmarke_RGB_Darkblue-scaled.png\",\"contentUrl\":\"https:\\\/\\\/zellinger-law.at\\\/wp-content\\\/uploads\\\/2025\\\/08\\\/ZL_WortBildmarke_RGB_Darkblue-scaled.png\",\"width\":2560,\"height\":1024,\"caption\":\"Mag. David Zellinger - Rechtsanwalt\"}]}<\/script>\n<!-- \/ Yoast SEO Premium plugin. -->","yoast_head_json":{"title":"Honoraires - Zellinger Law","robots":{"index":"index","follow":"follow","max-snippet":"max-snippet:-1","max-image-preview":"max-image-preview:large","max-video-preview":"max-video-preview:-1"},"canonical":"https:\/\/zellinger-law.at\/fr\/honorar\/","og_locale":"fr_FR","og_type":"article","og_title":"Honorar","og_description":"Honorar Allgemeiner Hinweis Das Honorar wird bei mir stets individuell und auf Ihre Bed\u00fcrfnisse zugeschnitten vereinbart. Sie k\u00f6nnen zwischen einer fairen und transparenten Pauschalvereinbarung oder einer stundenweisen Abrechnung w\u00e4hlen. Sollten Sie \u00fcber eine aufrechte Rechtsschutzversicherung verf\u00fcgen, ersuche ich Sie, dies bereits zu Beginn der Beratung oder Beauftragung bekanntzugeben, um Ihre Kosten so gering wie m\u00f6glich [&hellip;]","og_url":"https:\/\/zellinger-law.at\/fr\/honorar\/","og_site_name":"Zellinger Law","article_modified_time":"2026-01-16T14:42:25+00:00","twitter_card":"summary_large_image","twitter_misc":{"Dur\u00e9e de lecture estim\u00e9e":"1 minute"},"schema":{"@context":"https:\/\/schema.org","@graph":[{"@type":"WebPage","@id":"https:\/\/zellinger-law.at\/honorar\/","url":"https:\/\/zellinger-law.at\/honorar\/","name":"Honoraires - Zellinger Law","isPartOf":{"@id":"https:\/\/zellinger-law.at\/de_de\/#website"},"datePublished":"2025-09-14T21:36:07+00:00","dateModified":"2026-01-16T14:42:25+00:00","breadcrumb":{"@id":"https:\/\/zellinger-law.at\/honorar\/#breadcrumb"},"inLanguage":"fr-FR","potentialAction":[{"@type":"ReadAction","target":["https:\/\/zellinger-law.at\/honorar\/"]}]},{"@type":"BreadcrumbList","@id":"https:\/\/zellinger-law.at\/honorar\/#breadcrumb","itemListElement":[{"@type":"ListItem","position":1,"name":"Start","item":"https:\/\/zellinger-law.at\/de_de\/"},{"@type":"ListItem","position":2,"name":"Honorar"}]},{"@type":"WebSite","@id":"https:\/\/zellinger-law.at\/de_de\/#website","url":"https:\/\/zellinger-law.at\/de_de\/","name":"Droit de Zellinger","description":"","publisher":{"@id":"https:\/\/zellinger-law.at\/de_de\/#organization"},"potentialAction":[{"@type":"SearchAction","target":{"@type":"EntryPoint","urlTemplate":"https:\/\/zellinger-law.at\/de_de\/?s={search_term_string}"},"query-input":{"@type":"PropertyValueSpecification","valueRequired":true,"valueName":"search_term_string"}}],"inLanguage":"fr-FR"},{"@type":["Organization","Place"],"@id":"https:\/\/zellinger-law.at\/de_de\/#organization","name":"David Zellinger - Avocat","alternateName":"Rechtsanwalt \u2013 Mag. David Zellinger","url":"https:\/\/zellinger-law.at\/de_de\/","logo":{"@id":"https:\/\/zellinger-law.at\/honorar\/#local-main-organization-logo"},"image":{"@id":"https:\/\/zellinger-law.at\/honorar\/#local-main-organization-logo"},"sameAs":["https:\/\/www.linkedin.com\/in\/david-zellinger-248996234\/"],"telephone":[],"openingHoursSpecification":[{"@type":"OpeningHoursSpecification","dayOfWeek":["Monday","Tuesday","Wednesday","Thursday","Friday","Saturday","Sunday"],"opens":"09:00","closes":"17:00"}]},{"@type":"ImageObject","inLanguage":"fr-FR","@id":"https:\/\/zellinger-law.at\/honorar\/#local-main-organization-logo","url":"https:\/\/zellinger-law.at\/wp-content\/uploads\/2025\/08\/ZL_WortBildmarke_RGB_Darkblue-scaled.png","contentUrl":"https:\/\/zellinger-law.at\/wp-content\/uploads\/2025\/08\/ZL_WortBildmarke_RGB_Darkblue-scaled.png","width":2560,"height":1024,"caption":"Mag. David Zellinger - Rechtsanwalt"}]}},"_links":{"self":[{"href":"https:\/\/zellinger-law.at\/fr\/wp-json\/wp\/v2\/pages\/669","targetHints":{"allow":["GET"]}}],"collection":[{"href":"https:\/\/zellinger-law.at\/fr\/wp-json\/wp\/v2\/pages"}],"about":[{"href":"https:\/\/zellinger-law.at\/fr\/wp-json\/wp\/v2\/types\/page"}],"author":[{"embeddable":true,"href":"https:\/\/zellinger-law.at\/fr\/wp-json\/wp\/v2\/users\/1"}],"replies":[{"embeddable":true,"href":"https:\/\/zellinger-law.at\/fr\/wp-json\/wp\/v2\/comments?post=669"}],"version-history":[{"count":61,"href":"https:\/\/zellinger-law.at\/fr\/wp-json\/wp\/v2\/pages\/669\/revisions"}],"predecessor-version":[{"id":2021,"href":"https:\/\/zellinger-law.at\/fr\/wp-json\/wp\/v2\/pages\/669\/revisions\/2021"}],"wp:attachment":[{"href":"https:\/\/zellinger-law.at\/fr\/wp-json\/wp\/v2\/media?parent=669"}],"curies":[{"name":"wp","href":"https:\/\/api.w.org\/{rel}","templated":true}]}}