{"id":1660,"date":"2025-09-17T15:06:17","date_gmt":"2025-09-17T15:06:17","guid":{"rendered":"https:\/\/zellinger-law.at\/zellinger-law-de\/?page_id=1660"},"modified":"2026-02-02T14:05:17","modified_gmt":"2026-02-02T14:05:17","slug":"datenschutzerklaerung","status":"publish","type":"page","link":"https:\/\/zellinger-law.at\/fr\/datenschutzerklaerung\/","title":{"rendered":"Politique de Confidentialit\u00e9"},"content":{"rendered":"<div data-elementor-type=\"wp-page\" data-elementor-id=\"1660\" class=\"elementor elementor-1660\" data-elementor-post-type=\"page\">\n\t\t\t\t<div class=\"elementor-element elementor-element-fe4d234 e-con-full e-flex e-con e-parent\" data-id=\"fe4d234\" data-element_type=\"container\" data-e-type=\"container\">\n\t\t\t\t<div class=\"elementor-element elementor-element-ae45750 elementor-widget elementor-widget-heading\" data-id=\"ae45750\" data-element_type=\"widget\" data-e-type=\"widget\" data-widget_type=\"heading.default\">\n\t\t\t\t\t<h2 class=\"elementor-heading-title elementor-size-default\">Politique de Confidentialit\u00e9<\/h2>\t\t\t\t<\/div>\n\t\t\t\t<\/div>\n\t\t<div class=\"elementor-element elementor-element-938a195 e-con-full e-flex e-con e-parent\" data-id=\"938a195\" data-element_type=\"container\" data-e-type=\"container\">\n\t\t\t\t<div class=\"elementor-element elementor-element-5593fdc elementor-widget-divider--view-line elementor-widget elementor-widget-divider\" data-id=\"5593fdc\" data-element_type=\"widget\" data-e-type=\"widget\" data-widget_type=\"divider.default\">\n\t\t\t\t\t\t\t<div class=\"elementor-divider\">\n\t\t\t<span class=\"elementor-divider-separator\">\n\t\t\t\t\t\t<\/span>\n\t\t<\/div>\n\t\t\t\t\t\t<\/div>\n\t\t\t\t<\/div>\n\t\t<div class=\"elementor-element elementor-element-e8767f8 e-con-full e-flex e-con e-parent\" data-id=\"e8767f8\" data-element_type=\"container\" data-e-type=\"container\">\n\t\t\t\t<div class=\"elementor-element elementor-element-fb69543 elementor-widget__width-initial elementor-widget elementor-widget-text-editor\" data-id=\"fb69543\" data-element_type=\"widget\" data-e-type=\"widget\" data-widget_type=\"text-editor.default\">\n\t\t\t\t\t\t\t\t\t<div><span lang=\"DE-AT\">Situation au 17.09.2025<\/span><\/div>\t\t\t\t\t\t\t\t<\/div>\n\t\t<div class=\"elementor-element elementor-element-3cbb2bc e-con-full e-flex e-con e-child\" data-id=\"3cbb2bc\" data-element_type=\"container\" data-e-type=\"container\">\n\t\t\t\t<div class=\"elementor-element elementor-element-d6168ee elementor-widget__width-inherit elementor-widget elementor-widget-text-editor\" data-id=\"d6168ee\" data-element_type=\"widget\" data-e-type=\"widget\" data-widget_type=\"text-editor.default\">\n\t\t\t\t\t\t\t\t\t<p style=\"font-weight: 400;\">Chez Mag. David Zellinger - Rechtsanwalt, Josefst\u00e4dter Stra\u00dfe 11\/16, 1080 Vienne (ci-apr\u00e8s \u201eZELLINGER LAW\u201c), nous prenons la protection de vos donn\u00e9es personnelles tr\u00e8s au s\u00e9rieux.<\/p><p style=\"font-weight: 400;\">ZELLINGER LAW traite vos donn\u00e9es personnelles de mani\u00e8re confidentielle et respecte les dispositions l\u00e9gales en vigueur en mati\u00e8re de protection des donn\u00e9es, notamment la loi sur la protection des donn\u00e9es (DSG), le r\u00e8glement g\u00e9n\u00e9ral sur la protection des donn\u00e9es (RGPD) et la loi sur les t\u00e9l\u00e9communications (TKG), ainsi que la pr\u00e9sente d\u00e9claration de confidentialit\u00e9.<\/p><p style=\"font-weight: 400;\"><strong>Que sont les donn\u00e9es \u00e0 caract\u00e8re personnel ?<\/strong><\/p><p style=\"font-weight: 400;\">Les donn\u00e9es \u00e0 caract\u00e8re personnel sont des informations sur les personnes concern\u00e9es (personnes physiques) dont l'identit\u00e9 est d\u00e9termin\u00e9e ou d\u00e9terminable. Des exemples de telles donn\u00e9es sont le nom, la date de naissance, l'adresse, l'adresse \u00e9lectronique, le num\u00e9ro de t\u00e9l\u00e9phone, le sexe, le num\u00e9ro de s\u00e9curit\u00e9 sociale, mais aussi des photos, des enregistrements vid\u00e9o et des donn\u00e9es biom\u00e9triques telles que les empreintes digitales. Les donn\u00e9es sensibles, telles que les donn\u00e9es de sant\u00e9 ou les donn\u00e9es li\u00e9es \u00e0 des proc\u00e9dures p\u00e9nales, peuvent \u00e9galement \u00eatre incluses.<\/p><p style=\"font-weight: 400;\"><strong>Traitement et utilisation des donn\u00e9es \u00e0 caract\u00e8re personnel<\/strong><\/p><p style=\"font-weight: 400;\">ZELLINGER LAW ne collecte, traite et utilise vos donn\u00e9es personnelles que lorsqu'il existe une base l\u00e9gale en vertu du RGPD ou uniquement avec votre consentement ou votre affectation aux fins convenues avec vous. Seules les donn\u00e9es n\u00e9cessaires \u00e0 l'ex\u00e9cution et au traitement des services juridiques ou que vous avez volontairement mises \u00e0 la disposition de ZELLINGER LAW seront trait\u00e9es.<\/p><p style=\"font-weight: 400;\">Lorsque vous contactez ZELLINGER LAW via le formulaire de contact sur le site web, par t\u00e9l\u00e9phone, par e-mail ou par fax, ZELLINGER LAW traite les donn\u00e9es personnelles que vous lui avez communiqu\u00e9es (titre, nom, adresse e-mail, num\u00e9ro de t\u00e9l\u00e9phone, num\u00e9ro de fax ainsi que, le cas \u00e9ch\u00e9ant, d'autres donn\u00e9es communiqu\u00e9es et des documents et actes transmis) dans le but de traiter votre demande. ZELLINGER LAW traite ces donn\u00e9es pour remplir des obligations (pr\u00e9)contractuelles ou sur la base d'int\u00e9r\u00eats l\u00e9gitimes.<\/p><p style=\"font-weight: 400;\">ZELLINGER LAW attire l'attention sur le fait que la transmission de donn\u00e9es sur Internet (par ex. lors de la communication par e-mail) peut pr\u00e9senter des failles de s\u00e9curit\u00e9. Une protection compl\u00e8te des donn\u00e9es contre l'acc\u00e8s par des tiers n'est pas possible.<\/p><p style=\"font-weight: 400;\"><strong>Transfert de donn\u00e9es \u00e0 caract\u00e8re personnel<\/strong><\/p><p style=\"font-weight: 400;\">Pour l'ex\u00e9cution de votre commande, il peut \u00e9galement \u00eatre n\u00e9cessaire de transmettre vos donn\u00e9es \u00e0 des tiers (par exemple des contreparties, des substituts, des assurances, des prestataires de services auxquels ZELLINGER LAW fait appel et auxquels ZELLINGER LAW fournit des donn\u00e9es, etc.) ou \u00e0 des tribunaux ou des autorit\u00e9s. Une transmission de vos donn\u00e9es n'a lieu que sur la base du RGPD, notamment pour l'ex\u00e9cution de votre commande ou sur la base de votre consentement pr\u00e9alable.<\/p><p style=\"font-weight: 400;\">Dans le cadre de la repr\u00e9sentation et de l'assistance par un avocat, il est en outre r\u00e9guli\u00e8rement n\u00e9cessaire de collecter aupr\u00e8s de tiers des informations relatives aux faits et \u00e0 l'affaire vous concernant. Tout cela se fait dans le respect des dispositions l\u00e9gales applicables en mati\u00e8re de protection des donn\u00e9es.<\/p><p style=\"font-weight: 400;\"><strong>Cookies<\/strong><\/p><p style=\"font-weight: 400;\">ZELLINGER LAW utilise l'outil de consentement \u201eReal Cookie Banner\u201c pour g\u00e9rer les cookies et les technologies similaires (pixels de suivi, balises web, etc.) et les consentements y aff\u00e9rents. Vous trouverez des d\u00e9tails sur le fonctionnement de \u201eReal Cookie Banner\u201c sous <a href=\"https:\/\/devowl.io\/de\/rcb\/datenverarbeitung\">https:\/\/devowl.io\/de\/rcb\/datenverarbeitung<\/a>.<\/p><p style=\"font-weight: 400;\">Les bases juridiques pour le traitement des donn\u00e9es personnelles dans ce contexte sont l'article 6, paragraphe 1, point c) du RGPD et l'article 6, paragraphe 1, point f) du RGPD. L'int\u00e9r\u00eat l\u00e9gitime est la gestion des cookies et des technologies similaires utilis\u00e9s et des consentements y aff\u00e9rents.<\/p><p style=\"font-weight: 400;\">La fourniture de donn\u00e9es \u00e0 caract\u00e8re personnel n'est ni contractuellement obligatoire ni n\u00e9cessaire \u00e0 la conclusion d'un contrat. Vous n'\u00eates pas oblig\u00e9 de fournir les donn\u00e9es personnelles. Si vous ne fournissez pas les donn\u00e9es personnelles, ZELLINGER LAW ne pourra pas g\u00e9rer vos consentements.<\/p><p style=\"font-weight: 400;\"><strong>Fichiers journaux du serveur<\/strong><\/p><p style=\"font-weight: 400;\">Pour des raisons de s\u00e9curit\u00e9 d'exploitation, le fournisseur d'h\u00e9bergement recueille des donn\u00e9es sur les acc\u00e8s \u00e0 l'offre et les enregistre sous forme de fichiers journaux du serveur. Ces fichiers journaux sont conserv\u00e9s pendant quatre semaines avant d'\u00eatre supprim\u00e9s.<\/p><p style=\"font-weight: 400;\"><strong>Dur\u00e9e de conservation des donn\u00e9es \u00e0 caract\u00e8re personnel<\/strong><\/p><p style=\"font-weight: 400;\">ZELLINGER LAW ne conserve vos donn\u00e9es qu'aussi longtemps qu'elles sont n\u00e9cessaires pour remplir les objectifs susmentionn\u00e9s et les obligations contractuelles ou l\u00e9gales. Lorsque vos donn\u00e9es personnelles ne sont plus n\u00e9cessaires, elles sont supprim\u00e9es ou rendues anonymes de mani\u00e8re \u00e0 ce que vous ne puissiez plus \u00eatre identifi\u00e9. ZELLINGER LAW ne conservera pas les donn\u00e9es plus longtemps qu'il n'est n\u00e9cessaire pour remplir ses obligations contractuelles ou l\u00e9gales et pour se d\u00e9fendre contre des actions en responsabilit\u00e9.<\/p><p style=\"font-weight: 400;\"><strong>S\u00e9curit\u00e9 des donn\u00e9es<\/strong><\/p><p style=\"font-weight: 400;\">La protection de vos donn\u00e9es personnelles est assur\u00e9e par des mesures de s\u00e9curit\u00e9 techniques et organisationnelles appropri\u00e9es. Cependant, malgr\u00e9 tous nos efforts, il ne peut \u00eatre exclu que les informations que ZELLINGER LAW re\u00e7oit de vous via Internet puissent \u00eatre consult\u00e9es par des tiers. Par cons\u00e9quent, ZELLINGER LAW ne peut \u00eatre tenu responsable de la divulgation d'informations en raison d'erreurs non imputables \u00e0 ZELLINGER LAW dans la transmission des donn\u00e9es et\/ou d'un acc\u00e8s non autoris\u00e9 par des tiers (par exemple, piratage du compte e-mail).<\/p><p style=\"font-weight: 400;\"><strong>Acc\u00e8s, modification des donn\u00e9es et suppression<\/strong><\/p><p style=\"font-weight: 400;\">En tant que personne concern\u00e9e, vous avez le droit d'obtenir \u00e0 tout moment des informations sur les donn\u00e9es personnelles trait\u00e9es par ZELLINGER LAW \u00e0 votre sujet.<\/p><p style=\"font-weight: 400;\">Vous avez \u00e9galement le droit de faire corriger des donn\u00e9es inexactes et, dans certaines circonstances, de faire supprimer vos donn\u00e9es. Si le traitement des donn\u00e9es \u00e0 caract\u00e8re personnel repose sur votre consentement, vous pouvez retirer votre consentement au traitement des donn\u00e9es \u00e0 caract\u00e8re personnel avec effet pour l'avenir. Vous avez le droit de recevoir les donn\u00e9es \u00e0 caract\u00e8re personnel que vous avez fournies dans un format structur\u00e9, couramment utilis\u00e9 et lisible par machine. Vous avez la possibilit\u00e9 de d\u00e9poser votre plainte \u00e9ventuelle aupr\u00e8s d'une autorit\u00e9 de contr\u00f4le de la protection des donn\u00e9es (en Autriche : l'autorit\u00e9 autrichienne de protection des donn\u00e9es).<\/p><p style=\"font-weight: 400;\">Si des modifications sont apport\u00e9es \u00e0 vos donn\u00e9es personnelles, ZELLINGER LAW vous prie de l'en informer.<\/p><p style=\"font-weight: 400;\"><strong>Vos droits<\/strong><\/p><p style=\"font-weight: 400;\">Vous disposez d'un droit d'acc\u00e8s, de rectification, d'effacement, de limitation, de portabilit\u00e9 des donn\u00e9es, de r\u00e9vocation et d'opposition. Si vous estimez que le traitement de vos donn\u00e9es enfreint la l\u00e9gislation sur la protection des donn\u00e9es ou que vos droits en mati\u00e8re de protection des donn\u00e9es ont \u00e9t\u00e9 viol\u00e9s d'une autre mani\u00e8re, vous pouvez d\u00e9poser une plainte aupr\u00e8s de l'autorit\u00e9 de contr\u00f4le. En Autriche, il s'agit de l'autorit\u00e9 de protection des donn\u00e9es.<\/p><p style=\"font-weight: 400;\"><strong>Pannes de donn\u00e9es<\/strong><\/p><p style=\"font-weight: 400;\">ZELLINGER LAW s'efforce d'identifier rapidement les violations de donn\u00e9es et, le cas \u00e9ch\u00e9ant, de les signaler imm\u00e9diatement \u00e0 vous ou \u00e0 l'autorit\u00e9 de contr\u00f4le comp\u00e9tente, y compris les cat\u00e9gories de donn\u00e9es concern\u00e9es dans chaque cas.<\/p>\t\t\t\t\t\t\t\t<\/div>\n\t\t<div class=\"elementor-element elementor-element-71b1c13 e-con-full e-flex e-con e-child\" data-id=\"71b1c13\" data-element_type=\"container\" data-e-type=\"container\">\n\t\t\t\t<div class=\"elementor-element elementor-element-0da4a72 elementor-widget elementor-widget-heading\" data-id=\"0da4a72\" data-element_type=\"widget\" data-e-type=\"widget\" data-widget_type=\"heading.default\">\n\t\t\t\t\t<h2 class=\"elementor-heading-title elementor-size-default\">Vous pouvez nous contacter aux coordonn\u00e9es suivantes :<\/h2>\t\t\t\t<\/div>\n\t\t\t\t<div class=\"elementor-element elementor-element-8cc9b4d elementor-widget elementor-widget-heading\" data-id=\"8cc9b4d\" data-element_type=\"widget\" data-e-type=\"widget\" data-widget_type=\"heading.default\">\n\t\t\t\t\t<h2 class=\"elementor-heading-title elementor-size-default\">David Zellinger - Avocat\n<br>Josefst\u00e4dter Stra\u00dfe 11\/16<br>1080 Vienne, Autriche<\/h2>\t\t\t\t<\/div>\n\t\t<div class=\"elementor-element elementor-element-55f0ff8 e-con-full e-flex e-con e-child\" data-id=\"55f0ff8\" data-element_type=\"container\" data-e-type=\"container\">\n\t\t\t\t<div class=\"elementor-element elementor-element-db15c99 elementor-widget elementor-widget-heading\" data-id=\"db15c99\" data-element_type=\"widget\" data-e-type=\"widget\" data-widget_type=\"heading.default\">\n\t\t\t\t\t<h2 class=\"elementor-heading-title elementor-size-default\">T\u00e9l : (+43-1) 505 37 05 - 0<\/h2>\t\t\t\t<\/div>\n\t\t\t\t<div class=\"elementor-element elementor-element-42611c2 elementor-widget elementor-widget-heading\" data-id=\"42611c2\" data-element_type=\"widget\" data-e-type=\"widget\" data-widget_type=\"heading.default\">\n\t\t\t\t\t<h2 class=\"elementor-heading-title elementor-size-default\">Mobile : +43 670 1992299<\/h2>\t\t\t\t<\/div>\n\t\t\t\t<\/div>\n\t\t<div class=\"elementor-element elementor-element-2048b80 e-con-full e-flex e-con e-child\" data-id=\"2048b80\" data-element_type=\"container\" data-e-type=\"container\">\n\t\t\t\t<div class=\"elementor-element elementor-element-0e679c8 elementor-widget elementor-widget-heading\" data-id=\"0e679c8\" data-element_type=\"widget\" data-e-type=\"widget\" data-widget_type=\"heading.default\">\n\t\t\t\t\t<h2 class=\"elementor-heading-title elementor-size-default\"><a href=\"mailto:office@zellinger-law.at\">office@zellinger-law.at<\/a><\/h2>\t\t\t\t<\/div>\n\t\t\t\t<div class=\"elementor-element elementor-element-d74ef58 elementor-widget elementor-widget-heading\" data-id=\"d74ef58\" data-element_type=\"widget\" data-e-type=\"widget\" data-widget_type=\"heading.default\">\n\t\t\t\t\t<h2 class=\"elementor-heading-title elementor-size-default\"><a href=\"https:\/\/zellinger-law.at\/fr\/\" target=\"_blank\">www.zellinger-law.at<\/a><\/h2>\t\t\t\t<\/div>\n\t\t\t\t<\/div>\n\t\t\t\t<\/div>\n\t\t\t\t<\/div>\n\t\t\t\t<\/div>\n\t\t\t\t<\/div>","protected":false},"excerpt":{"rendered":"<p>Datenschutzerkl\u00e4rung Stand 17.09.2025 Wir bei Mag. David Zellinger &#8211; Rechtsanwalt, Josefst\u00e4dter Stra\u00dfe 11\/16, 1080 Wien (im Folgenden &#8222;ZELLINGER LAW&#8220;), nehmen den Schutz Ihrer pers\u00f6nlichen Daten ernst. ZELLINGER LAW behandelt Ihre personenbezogenen Daten vertraulich und h\u00e4lt sich an die geltenden datenschutzrechtlichen Bestimmungen, insbesondere an das Datenschutzgesetz (DSG), die Datenschutzgrundverordnung (DSGVO) und das Telekommunikationsgesetz (TKG) sowie an [&hellip;]<\/p>\n","protected":false},"author":1,"featured_media":0,"parent":0,"menu_order":0,"comment_status":"closed","ping_status":"closed","template":"","meta":{"footnotes":""},"class_list":["post-1660","page","type-page","status-publish","hentry"],"yoast_head":"<!-- This site is optimized with the Yoast SEO Premium plugin v27.3 (Yoast SEO v27.4) - https:\/\/yoast.com\/product\/yoast-seo-premium-wordpress\/ -->\n<title>Datenschutzerkl\u00e4rung - Zellinger Law<\/title>\n<meta name=\"robots\" content=\"index, follow, max-snippet:-1, max-image-preview:large, max-video-preview:-1\" \/>\n<link rel=\"canonical\" href=\"https:\/\/zellinger-law.at\/fr\/datenschutzerklaerung\/\" \/>\n<meta property=\"og:locale\" content=\"fr_FR\" \/>\n<meta property=\"og:type\" content=\"article\" \/>\n<meta property=\"og:title\" content=\"Datenschutzerkl\u00e4rung\" \/>\n<meta property=\"og:description\" content=\"Datenschutzerkl\u00e4rung Stand 17.09.2025 Wir bei Mag. David Zellinger &#8211; Rechtsanwalt, Josefst\u00e4dter Stra\u00dfe 11\/16, 1080 Wien (im Folgenden &#8222;ZELLINGER LAW&#8220;), nehmen den Schutz Ihrer pers\u00f6nlichen Daten ernst. ZELLINGER LAW behandelt Ihre personenbezogenen Daten vertraulich und h\u00e4lt sich an die geltenden datenschutzrechtlichen Bestimmungen, insbesondere an das Datenschutzgesetz (DSG), die Datenschutzgrundverordnung (DSGVO) und das Telekommunikationsgesetz (TKG) sowie an [&hellip;]\" \/>\n<meta property=\"og:url\" content=\"https:\/\/zellinger-law.at\/fr\/datenschutzerklaerung\/\" \/>\n<meta property=\"og:site_name\" content=\"Zellinger Law\" \/>\n<meta property=\"article:modified_time\" content=\"2026-02-02T14:05:17+00:00\" \/>\n<meta name=\"twitter:card\" content=\"summary_large_image\" \/>\n<meta name=\"twitter:label1\" content=\"Dur\u00e9e de lecture estim\u00e9e\" \/>\n\t<meta name=\"twitter:data1\" content=\"5 minutes\" \/>\n<script type=\"application\/ld+json\" class=\"yoast-schema-graph\">{\"@context\":\"https:\\\/\\\/schema.org\",\"@graph\":[{\"@type\":\"WebPage\",\"@id\":\"https:\\\/\\\/zellinger-law.at\\\/de_de\\\/datenschutzerklaerung\\\/\",\"url\":\"https:\\\/\\\/zellinger-law.at\\\/de_de\\\/datenschutzerklaerung\\\/\",\"name\":\"Datenschutzerkl\u00e4rung - Zellinger Law\",\"isPartOf\":{\"@id\":\"https:\\\/\\\/zellinger-law.at\\\/de_de\\\/#website\"},\"datePublished\":\"2025-09-17T15:06:17+00:00\",\"dateModified\":\"2026-02-02T14:05:17+00:00\",\"breadcrumb\":{\"@id\":\"https:\\\/\\\/zellinger-law.at\\\/de_de\\\/datenschutzerklaerung\\\/#breadcrumb\"},\"inLanguage\":\"fr-FR\",\"potentialAction\":[{\"@type\":\"ReadAction\",\"target\":[\"https:\\\/\\\/zellinger-law.at\\\/de_de\\\/datenschutzerklaerung\\\/\"]}]},{\"@type\":\"BreadcrumbList\",\"@id\":\"https:\\\/\\\/zellinger-law.at\\\/de_de\\\/datenschutzerklaerung\\\/#breadcrumb\",\"itemListElement\":[{\"@type\":\"ListItem\",\"position\":1,\"name\":\"Start\",\"item\":\"https:\\\/\\\/zellinger-law.at\\\/de_de\\\/\"},{\"@type\":\"ListItem\",\"position\":2,\"name\":\"Datenschutzerkl\u00e4rung\"}]},{\"@type\":\"WebSite\",\"@id\":\"https:\\\/\\\/zellinger-law.at\\\/de_de\\\/#website\",\"url\":\"https:\\\/\\\/zellinger-law.at\\\/de_de\\\/\",\"name\":\"Zellinger Law\",\"description\":\"\",\"publisher\":{\"@id\":\"https:\\\/\\\/zellinger-law.at\\\/de_de\\\/#organization\"},\"potentialAction\":[{\"@type\":\"SearchAction\",\"target\":{\"@type\":\"EntryPoint\",\"urlTemplate\":\"https:\\\/\\\/zellinger-law.at\\\/de_de\\\/?s={search_term_string}\"},\"query-input\":{\"@type\":\"PropertyValueSpecification\",\"valueRequired\":true,\"valueName\":\"search_term_string\"}}],\"inLanguage\":\"fr-FR\"},{\"@type\":[\"Organization\",\"Place\"],\"@id\":\"https:\\\/\\\/zellinger-law.at\\\/de_de\\\/#organization\",\"name\":\"Mag. David Zellinger - Rechtsanwalt\",\"alternateName\":\"Rechtsanwalt \u2013 Mag. David Zellinger\",\"url\":\"https:\\\/\\\/zellinger-law.at\\\/de_de\\\/\",\"logo\":{\"@id\":\"https:\\\/\\\/zellinger-law.at\\\/de_de\\\/datenschutzerklaerung\\\/#local-main-organization-logo\"},\"image\":{\"@id\":\"https:\\\/\\\/zellinger-law.at\\\/de_de\\\/datenschutzerklaerung\\\/#local-main-organization-logo\"},\"sameAs\":[\"https:\\\/\\\/www.linkedin.com\\\/in\\\/david-zellinger-248996234\\\/\"],\"telephone\":[],\"openingHoursSpecification\":[{\"@type\":\"OpeningHoursSpecification\",\"dayOfWeek\":[\"Monday\",\"Tuesday\",\"Wednesday\",\"Thursday\",\"Friday\",\"Saturday\",\"Sunday\"],\"opens\":\"09:00\",\"closes\":\"17:00\"}]},{\"@type\":\"ImageObject\",\"inLanguage\":\"fr-FR\",\"@id\":\"https:\\\/\\\/zellinger-law.at\\\/de_de\\\/datenschutzerklaerung\\\/#local-main-organization-logo\",\"url\":\"https:\\\/\\\/zellinger-law.at\\\/wp-content\\\/uploads\\\/2025\\\/08\\\/ZL_WortBildmarke_RGB_Darkblue-scaled.png\",\"contentUrl\":\"https:\\\/\\\/zellinger-law.at\\\/wp-content\\\/uploads\\\/2025\\\/08\\\/ZL_WortBildmarke_RGB_Darkblue-scaled.png\",\"width\":2560,\"height\":1024,\"caption\":\"Mag. David Zellinger - Rechtsanwalt\"}]}<\/script>\n<!-- \/ Yoast SEO Premium plugin. -->","yoast_head_json":{"title":"Datenschutzerkl\u00e4rung - Zellinger Law","robots":{"index":"index","follow":"follow","max-snippet":"max-snippet:-1","max-image-preview":"max-image-preview:large","max-video-preview":"max-video-preview:-1"},"canonical":"https:\/\/zellinger-law.at\/fr\/datenschutzerklaerung\/","og_locale":"fr_FR","og_type":"article","og_title":"Datenschutzerkl\u00e4rung","og_description":"Datenschutzerkl\u00e4rung Stand 17.09.2025 Wir bei Mag. David Zellinger &#8211; Rechtsanwalt, Josefst\u00e4dter Stra\u00dfe 11\/16, 1080 Wien (im Folgenden &#8222;ZELLINGER LAW&#8220;), nehmen den Schutz Ihrer pers\u00f6nlichen Daten ernst. ZELLINGER LAW behandelt Ihre personenbezogenen Daten vertraulich und h\u00e4lt sich an die geltenden datenschutzrechtlichen Bestimmungen, insbesondere an das Datenschutzgesetz (DSG), die Datenschutzgrundverordnung (DSGVO) und das Telekommunikationsgesetz (TKG) sowie an [&hellip;]","og_url":"https:\/\/zellinger-law.at\/fr\/datenschutzerklaerung\/","og_site_name":"Zellinger Law","article_modified_time":"2026-02-02T14:05:17+00:00","twitter_card":"summary_large_image","twitter_misc":{"Dur\u00e9e de lecture estim\u00e9e":"5 minutes"},"schema":{"@context":"https:\/\/schema.org","@graph":[{"@type":"WebPage","@id":"https:\/\/zellinger-law.at\/de_de\/datenschutzerklaerung\/","url":"https:\/\/zellinger-law.at\/de_de\/datenschutzerklaerung\/","name":"Datenschutzerkl\u00e4rung - Zellinger Law","isPartOf":{"@id":"https:\/\/zellinger-law.at\/de_de\/#website"},"datePublished":"2025-09-17T15:06:17+00:00","dateModified":"2026-02-02T14:05:17+00:00","breadcrumb":{"@id":"https:\/\/zellinger-law.at\/de_de\/datenschutzerklaerung\/#breadcrumb"},"inLanguage":"fr-FR","potentialAction":[{"@type":"ReadAction","target":["https:\/\/zellinger-law.at\/de_de\/datenschutzerklaerung\/"]}]},{"@type":"BreadcrumbList","@id":"https:\/\/zellinger-law.at\/de_de\/datenschutzerklaerung\/#breadcrumb","itemListElement":[{"@type":"ListItem","position":1,"name":"Start","item":"https:\/\/zellinger-law.at\/de_de\/"},{"@type":"ListItem","position":2,"name":"Datenschutzerkl\u00e4rung"}]},{"@type":"WebSite","@id":"https:\/\/zellinger-law.at\/de_de\/#website","url":"https:\/\/zellinger-law.at\/de_de\/","name":"Droit de Zellinger","description":"","publisher":{"@id":"https:\/\/zellinger-law.at\/de_de\/#organization"},"potentialAction":[{"@type":"SearchAction","target":{"@type":"EntryPoint","urlTemplate":"https:\/\/zellinger-law.at\/de_de\/?s={search_term_string}"},"query-input":{"@type":"PropertyValueSpecification","valueRequired":true,"valueName":"search_term_string"}}],"inLanguage":"fr-FR"},{"@type":["Organization","Place"],"@id":"https:\/\/zellinger-law.at\/de_de\/#organization","name":"David Zellinger - Avocat","alternateName":"Rechtsanwalt \u2013 Mag. David Zellinger","url":"https:\/\/zellinger-law.at\/de_de\/","logo":{"@id":"https:\/\/zellinger-law.at\/de_de\/datenschutzerklaerung\/#local-main-organization-logo"},"image":{"@id":"https:\/\/zellinger-law.at\/de_de\/datenschutzerklaerung\/#local-main-organization-logo"},"sameAs":["https:\/\/www.linkedin.com\/in\/david-zellinger-248996234\/"],"telephone":[],"openingHoursSpecification":[{"@type":"OpeningHoursSpecification","dayOfWeek":["Monday","Tuesday","Wednesday","Thursday","Friday","Saturday","Sunday"],"opens":"09:00","closes":"17:00"}]},{"@type":"ImageObject","inLanguage":"fr-FR","@id":"https:\/\/zellinger-law.at\/de_de\/datenschutzerklaerung\/#local-main-organization-logo","url":"https:\/\/zellinger-law.at\/wp-content\/uploads\/2025\/08\/ZL_WortBildmarke_RGB_Darkblue-scaled.png","contentUrl":"https:\/\/zellinger-law.at\/wp-content\/uploads\/2025\/08\/ZL_WortBildmarke_RGB_Darkblue-scaled.png","width":2560,"height":1024,"caption":"Mag. David Zellinger - Rechtsanwalt"}]}},"_links":{"self":[{"href":"https:\/\/zellinger-law.at\/fr\/wp-json\/wp\/v2\/pages\/1660","targetHints":{"allow":["GET"]}}],"collection":[{"href":"https:\/\/zellinger-law.at\/fr\/wp-json\/wp\/v2\/pages"}],"about":[{"href":"https:\/\/zellinger-law.at\/fr\/wp-json\/wp\/v2\/types\/page"}],"author":[{"embeddable":true,"href":"https:\/\/zellinger-law.at\/fr\/wp-json\/wp\/v2\/users\/1"}],"replies":[{"embeddable":true,"href":"https:\/\/zellinger-law.at\/fr\/wp-json\/wp\/v2\/comments?post=1660"}],"version-history":[{"count":10,"href":"https:\/\/zellinger-law.at\/fr\/wp-json\/wp\/v2\/pages\/1660\/revisions"}],"predecessor-version":[{"id":2081,"href":"https:\/\/zellinger-law.at\/fr\/wp-json\/wp\/v2\/pages\/1660\/revisions\/2081"}],"wp:attachment":[{"href":"https:\/\/zellinger-law.at\/fr\/wp-json\/wp\/v2\/media?parent=1660"}],"curies":[{"name":"wp","href":"https:\/\/api.w.org\/{rel}","templated":true}]}}