{"id":143,"date":"2025-09-10T15:55:56","date_gmt":"2025-09-10T15:55:56","guid":{"rendered":"https:\/\/zellinger-law.at\/zellinger-law-de\/?page_id=143"},"modified":"2026-03-19T11:06:11","modified_gmt":"2026-03-19T11:06:11","slug":"kooperationspartner","status":"publish","type":"page","link":"https:\/\/zellinger-law.at\/fr\/kooperationspartner\/","title":{"rendered":"partenaires de coop\u00e9ration"},"content":{"rendered":"<div data-elementor-type=\"wp-page\" data-elementor-id=\"143\" class=\"elementor elementor-143\" data-elementor-post-type=\"page\">\n\t\t\t\t<div class=\"elementor-element elementor-element-c7d224a e-con-full elementor-hidden-mobile e-flex e-con e-parent\" data-id=\"c7d224a\" data-element_type=\"container\" data-e-type=\"container\">\n\t\t\t\t<div class=\"elementor-element elementor-element-833644c elementor-widget elementor-widget-heading\" data-id=\"833644c\" data-element_type=\"widget\" data-e-type=\"widget\" data-widget_type=\"heading.default\">\n\t\t\t\t\t<h2 class=\"elementor-heading-title elementor-size-default\">partenaires de coop\u00e9ration<\/h2>\t\t\t\t<\/div>\n\t\t\t\t<\/div>\n\t\t<div class=\"elementor-element elementor-element-c0bebc4 e-con-full elementor-hidden-mobile e-flex e-con e-parent\" data-id=\"c0bebc4\" data-element_type=\"container\" data-e-type=\"container\">\n\t\t\t\t<div class=\"elementor-element elementor-element-86a1280 elementor-widget-divider--view-line elementor-widget elementor-widget-divider\" data-id=\"86a1280\" data-element_type=\"widget\" data-e-type=\"widget\" data-widget_type=\"divider.default\">\n\t\t\t\t\t\t\t<div class=\"elementor-divider\">\n\t\t\t<span class=\"elementor-divider-separator\">\n\t\t\t\t\t\t<\/span>\n\t\t<\/div>\n\t\t\t\t\t\t<\/div>\n\t\t\t\t<\/div>\n\t\t<div class=\"elementor-element elementor-element-f6d6ba5 e-con-full e-flex e-con e-parent\" data-id=\"f6d6ba5\" data-element_type=\"container\" data-e-type=\"container\">\n\t\t\t\t<div class=\"elementor-element elementor-element-981cc5b elementor-widget__width-initial elementor-widget elementor-widget-text-editor\" data-id=\"981cc5b\" data-element_type=\"widget\" data-e-type=\"widget\" data-widget_type=\"text-editor.default\">\n\t\t\t\t\t\t\t\t\t<p>Mon solide r\u00e9seau permet de trouver des solutions qui couvrent \u00e9galement les questions juridiques complexes et internationales.<\/p>\t\t\t\t\t\t\t\t<\/div>\n\t\t\t\t<\/div>\n\t\t<div class=\"elementor-element elementor-element-07bbb8b e-con-full e-flex e-con e-parent\" data-id=\"07bbb8b\" data-element_type=\"container\" data-e-type=\"container\">\n\t\t<div class=\"elementor-element elementor-element-bd800b4 e-con-full e-flex e-con e-child\" data-id=\"bd800b4\" data-element_type=\"container\" data-e-type=\"container\">\n\t\t\t\t<div class=\"elementor-element elementor-element-ceb426b elementor-widget elementor-widget-text-editor\" data-id=\"ceb426b\" data-element_type=\"widget\" data-e-type=\"widget\" data-widget_type=\"text-editor.default\">\n\t\t\t\t\t\t\t\t\t<p style=\"font-weight: 400;\">Je dispose d'un vaste r\u00e9seau d'avocats renomm\u00e9s en Autriche et \u00e0 l'\u00e9tranger, avec lesquels je peux collaborer en fonction de vos besoins individuels. Cela me permet de vous assister dans d'autres domaines juridiques en plus de mes domaines de pr\u00e9dilection.<\/p>\t\t\t\t\t\t\t\t<\/div>\n\t\t\t\t<div class=\"elementor-element elementor-element-d8f54b5 elementor-widget elementor-widget-text-editor\" data-id=\"d8f54b5\" data-element_type=\"widget\" data-e-type=\"widget\" data-widget_type=\"text-editor.default\">\n\t\t\t\t\t\t\t\t\t<p style=\"font-weight: 400;\">Cela inclut, gr\u00e2ce \u00e0 ma coop\u00e9ration avec l'avocat <a href=\"https:\/\/www.elstnerlaw.at\/\">Felix Elstner, magistrat<\/a> entre autres, des prestations en droit p\u00e9nal autrichien et en droit p\u00e9nal des m\u00e9dias, et gr\u00e2ce \u00e0 ma coop\u00e9ration avec <a href=\"https:\/\/oblin.at\/\">Dr. Klaus Oblin, LLM,<\/a> Prestations en droit de l'arbitrage international.<\/p>\t\t\t\t\t\t\t\t<\/div>\n\t\t\t\t<div class=\"elementor-element elementor-element-1eff9ab elementor-widget elementor-widget-text-editor\" data-id=\"1eff9ab\" data-element_type=\"widget\" data-e-type=\"widget\" data-widget_type=\"text-editor.default\">\n\t\t\t\t\t\t\t\t\t<p style=\"font-weight: 400;\">Je travaille \u00e9galement en \u00e9troite collaboration avec des courtiers en assurance exp\u00e9riment\u00e9s, fiables et comp\u00e9tents, tels que <a href=\"https:\/\/www.kramesconsult.at\/\">Krames Consult<\/a>&nbsp;ou <a href=\"https:\/\/www.tschrepitsch.at\/\">I R H Tschrepitsch<\/a>,Nous travaillons en collaboration avec des organisations de protection des donn\u00e9es, des compagnies d'assurance de protection juridique et des organisations de protection des donn\u00e9es afin de rendre l'application de vos droits aussi simple que possible.<\/p>\t\t\t\t\t\t\t\t<\/div>\n\t\t\t\t<div class=\"elementor-element elementor-element-efb520b elementor-widget elementor-widget-text-editor\" data-id=\"efb520b\" data-element_type=\"widget\" data-e-type=\"widget\" data-widget_type=\"text-editor.default\">\n\t\t\t\t\t\t\t\t\t<p style=\"font-weight: 400;\">Si vous avez des questions sur mes coop\u00e9rations, n'h\u00e9sitez pas \u00e0 m'en faire part lors de votre premi\u00e8re demande.<\/p>\t\t\t\t\t\t\t\t<\/div>\n\t\t\t\t<\/div>\n\t\t<div class=\"elementor-element elementor-element-3afee82 e-con-full e-flex e-con e-child\" data-id=\"3afee82\" data-element_type=\"container\" data-e-type=\"container\">\n\t\t\t\t<div class=\"elementor-element elementor-element-a98e4db elementor-widget elementor-widget-image\" data-id=\"a98e4db\" data-element_type=\"widget\" data-e-type=\"widget\" data-widget_type=\"image.default\">\n\t\t\t\t\t\t\t\t\t\t\t\t\t\t\t<img fetchpriority=\"high\" decoding=\"async\" width=\"800\" height=\"958\" src=\"https:\/\/zellinger-law.at\/wp-content\/uploads\/2025\/09\/Office-04-855x1024.jpg\" class=\"attachment-large size-large wp-image-1234\" alt=\"\" srcset=\"https:\/\/zellinger-law.at\/wp-content\/uploads\/2025\/09\/Office-04-855x1024.jpg 855w, https:\/\/zellinger-law.at\/wp-content\/uploads\/2025\/09\/Office-04-251x300.jpg 251w, https:\/\/zellinger-law.at\/wp-content\/uploads\/2025\/09\/Office-04-768x920.jpg 768w, https:\/\/zellinger-law.at\/wp-content\/uploads\/2025\/09\/Office-04-1283x1536.jpg 1283w, https:\/\/zellinger-law.at\/wp-content\/uploads\/2025\/09\/Office-04-1710x2048.jpg 1710w, https:\/\/zellinger-law.at\/wp-content\/uploads\/2025\/09\/Office-04.jpg 1792w\" sizes=\"(max-width: 800px) 100vw, 800px\" \/>\t\t\t\t\t\t\t\t\t\t\t\t\t\t\t<\/div>\n\t\t\t\t<\/div>\n\t\t\t\t<\/div>\n\t\t\t\t<\/div>","protected":false},"excerpt":{"rendered":"<p>Kooperationspartner Mein starkes Netzwerk erm\u00f6glicht L\u00f6sungen, die auch komplexe und internationale Rechtsfragen abdecken. Mit renommierten Rechtsanw\u00e4lten in \u00d6sterreich und im Ausland verf\u00fcge ich \u00fcber ein umfangreiches Netzwerk, mit welchem ich je nach Ihrem individuellen Bedarf zusammenarbeiten kann. Dadurch ist es mir m\u00f6glich, Sie zus\u00e4tzlich zu meinen Kern-Rechtsgebieten, auch in anderen Rechtsgebieten zu unterst\u00fctzen. Hierzu z\u00e4hlen [&hellip;]<\/p>\n","protected":false},"author":1,"featured_media":0,"parent":0,"menu_order":0,"comment_status":"closed","ping_status":"closed","template":"","meta":{"footnotes":""},"class_list":["post-143","page","type-page","status-publish","hentry"],"yoast_head":"<!-- This site is optimized with the Yoast SEO Premium plugin v27.3 (Yoast SEO v27.4) - https:\/\/yoast.com\/product\/yoast-seo-premium-wordpress\/ -->\n<title>Kooperationspartner - Zellinger Law<\/title>\n<meta name=\"robots\" content=\"index, follow, max-snippet:-1, max-image-preview:large, max-video-preview:-1\" \/>\n<link rel=\"canonical\" href=\"https:\/\/zellinger-law.at\/fr\/kooperationspartner\/\" \/>\n<meta property=\"og:locale\" content=\"fr_FR\" \/>\n<meta property=\"og:type\" content=\"article\" \/>\n<meta property=\"og:title\" content=\"Kooperationspartner\" \/>\n<meta property=\"og:description\" content=\"Kooperationspartner Mein starkes Netzwerk erm\u00f6glicht L\u00f6sungen, die auch komplexe und internationale Rechtsfragen abdecken. Mit renommierten Rechtsanw\u00e4lten in \u00d6sterreich und im Ausland verf\u00fcge ich \u00fcber ein umfangreiches Netzwerk, mit welchem ich je nach Ihrem individuellen Bedarf zusammenarbeiten kann. Dadurch ist es mir m\u00f6glich, Sie zus\u00e4tzlich zu meinen Kern-Rechtsgebieten, auch in anderen Rechtsgebieten zu unterst\u00fctzen. Hierzu z\u00e4hlen [&hellip;]\" \/>\n<meta property=\"og:url\" content=\"https:\/\/zellinger-law.at\/fr\/kooperationspartner\/\" \/>\n<meta property=\"og:site_name\" content=\"Zellinger Law\" \/>\n<meta property=\"article:modified_time\" content=\"2026-03-19T11:06:11+00:00\" \/>\n<meta property=\"og:image\" content=\"https:\/\/zellinger-law.at\/wp-content\/uploads\/2025\/09\/Office-04.jpg\" \/>\n\t<meta property=\"og:image:width\" content=\"1792\" \/>\n\t<meta property=\"og:image:height\" content=\"2146\" \/>\n\t<meta property=\"og:image:type\" content=\"image\/jpeg\" \/>\n<meta name=\"twitter:card\" content=\"summary_large_image\" \/>\n<meta name=\"twitter:label1\" content=\"Dur\u00e9e de lecture estim\u00e9e\" \/>\n\t<meta name=\"twitter:data1\" content=\"1 minute\" \/>\n<script type=\"application\/ld+json\" class=\"yoast-schema-graph\">{\"@context\":\"https:\\\/\\\/schema.org\",\"@graph\":[{\"@type\":\"WebPage\",\"@id\":\"https:\\\/\\\/zellinger-law.at\\\/de_de\\\/kooperationspartner\\\/\",\"url\":\"https:\\\/\\\/zellinger-law.at\\\/de_de\\\/kooperationspartner\\\/\",\"name\":\"Kooperationspartner - Zellinger Law\",\"isPartOf\":{\"@id\":\"https:\\\/\\\/zellinger-law.at\\\/de_de\\\/#website\"},\"primaryImageOfPage\":{\"@id\":\"https:\\\/\\\/zellinger-law.at\\\/de_de\\\/kooperationspartner\\\/#primaryimage\"},\"image\":{\"@id\":\"https:\\\/\\\/zellinger-law.at\\\/de_de\\\/kooperationspartner\\\/#primaryimage\"},\"thumbnailUrl\":\"https:\\\/\\\/zellinger-law.at\\\/wp-content\\\/uploads\\\/2025\\\/09\\\/Office-04-855x1024.jpg\",\"datePublished\":\"2025-09-10T15:55:56+00:00\",\"dateModified\":\"2026-03-19T11:06:11+00:00\",\"breadcrumb\":{\"@id\":\"https:\\\/\\\/zellinger-law.at\\\/de_de\\\/kooperationspartner\\\/#breadcrumb\"},\"inLanguage\":\"fr-FR\",\"potentialAction\":[{\"@type\":\"ReadAction\",\"target\":[\"https:\\\/\\\/zellinger-law.at\\\/de_de\\\/kooperationspartner\\\/\"]}]},{\"@type\":\"ImageObject\",\"inLanguage\":\"fr-FR\",\"@id\":\"https:\\\/\\\/zellinger-law.at\\\/de_de\\\/kooperationspartner\\\/#primaryimage\",\"url\":\"https:\\\/\\\/zellinger-law.at\\\/wp-content\\\/uploads\\\/2025\\\/09\\\/Office-04-855x1024.jpg\",\"contentUrl\":\"https:\\\/\\\/zellinger-law.at\\\/wp-content\\\/uploads\\\/2025\\\/09\\\/Office-04-855x1024.jpg\"},{\"@type\":\"BreadcrumbList\",\"@id\":\"https:\\\/\\\/zellinger-law.at\\\/de_de\\\/kooperationspartner\\\/#breadcrumb\",\"itemListElement\":[{\"@type\":\"ListItem\",\"position\":1,\"name\":\"Start\",\"item\":\"https:\\\/\\\/zellinger-law.at\\\/de_de\\\/\"},{\"@type\":\"ListItem\",\"position\":2,\"name\":\"Kooperationspartner\"}]},{\"@type\":\"WebSite\",\"@id\":\"https:\\\/\\\/zellinger-law.at\\\/de_de\\\/#website\",\"url\":\"https:\\\/\\\/zellinger-law.at\\\/de_de\\\/\",\"name\":\"Zellinger Law\",\"description\":\"\",\"publisher\":{\"@id\":\"https:\\\/\\\/zellinger-law.at\\\/de_de\\\/#organization\"},\"potentialAction\":[{\"@type\":\"SearchAction\",\"target\":{\"@type\":\"EntryPoint\",\"urlTemplate\":\"https:\\\/\\\/zellinger-law.at\\\/de_de\\\/?s={search_term_string}\"},\"query-input\":{\"@type\":\"PropertyValueSpecification\",\"valueRequired\":true,\"valueName\":\"search_term_string\"}}],\"inLanguage\":\"fr-FR\"},{\"@type\":[\"Organization\",\"Place\"],\"@id\":\"https:\\\/\\\/zellinger-law.at\\\/de_de\\\/#organization\",\"name\":\"Mag. David Zellinger - Rechtsanwalt\",\"alternateName\":\"Rechtsanwalt \u2013 Mag. David Zellinger\",\"url\":\"https:\\\/\\\/zellinger-law.at\\\/de_de\\\/\",\"logo\":{\"@id\":\"https:\\\/\\\/zellinger-law.at\\\/de_de\\\/kooperationspartner\\\/#local-main-organization-logo\"},\"image\":{\"@id\":\"https:\\\/\\\/zellinger-law.at\\\/de_de\\\/kooperationspartner\\\/#local-main-organization-logo\"},\"sameAs\":[\"https:\\\/\\\/www.linkedin.com\\\/in\\\/david-zellinger-248996234\\\/\"],\"telephone\":[],\"openingHoursSpecification\":[{\"@type\":\"OpeningHoursSpecification\",\"dayOfWeek\":[\"Monday\",\"Tuesday\",\"Wednesday\",\"Thursday\",\"Friday\",\"Saturday\",\"Sunday\"],\"opens\":\"09:00\",\"closes\":\"17:00\"}]},{\"@type\":\"ImageObject\",\"inLanguage\":\"fr-FR\",\"@id\":\"https:\\\/\\\/zellinger-law.at\\\/de_de\\\/kooperationspartner\\\/#local-main-organization-logo\",\"url\":\"https:\\\/\\\/zellinger-law.at\\\/wp-content\\\/uploads\\\/2025\\\/08\\\/ZL_WortBildmarke_RGB_Darkblue-scaled.png\",\"contentUrl\":\"https:\\\/\\\/zellinger-law.at\\\/wp-content\\\/uploads\\\/2025\\\/08\\\/ZL_WortBildmarke_RGB_Darkblue-scaled.png\",\"width\":2560,\"height\":1024,\"caption\":\"Mag. David Zellinger - Rechtsanwalt\"}]}<\/script>\n<!-- \/ Yoast SEO Premium plugin. -->","yoast_head_json":{"title":"Partenaires de coop\u00e9ration - Zellinger Law","robots":{"index":"index","follow":"follow","max-snippet":"max-snippet:-1","max-image-preview":"max-image-preview:large","max-video-preview":"max-video-preview:-1"},"canonical":"https:\/\/zellinger-law.at\/fr\/kooperationspartner\/","og_locale":"fr_FR","og_type":"article","og_title":"Kooperationspartner","og_description":"Kooperationspartner Mein starkes Netzwerk erm\u00f6glicht L\u00f6sungen, die auch komplexe und internationale Rechtsfragen abdecken. Mit renommierten Rechtsanw\u00e4lten in \u00d6sterreich und im Ausland verf\u00fcge ich \u00fcber ein umfangreiches Netzwerk, mit welchem ich je nach Ihrem individuellen Bedarf zusammenarbeiten kann. Dadurch ist es mir m\u00f6glich, Sie zus\u00e4tzlich zu meinen Kern-Rechtsgebieten, auch in anderen Rechtsgebieten zu unterst\u00fctzen. Hierzu z\u00e4hlen [&hellip;]","og_url":"https:\/\/zellinger-law.at\/fr\/kooperationspartner\/","og_site_name":"Zellinger Law","article_modified_time":"2026-03-19T11:06:11+00:00","og_image":[{"width":1792,"height":2146,"url":"https:\/\/zellinger-law.at\/wp-content\/uploads\/2025\/09\/Office-04.jpg","type":"image\/jpeg"}],"twitter_card":"summary_large_image","twitter_misc":{"Dur\u00e9e de lecture estim\u00e9e":"1 minute"},"schema":{"@context":"https:\/\/schema.org","@graph":[{"@type":"WebPage","@id":"https:\/\/zellinger-law.at\/de_de\/kooperationspartner\/","url":"https:\/\/zellinger-law.at\/de_de\/kooperationspartner\/","name":"Partenaires de coop\u00e9ration - Zellinger Law","isPartOf":{"@id":"https:\/\/zellinger-law.at\/de_de\/#website"},"primaryImageOfPage":{"@id":"https:\/\/zellinger-law.at\/de_de\/kooperationspartner\/#primaryimage"},"image":{"@id":"https:\/\/zellinger-law.at\/de_de\/kooperationspartner\/#primaryimage"},"thumbnailUrl":"https:\/\/zellinger-law.at\/wp-content\/uploads\/2025\/09\/Office-04-855x1024.jpg","datePublished":"2025-09-10T15:55:56+00:00","dateModified":"2026-03-19T11:06:11+00:00","breadcrumb":{"@id":"https:\/\/zellinger-law.at\/de_de\/kooperationspartner\/#breadcrumb"},"inLanguage":"fr-FR","potentialAction":[{"@type":"ReadAction","target":["https:\/\/zellinger-law.at\/de_de\/kooperationspartner\/"]}]},{"@type":"ImageObject","inLanguage":"fr-FR","@id":"https:\/\/zellinger-law.at\/de_de\/kooperationspartner\/#primaryimage","url":"https:\/\/zellinger-law.at\/wp-content\/uploads\/2025\/09\/Office-04-855x1024.jpg","contentUrl":"https:\/\/zellinger-law.at\/wp-content\/uploads\/2025\/09\/Office-04-855x1024.jpg"},{"@type":"BreadcrumbList","@id":"https:\/\/zellinger-law.at\/de_de\/kooperationspartner\/#breadcrumb","itemListElement":[{"@type":"ListItem","position":1,"name":"Start","item":"https:\/\/zellinger-law.at\/de_de\/"},{"@type":"ListItem","position":2,"name":"Kooperationspartner"}]},{"@type":"WebSite","@id":"https:\/\/zellinger-law.at\/de_de\/#website","url":"https:\/\/zellinger-law.at\/de_de\/","name":"Droit de Zellinger","description":"","publisher":{"@id":"https:\/\/zellinger-law.at\/de_de\/#organization"},"potentialAction":[{"@type":"SearchAction","target":{"@type":"EntryPoint","urlTemplate":"https:\/\/zellinger-law.at\/de_de\/?s={search_term_string}"},"query-input":{"@type":"PropertyValueSpecification","valueRequired":true,"valueName":"search_term_string"}}],"inLanguage":"fr-FR"},{"@type":["Organization","Place"],"@id":"https:\/\/zellinger-law.at\/de_de\/#organization","name":"David Zellinger - Avocat","alternateName":"Rechtsanwalt \u2013 Mag. David Zellinger","url":"https:\/\/zellinger-law.at\/de_de\/","logo":{"@id":"https:\/\/zellinger-law.at\/de_de\/kooperationspartner\/#local-main-organization-logo"},"image":{"@id":"https:\/\/zellinger-law.at\/de_de\/kooperationspartner\/#local-main-organization-logo"},"sameAs":["https:\/\/www.linkedin.com\/in\/david-zellinger-248996234\/"],"telephone":[],"openingHoursSpecification":[{"@type":"OpeningHoursSpecification","dayOfWeek":["Monday","Tuesday","Wednesday","Thursday","Friday","Saturday","Sunday"],"opens":"09:00","closes":"17:00"}]},{"@type":"ImageObject","inLanguage":"fr-FR","@id":"https:\/\/zellinger-law.at\/de_de\/kooperationspartner\/#local-main-organization-logo","url":"https:\/\/zellinger-law.at\/wp-content\/uploads\/2025\/08\/ZL_WortBildmarke_RGB_Darkblue-scaled.png","contentUrl":"https:\/\/zellinger-law.at\/wp-content\/uploads\/2025\/08\/ZL_WortBildmarke_RGB_Darkblue-scaled.png","width":2560,"height":1024,"caption":"Mag. David Zellinger - Rechtsanwalt"}]}},"_links":{"self":[{"href":"https:\/\/zellinger-law.at\/fr\/wp-json\/wp\/v2\/pages\/143","targetHints":{"allow":["GET"]}}],"collection":[{"href":"https:\/\/zellinger-law.at\/fr\/wp-json\/wp\/v2\/pages"}],"about":[{"href":"https:\/\/zellinger-law.at\/fr\/wp-json\/wp\/v2\/types\/page"}],"author":[{"embeddable":true,"href":"https:\/\/zellinger-law.at\/fr\/wp-json\/wp\/v2\/users\/1"}],"replies":[{"embeddable":true,"href":"https:\/\/zellinger-law.at\/fr\/wp-json\/wp\/v2\/comments?post=143"}],"version-history":[{"count":82,"href":"https:\/\/zellinger-law.at\/fr\/wp-json\/wp\/v2\/pages\/143\/revisions"}],"predecessor-version":[{"id":2145,"href":"https:\/\/zellinger-law.at\/fr\/wp-json\/wp\/v2\/pages\/143\/revisions\/2145"}],"wp:attachment":[{"href":"https:\/\/zellinger-law.at\/fr\/wp-json\/wp\/v2\/media?parent=143"}],"curies":[{"name":"wp","href":"https:\/\/api.w.org\/{rel}","templated":true}]}}