{"id":1660,"date":"2025-09-17T15:06:17","date_gmt":"2025-09-17T15:06:17","guid":{"rendered":"https:\/\/zellinger-law.at\/zellinger-law-de\/?page_id=1660"},"modified":"2026-02-02T14:05:17","modified_gmt":"2026-02-02T14:05:17","slug":"datenschutzerklaerung","status":"publish","type":"page","link":"https:\/\/zellinger-law.at\/es\/datenschutzerklaerung\/","title":{"rendered":"Pol\u00edtica de privacidad"},"content":{"rendered":"<div data-elementor-type=\"wp-page\" data-elementor-id=\"1660\" class=\"elementor elementor-1660\" data-elementor-post-type=\"page\">\n\t\t\t\t<div class=\"elementor-element elementor-element-fe4d234 e-con-full e-flex e-con e-parent\" data-id=\"fe4d234\" data-element_type=\"container\" data-e-type=\"container\">\n\t\t\t\t<div class=\"elementor-element elementor-element-ae45750 elementor-widget elementor-widget-heading\" data-id=\"ae45750\" data-element_type=\"widget\" data-e-type=\"widget\" data-widget_type=\"heading.default\">\n\t\t\t\t\t<h2 class=\"elementor-heading-title elementor-size-default\">Pol\u00edtica de privacidad<\/h2>\t\t\t\t<\/div>\n\t\t\t\t<\/div>\n\t\t<div class=\"elementor-element elementor-element-938a195 e-con-full e-flex e-con e-parent\" data-id=\"938a195\" data-element_type=\"container\" data-e-type=\"container\">\n\t\t\t\t<div class=\"elementor-element elementor-element-5593fdc elementor-widget-divider--view-line elementor-widget elementor-widget-divider\" data-id=\"5593fdc\" data-element_type=\"widget\" data-e-type=\"widget\" data-widget_type=\"divider.default\">\n\t\t\t\t\t\t\t<div class=\"elementor-divider\">\n\t\t\t<span class=\"elementor-divider-separator\">\n\t\t\t\t\t\t<\/span>\n\t\t<\/div>\n\t\t\t\t\t\t<\/div>\n\t\t\t\t<\/div>\n\t\t<div class=\"elementor-element elementor-element-e8767f8 e-con-full e-flex e-con e-parent\" data-id=\"e8767f8\" data-element_type=\"container\" data-e-type=\"container\">\n\t\t\t\t<div class=\"elementor-element elementor-element-fb69543 elementor-widget__width-initial elementor-widget elementor-widget-text-editor\" data-id=\"fb69543\" data-element_type=\"widget\" data-e-type=\"widget\" data-widget_type=\"text-editor.default\">\n\t\t\t\t\t\t\t\t\t<div><span lang=\"DE-AT\">Estado 17\/09\/2025<\/span><\/div>\t\t\t\t\t\t\t\t<\/div>\n\t\t<div class=\"elementor-element elementor-element-3cbb2bc e-con-full e-flex e-con e-child\" data-id=\"3cbb2bc\" data-element_type=\"container\" data-e-type=\"container\">\n\t\t\t\t<div class=\"elementor-element elementor-element-d6168ee elementor-widget__width-inherit elementor-widget elementor-widget-text-editor\" data-id=\"d6168ee\" data-element_type=\"widget\" data-e-type=\"widget\" data-widget_type=\"text-editor.default\">\n\t\t\t\t\t\t\t\t\t<p style=\"font-weight: 400;\">En David Zellinger - Abogado, Josefst\u00e4dter Stra\u00dfe 11\/16, 1080 Viena (en adelante \u201eZELLINGER LAW\u201c), nos tomamos muy en serio la protecci\u00f3n de sus datos personales.<\/p><p style=\"font-weight: 400;\">ZELLINGER LAW trata sus datos personales de forma confidencial y cumple la normativa vigente en materia de protecci\u00f3n de datos, en particular la Ley de Protecci\u00f3n de Datos (DSG), el Reglamento General de Protecci\u00f3n de Datos (GDPR) y la Ley de Telecomunicaciones (TKG), as\u00ed como la presente declaraci\u00f3n de protecci\u00f3n de datos.<\/p><p style=\"font-weight: 400;\"><strong>\u00bfQu\u00e9 son los datos personales?<\/strong><\/p><p style=\"font-weight: 400;\">Los datos personales son informaci\u00f3n sobre los interesados (personas f\u00edsicas) cuya identidad est\u00e1 determinada o puede determinarse. Ejemplos de estos datos son el nombre, la fecha de nacimiento, la direcci\u00f3n, la direcci\u00f3n de correo electr\u00f3nico, el n\u00famero de tel\u00e9fono, el sexo, el n\u00famero de la seguridad social, pero tambi\u00e9n fotos, grabaciones de v\u00eddeo y datos biom\u00e9tricos como las huellas dactilares. Tambi\u00e9n pueden incluirse datos sensibles, como datos sanitarios o relacionados con procesos penales.<\/p><p style=\"font-weight: 400;\"><strong>Tratamiento y uso de datos personales<\/strong><\/p><p style=\"font-weight: 400;\">ZELLINGER LAW recopila, procesa y utiliza sus datos personales s\u00f3lo si existe una base legal para ello en virtud del GDPR o s\u00f3lo con su consentimiento o asignaci\u00f3n para los fines acordados con usted. S\u00f3lo se procesar\u00e1n los datos que sean necesarios para la prestaci\u00f3n y tramitaci\u00f3n de los servicios jur\u00eddicos o que usted haya facilitado voluntariamente a ZELLINGER LAW.<\/p><p style=\"font-weight: 400;\">Si se pone en contacto con ZELLINGER LAW a trav\u00e9s del formulario de contacto de la p\u00e1gina web, por tel\u00e9fono, correo electr\u00f3nico o fax, ZELLINGER LAW procesar\u00e1 los datos personales que nos facilite (t\u00edtulo, nombre, direcci\u00f3n de correo electr\u00f3nico, n\u00famero de tel\u00e9fono, n\u00famero de fax y, en su caso, otros datos facilitados y documentos y certificados transmitidos) con el fin de tramitar su solicitud. ZELLINGER LAW procesa estos datos para cumplir obligaciones (pre)contractuales o sobre la base de intereses leg\u00edtimos.<\/p><p style=\"font-weight: 400;\">ZELLINGER LAW desea se\u00f1alar que la transmisi\u00f3n de datos a trav\u00e9s de Internet (por ejemplo, al comunicarse por correo electr\u00f3nico) puede estar sujeta a vulnerabilidades de seguridad. Una protecci\u00f3n completa de los datos contra el acceso de terceros no es posible.<\/p><p style=\"font-weight: 400;\"><strong>Divulgaci\u00f3n de datos personales<\/strong><\/p><p style=\"font-weight: 400;\">Para cumplir con su pedido, tambi\u00e9n puede ser necesario transmitir sus datos a terceros (por ejemplo, contrapartes, sustitutos, compa\u00f1\u00edas de seguros, proveedores de servicios utilizados por ZELLINGER LAW y a los que ZELLINGER LAW pone datos a disposici\u00f3n, etc.) o a tribunales o autoridades. Sus datos s\u00f3lo se transmitir\u00e1n sobre la base del GDPR, en particular para cumplir con su pedido o sobre la base de su consentimiento previo.<\/p><p style=\"font-weight: 400;\">En el contexto de la representaci\u00f3n y el apoyo jur\u00eddicos, tambi\u00e9n es necesario regularmente obtener de terceros informaci\u00f3n sobre usted relacionada con hechos y casos. Todo ello de conformidad con la normativa pertinente en materia de protecci\u00f3n de datos.<\/p><p style=\"font-weight: 400;\"><strong>Cookies<\/strong><\/p><p style=\"font-weight: 400;\">ZELLINGER LAW utiliza la herramienta de consentimiento \u201eReal Cookie Banner\u201c para gestionar las cookies y tecnolog\u00edas similares utilizadas (p\u00edxeles de seguimiento, balizas web, etc.) y los consentimientos relacionados. Encontrar\u00e1 informaci\u00f3n detallada sobre el funcionamiento de \u201eReal Cookie Banner\u201c en <a href=\"https:\/\/devowl.io\/de\/rcb\/datenverarbeitung\">https:\/\/devowl.io\/de\/rcb\/datenverarbeitung<\/a>.<\/p><p style=\"font-weight: 400;\">La base jur\u00eddica para el tratamiento de datos personales en este contexto es el Art. 6 p\u00e1rrafo 1 lit. c GDPR y el Art. 6 p\u00e1rrafo 1 lit. f GDPR. El inter\u00e9s leg\u00edtimo es la gesti\u00f3n de las cookies y tecnolog\u00edas similares utilizadas y los consentimientos relacionados.<\/p><p style=\"font-weight: 400;\">El suministro de datos personales no se exige contractualmente ni es necesario para la celebraci\u00f3n de un contrato. Usted no est\u00e1 obligado a facilitar los datos personales. Si no facilita los datos personales, ZELLINGER LAW no podr\u00e1 gestionar sus consentimientos.<\/p><p style=\"font-weight: 400;\"><strong>Archivos de registro del servidor<\/strong><\/p><p style=\"font-weight: 400;\">Por razones de seguridad operativa, el proveedor de alojamiento recopila datos sobre el acceso al sitio web y los almacena como archivos de registro del servidor. Estos archivos de registro se almacenan durante cuatro semanas y luego se eliminan.<\/p><p style=\"font-weight: 400;\"><strong>Duraci\u00f3n del almacenamiento de datos personales<\/strong><\/p><p style=\"font-weight: 400;\">ZELLINGER LAW s\u00f3lo almacena sus datos durante el tiempo necesario para cumplir los fines mencionados y las obligaciones contractuales o legales. Si sus datos personales ya no son necesarios, se eliminar\u00e1n o se anonimizar\u00e1n de forma que ya no se le pueda identificar. ZELLINGER LAW no almacenar\u00e1 los datos durante m\u00e1s tiempo del necesario para el cumplimiento de las obligaciones contractuales o legales y para la defensa frente a reclamaciones de responsabilidad.<\/p><p style=\"font-weight: 400;\"><strong>Seguridad de los datos<\/strong><\/p><p style=\"font-weight: 400;\">La protecci\u00f3n de sus datos personales est\u00e1 garantizada por medidas de seguridad t\u00e9cnicas y organizativas adecuadas. Sin embargo, a pesar de todos los esfuerzos, no se puede descartar que la informaci\u00f3n que ZELLINGER LAW reciba de usted a trav\u00e9s de Internet pueda ser vista por terceros. Por ello, ZELLINGER LAW no puede asumir responsabilidad alguna por la divulgaci\u00f3n de informaci\u00f3n debida a errores en la transmisi\u00f3n de datos no causados por ZELLINGER LAW y\/o al acceso no autorizado por parte de terceros (por ejemplo, pirateo de la cuenta de correo electr\u00f3nico).<\/p><p style=\"font-weight: 400;\"><strong>Informaci\u00f3n, modificaci\u00f3n de datos y supresi\u00f3n<\/strong><\/p><p style=\"font-weight: 400;\">Como interesado, tiene derecho a obtener en cualquier momento informaci\u00f3n sobre los datos personales que ZELLINGER LAW procesa sobre usted.<\/p><p style=\"font-weight: 400;\">Tambi\u00e9n tiene derecho a rectificar los datos inexactos y, en determinadas circunstancias, a borrar sus datos. Si el tratamiento de datos personales se basa en su consentimiento, puede revocar su consentimiento al tratamiento de datos personales con efecto para el futuro. Tiene derecho a recibir los datos personales que nos haya facilitado en un formato estructurado, de uso com\u00fan y lectura mec\u00e1nica. Tiene la opci\u00f3n de ponerse en contacto con una autoridad supervisora de la protecci\u00f3n de datos (en Austria: la Autoridad Austriaca de Protecci\u00f3n de Datos) con cualquier queja que pueda tener.<\/p><p style=\"font-weight: 400;\">Si se produce alg\u00fan cambio en sus datos personales, le rogamos informe a ZELLINGER LAW al respecto.<\/p><p style=\"font-weight: 400;\"><strong>Sus derechos<\/strong><\/p><p style=\"font-weight: 400;\">Tiene derecho a la informaci\u00f3n, rectificaci\u00f3n, supresi\u00f3n, limitaci\u00f3n, portabilidad de datos, cancelaci\u00f3n y oposici\u00f3n. Si cree que el tratamiento de sus datos infringe la ley de protecci\u00f3n de datos o se han violado sus derechos de protecci\u00f3n de datos de cualquier otra forma, puede presentar una reclamaci\u00f3n ante la autoridad supervisora. En Austria, \u00e9sta es la autoridad de protecci\u00f3n de datos.<\/p><p style=\"font-weight: 400;\"><strong>Infracciones de datos<\/strong><\/p><p style=\"font-weight: 400;\">ZELLINGER LAW se esfuerza por reconocer las violaciones de datos en una fase temprana y, en caso necesario, por comunic\u00e1rselas a usted o a la autoridad de control responsable sin demora, incluyendo las categor\u00edas de datos afectadas en cada caso.<\/p>\t\t\t\t\t\t\t\t<\/div>\n\t\t<div class=\"elementor-element elementor-element-71b1c13 e-con-full e-flex e-con e-child\" data-id=\"71b1c13\" data-element_type=\"container\" data-e-type=\"container\">\n\t\t\t\t<div class=\"elementor-element elementor-element-0da4a72 elementor-widget elementor-widget-heading\" data-id=\"0da4a72\" data-element_type=\"widget\" data-e-type=\"widget\" data-widget_type=\"heading.default\">\n\t\t\t\t\t<h2 class=\"elementor-heading-title elementor-size-default\">Puede ponerse en contacto con nosotros a trav\u00e9s de los siguientes datos:<\/h2>\t\t\t\t<\/div>\n\t\t\t\t<div class=\"elementor-element elementor-element-8cc9b4d elementor-widget elementor-widget-heading\" data-id=\"8cc9b4d\" data-element_type=\"widget\" data-e-type=\"widget\" data-widget_type=\"heading.default\">\n\t\t\t\t\t<h2 class=\"elementor-heading-title elementor-size-default\">David Zellinger - Abogado\n<br>Josefst\u00e4dter Stra\u00dfe 11\/16<br>1080 Viena, Austria<\/h2>\t\t\t\t<\/div>\n\t\t<div class=\"elementor-element elementor-element-55f0ff8 e-con-full e-flex e-con e-child\" data-id=\"55f0ff8\" data-element_type=\"container\" data-e-type=\"container\">\n\t\t\t\t<div class=\"elementor-element elementor-element-db15c99 elementor-widget elementor-widget-heading\" data-id=\"db15c99\" data-element_type=\"widget\" data-e-type=\"widget\" data-widget_type=\"heading.default\">\n\t\t\t\t\t<h2 class=\"elementor-heading-title elementor-size-default\">Tel: (+43-1) 505 37 05 - 0<\/h2>\t\t\t\t<\/div>\n\t\t\t\t<div class=\"elementor-element elementor-element-42611c2 elementor-widget elementor-widget-heading\" data-id=\"42611c2\" data-element_type=\"widget\" data-e-type=\"widget\" data-widget_type=\"heading.default\">\n\t\t\t\t\t<h2 class=\"elementor-heading-title elementor-size-default\">M\u00f3vil: +43 670 1992299<\/h2>\t\t\t\t<\/div>\n\t\t\t\t<\/div>\n\t\t<div class=\"elementor-element elementor-element-2048b80 e-con-full e-flex e-con e-child\" data-id=\"2048b80\" data-element_type=\"container\" data-e-type=\"container\">\n\t\t\t\t<div class=\"elementor-element elementor-element-0e679c8 elementor-widget elementor-widget-heading\" data-id=\"0e679c8\" data-element_type=\"widget\" data-e-type=\"widget\" data-widget_type=\"heading.default\">\n\t\t\t\t\t<h2 class=\"elementor-heading-title elementor-size-default\"><a href=\"mailto:office@zellinger-law.at\">office@zellinger-law.at<\/a><\/h2>\t\t\t\t<\/div>\n\t\t\t\t<div class=\"elementor-element elementor-element-d74ef58 elementor-widget elementor-widget-heading\" data-id=\"d74ef58\" data-element_type=\"widget\" data-e-type=\"widget\" data-widget_type=\"heading.default\">\n\t\t\t\t\t<h2 class=\"elementor-heading-title elementor-size-default\"><a href=\"https:\/\/zellinger-law.at\/es\/\" target=\"_blank\">www.zellinger-law.at<\/a><\/h2>\t\t\t\t<\/div>\n\t\t\t\t<\/div>\n\t\t\t\t<\/div>\n\t\t\t\t<\/div>\n\t\t\t\t<\/div>\n\t\t\t\t<\/div>","protected":false},"excerpt":{"rendered":"<p>Datenschutzerkl\u00e4rung Stand 17.09.2025 Wir bei Mag. David Zellinger &#8211; Rechtsanwalt, Josefst\u00e4dter Stra\u00dfe 11\/16, 1080 Wien (im Folgenden &#8222;ZELLINGER LAW&#8220;), nehmen den Schutz Ihrer pers\u00f6nlichen Daten ernst. ZELLINGER LAW behandelt Ihre personenbezogenen Daten vertraulich und h\u00e4lt sich an die geltenden datenschutzrechtlichen Bestimmungen, insbesondere an das Datenschutzgesetz (DSG), die Datenschutzgrundverordnung (DSGVO) und das Telekommunikationsgesetz (TKG) sowie an [&hellip;]<\/p>\n","protected":false},"author":1,"featured_media":0,"parent":0,"menu_order":0,"comment_status":"closed","ping_status":"closed","template":"","meta":{"footnotes":""},"class_list":["post-1660","page","type-page","status-publish","hentry"],"yoast_head":"<!-- This site is optimized with the Yoast SEO Premium plugin v27.3 (Yoast SEO v27.4) - https:\/\/yoast.com\/product\/yoast-seo-premium-wordpress\/ -->\n<title>Datenschutzerkl\u00e4rung - Zellinger Law<\/title>\n<meta name=\"robots\" content=\"index, follow, max-snippet:-1, max-image-preview:large, max-video-preview:-1\" \/>\n<link rel=\"canonical\" href=\"https:\/\/zellinger-law.at\/es\/datenschutzerklaerung\/\" \/>\n<meta property=\"og:locale\" content=\"es_ES\" \/>\n<meta property=\"og:type\" content=\"article\" \/>\n<meta property=\"og:title\" content=\"Datenschutzerkl\u00e4rung\" \/>\n<meta property=\"og:description\" content=\"Datenschutzerkl\u00e4rung Stand 17.09.2025 Wir bei Mag. David Zellinger &#8211; Rechtsanwalt, Josefst\u00e4dter Stra\u00dfe 11\/16, 1080 Wien (im Folgenden &#8222;ZELLINGER LAW&#8220;), nehmen den Schutz Ihrer pers\u00f6nlichen Daten ernst. ZELLINGER LAW behandelt Ihre personenbezogenen Daten vertraulich und h\u00e4lt sich an die geltenden datenschutzrechtlichen Bestimmungen, insbesondere an das Datenschutzgesetz (DSG), die Datenschutzgrundverordnung (DSGVO) und das Telekommunikationsgesetz (TKG) sowie an [&hellip;]\" \/>\n<meta property=\"og:url\" content=\"https:\/\/zellinger-law.at\/es\/datenschutzerklaerung\/\" \/>\n<meta property=\"og:site_name\" content=\"Zellinger Law\" \/>\n<meta property=\"article:modified_time\" content=\"2026-02-02T14:05:17+00:00\" \/>\n<meta name=\"twitter:card\" content=\"summary_large_image\" \/>\n<meta name=\"twitter:label1\" content=\"Tiempo de lectura\" \/>\n\t<meta name=\"twitter:data1\" content=\"5 minutos\" \/>\n<script type=\"application\/ld+json\" class=\"yoast-schema-graph\">{\"@context\":\"https:\\\/\\\/schema.org\",\"@graph\":[{\"@type\":\"WebPage\",\"@id\":\"https:\\\/\\\/zellinger-law.at\\\/de_de\\\/datenschutzerklaerung\\\/\",\"url\":\"https:\\\/\\\/zellinger-law.at\\\/de_de\\\/datenschutzerklaerung\\\/\",\"name\":\"Datenschutzerkl\u00e4rung - Zellinger Law\",\"isPartOf\":{\"@id\":\"https:\\\/\\\/zellinger-law.at\\\/de_de\\\/#website\"},\"datePublished\":\"2025-09-17T15:06:17+00:00\",\"dateModified\":\"2026-02-02T14:05:17+00:00\",\"breadcrumb\":{\"@id\":\"https:\\\/\\\/zellinger-law.at\\\/de_de\\\/datenschutzerklaerung\\\/#breadcrumb\"},\"inLanguage\":\"es\",\"potentialAction\":[{\"@type\":\"ReadAction\",\"target\":[\"https:\\\/\\\/zellinger-law.at\\\/de_de\\\/datenschutzerklaerung\\\/\"]}]},{\"@type\":\"BreadcrumbList\",\"@id\":\"https:\\\/\\\/zellinger-law.at\\\/de_de\\\/datenschutzerklaerung\\\/#breadcrumb\",\"itemListElement\":[{\"@type\":\"ListItem\",\"position\":1,\"name\":\"Start\",\"item\":\"https:\\\/\\\/zellinger-law.at\\\/de_de\\\/\"},{\"@type\":\"ListItem\",\"position\":2,\"name\":\"Datenschutzerkl\u00e4rung\"}]},{\"@type\":\"WebSite\",\"@id\":\"https:\\\/\\\/zellinger-law.at\\\/de_de\\\/#website\",\"url\":\"https:\\\/\\\/zellinger-law.at\\\/de_de\\\/\",\"name\":\"Zellinger Law\",\"description\":\"\",\"publisher\":{\"@id\":\"https:\\\/\\\/zellinger-law.at\\\/de_de\\\/#organization\"},\"potentialAction\":[{\"@type\":\"SearchAction\",\"target\":{\"@type\":\"EntryPoint\",\"urlTemplate\":\"https:\\\/\\\/zellinger-law.at\\\/de_de\\\/?s={search_term_string}\"},\"query-input\":{\"@type\":\"PropertyValueSpecification\",\"valueRequired\":true,\"valueName\":\"search_term_string\"}}],\"inLanguage\":\"es\"},{\"@type\":[\"Organization\",\"Place\"],\"@id\":\"https:\\\/\\\/zellinger-law.at\\\/de_de\\\/#organization\",\"name\":\"Mag. David Zellinger - Rechtsanwalt\",\"alternateName\":\"Rechtsanwalt \u2013 Mag. David Zellinger\",\"url\":\"https:\\\/\\\/zellinger-law.at\\\/de_de\\\/\",\"logo\":{\"@id\":\"https:\\\/\\\/zellinger-law.at\\\/de_de\\\/datenschutzerklaerung\\\/#local-main-organization-logo\"},\"image\":{\"@id\":\"https:\\\/\\\/zellinger-law.at\\\/de_de\\\/datenschutzerklaerung\\\/#local-main-organization-logo\"},\"sameAs\":[\"https:\\\/\\\/www.linkedin.com\\\/in\\\/david-zellinger-248996234\\\/\"],\"telephone\":[],\"openingHoursSpecification\":[{\"@type\":\"OpeningHoursSpecification\",\"dayOfWeek\":[\"Monday\",\"Tuesday\",\"Wednesday\",\"Thursday\",\"Friday\",\"Saturday\",\"Sunday\"],\"opens\":\"09:00\",\"closes\":\"17:00\"}]},{\"@type\":\"ImageObject\",\"inLanguage\":\"es\",\"@id\":\"https:\\\/\\\/zellinger-law.at\\\/de_de\\\/datenschutzerklaerung\\\/#local-main-organization-logo\",\"url\":\"https:\\\/\\\/zellinger-law.at\\\/wp-content\\\/uploads\\\/2025\\\/08\\\/ZL_WortBildmarke_RGB_Darkblue-scaled.png\",\"contentUrl\":\"https:\\\/\\\/zellinger-law.at\\\/wp-content\\\/uploads\\\/2025\\\/08\\\/ZL_WortBildmarke_RGB_Darkblue-scaled.png\",\"width\":2560,\"height\":1024,\"caption\":\"Mag. David Zellinger - Rechtsanwalt\"}]}<\/script>\n<!-- \/ Yoast SEO Premium plugin. -->","yoast_head_json":{"title":"Datenschutzerkl\u00e4rung - Zellinger Law","robots":{"index":"index","follow":"follow","max-snippet":"max-snippet:-1","max-image-preview":"max-image-preview:large","max-video-preview":"max-video-preview:-1"},"canonical":"https:\/\/zellinger-law.at\/es\/datenschutzerklaerung\/","og_locale":"es_ES","og_type":"article","og_title":"Datenschutzerkl\u00e4rung","og_description":"Datenschutzerkl\u00e4rung Stand 17.09.2025 Wir bei Mag. David Zellinger &#8211; Rechtsanwalt, Josefst\u00e4dter Stra\u00dfe 11\/16, 1080 Wien (im Folgenden &#8222;ZELLINGER LAW&#8220;), nehmen den Schutz Ihrer pers\u00f6nlichen Daten ernst. ZELLINGER LAW behandelt Ihre personenbezogenen Daten vertraulich und h\u00e4lt sich an die geltenden datenschutzrechtlichen Bestimmungen, insbesondere an das Datenschutzgesetz (DSG), die Datenschutzgrundverordnung (DSGVO) und das Telekommunikationsgesetz (TKG) sowie an [&hellip;]","og_url":"https:\/\/zellinger-law.at\/es\/datenschutzerklaerung\/","og_site_name":"Zellinger Law","article_modified_time":"2026-02-02T14:05:17+00:00","twitter_card":"summary_large_image","twitter_misc":{"Tiempo de lectura":"5 minutos"},"schema":{"@context":"https:\/\/schema.org","@graph":[{"@type":"WebPage","@id":"https:\/\/zellinger-law.at\/de_de\/datenschutzerklaerung\/","url":"https:\/\/zellinger-law.at\/de_de\/datenschutzerklaerung\/","name":"Datenschutzerkl\u00e4rung - Zellinger Law","isPartOf":{"@id":"https:\/\/zellinger-law.at\/de_de\/#website"},"datePublished":"2025-09-17T15:06:17+00:00","dateModified":"2026-02-02T14:05:17+00:00","breadcrumb":{"@id":"https:\/\/zellinger-law.at\/de_de\/datenschutzerklaerung\/#breadcrumb"},"inLanguage":"es","potentialAction":[{"@type":"ReadAction","target":["https:\/\/zellinger-law.at\/de_de\/datenschutzerklaerung\/"]}]},{"@type":"BreadcrumbList","@id":"https:\/\/zellinger-law.at\/de_de\/datenschutzerklaerung\/#breadcrumb","itemListElement":[{"@type":"ListItem","position":1,"name":"Start","item":"https:\/\/zellinger-law.at\/de_de\/"},{"@type":"ListItem","position":2,"name":"Datenschutzerkl\u00e4rung"}]},{"@type":"WebSite","@id":"https:\/\/zellinger-law.at\/de_de\/#website","url":"https:\/\/zellinger-law.at\/de_de\/","name":"Ley Zellinger","description":"","publisher":{"@id":"https:\/\/zellinger-law.at\/de_de\/#organization"},"potentialAction":[{"@type":"SearchAction","target":{"@type":"EntryPoint","urlTemplate":"https:\/\/zellinger-law.at\/de_de\/?s={search_term_string}"},"query-input":{"@type":"PropertyValueSpecification","valueRequired":true,"valueName":"search_term_string"}}],"inLanguage":"es"},{"@type":["Organization","Place"],"@id":"https:\/\/zellinger-law.at\/de_de\/#organization","name":"David Zellinger - Abogado","alternateName":"Rechtsanwalt \u2013 Mag. David Zellinger","url":"https:\/\/zellinger-law.at\/de_de\/","logo":{"@id":"https:\/\/zellinger-law.at\/de_de\/datenschutzerklaerung\/#local-main-organization-logo"},"image":{"@id":"https:\/\/zellinger-law.at\/de_de\/datenschutzerklaerung\/#local-main-organization-logo"},"sameAs":["https:\/\/www.linkedin.com\/in\/david-zellinger-248996234\/"],"telephone":[],"openingHoursSpecification":[{"@type":"OpeningHoursSpecification","dayOfWeek":["Monday","Tuesday","Wednesday","Thursday","Friday","Saturday","Sunday"],"opens":"09:00","closes":"17:00"}]},{"@type":"ImageObject","inLanguage":"es","@id":"https:\/\/zellinger-law.at\/de_de\/datenschutzerklaerung\/#local-main-organization-logo","url":"https:\/\/zellinger-law.at\/wp-content\/uploads\/2025\/08\/ZL_WortBildmarke_RGB_Darkblue-scaled.png","contentUrl":"https:\/\/zellinger-law.at\/wp-content\/uploads\/2025\/08\/ZL_WortBildmarke_RGB_Darkblue-scaled.png","width":2560,"height":1024,"caption":"Mag. David Zellinger - Rechtsanwalt"}]}},"_links":{"self":[{"href":"https:\/\/zellinger-law.at\/es\/wp-json\/wp\/v2\/pages\/1660","targetHints":{"allow":["GET"]}}],"collection":[{"href":"https:\/\/zellinger-law.at\/es\/wp-json\/wp\/v2\/pages"}],"about":[{"href":"https:\/\/zellinger-law.at\/es\/wp-json\/wp\/v2\/types\/page"}],"author":[{"embeddable":true,"href":"https:\/\/zellinger-law.at\/es\/wp-json\/wp\/v2\/users\/1"}],"replies":[{"embeddable":true,"href":"https:\/\/zellinger-law.at\/es\/wp-json\/wp\/v2\/comments?post=1660"}],"version-history":[{"count":10,"href":"https:\/\/zellinger-law.at\/es\/wp-json\/wp\/v2\/pages\/1660\/revisions"}],"predecessor-version":[{"id":2081,"href":"https:\/\/zellinger-law.at\/es\/wp-json\/wp\/v2\/pages\/1660\/revisions\/2081"}],"wp:attachment":[{"href":"https:\/\/zellinger-law.at\/es\/wp-json\/wp\/v2\/media?parent=1660"}],"curies":[{"name":"wp","href":"https:\/\/api.w.org\/{rel}","templated":true}]}}