{"id":1660,"date":"2025-09-17T15:06:17","date_gmt":"2025-09-17T15:06:17","guid":{"rendered":"https:\/\/zellinger-law.at\/zellinger-law-de\/?page_id=1660"},"modified":"2026-02-02T14:05:17","modified_gmt":"2026-02-02T14:05:17","slug":"datenschutzerklaerung","status":"publish","type":"page","link":"https:\/\/zellinger-law.at\/en\/datenschutzerklaerung\/","title":{"rendered":"Privacy policy"},"content":{"rendered":"<div data-elementor-type=\"wp-page\" data-elementor-id=\"1660\" class=\"elementor elementor-1660\" data-elementor-post-type=\"page\">\n\t\t\t\t<div class=\"elementor-element elementor-element-fe4d234 e-con-full e-flex e-con e-parent\" data-id=\"fe4d234\" data-element_type=\"container\" data-e-type=\"container\">\n\t\t\t\t<div class=\"elementor-element elementor-element-ae45750 elementor-widget elementor-widget-heading\" data-id=\"ae45750\" data-element_type=\"widget\" data-e-type=\"widget\" data-widget_type=\"heading.default\">\n\t\t\t\t\t<h2 class=\"elementor-heading-title elementor-size-default\">Privacy policy<\/h2>\t\t\t\t<\/div>\n\t\t\t\t<\/div>\n\t\t<div class=\"elementor-element elementor-element-938a195 e-con-full e-flex e-con e-parent\" data-id=\"938a195\" data-element_type=\"container\" data-e-type=\"container\">\n\t\t\t\t<div class=\"elementor-element elementor-element-5593fdc elementor-widget-divider--view-line elementor-widget elementor-widget-divider\" data-id=\"5593fdc\" data-element_type=\"widget\" data-e-type=\"widget\" data-widget_type=\"divider.default\">\n\t\t\t\t\t\t\t<div class=\"elementor-divider\">\n\t\t\t<span class=\"elementor-divider-separator\">\n\t\t\t\t\t\t<\/span>\n\t\t<\/div>\n\t\t\t\t\t\t<\/div>\n\t\t\t\t<\/div>\n\t\t<div class=\"elementor-element elementor-element-e8767f8 e-con-full e-flex e-con e-parent\" data-id=\"e8767f8\" data-element_type=\"container\" data-e-type=\"container\">\n\t\t\t\t<div class=\"elementor-element elementor-element-fb69543 elementor-widget__width-initial elementor-widget elementor-widget-text-editor\" data-id=\"fb69543\" data-element_type=\"widget\" data-e-type=\"widget\" data-widget_type=\"text-editor.default\">\n\t\t\t\t\t\t\t\t\t<div><span lang=\"DE-AT\">Status 17\/09\/2025<\/span><\/div>\t\t\t\t\t\t\t\t<\/div>\n\t\t<div class=\"elementor-element elementor-element-3cbb2bc e-con-full e-flex e-con e-child\" data-id=\"3cbb2bc\" data-element_type=\"container\" data-e-type=\"container\">\n\t\t\t\t<div class=\"elementor-element elementor-element-d6168ee elementor-widget__width-inherit elementor-widget elementor-widget-text-editor\" data-id=\"d6168ee\" data-element_type=\"widget\" data-e-type=\"widget\" data-widget_type=\"text-editor.default\">\n\t\t\t\t\t\t\t\t\t<p style=\"font-weight: 400;\">We at David Zellinger - Attorney at Law, Josefst\u00e4dter Stra\u00dfe 11\/16, 1080 Vienna (hereinafter \u201eZELLINGER LAW\u201c), take the protection of your personal data seriously.<\/p><p style=\"font-weight: 400;\">ZELLINGER LAW treats your personal data confidentially and complies with the applicable data protection regulations, in particular the Data Protection Act (DSG), the General Data Protection Regulation (GDPR) and the Telecommunications Act (TKG) as well as this data protection declaration.<\/p><p style=\"font-weight: 400;\"><strong>What is personal data?<\/strong><\/p><p style=\"font-weight: 400;\">Personal data is information about data subjects (natural persons) whose identity is determined or can be determined. Examples of such data are name, date of birth, address, email address, telephone number, gender, national insurance number, but also photos, video recordings and biometric data such as fingerprints. Sensitive data, such as health data or data in connection with criminal proceedings, can also be included.<\/p><p style=\"font-weight: 400;\"><strong>Processing and use of personal data<\/strong><\/p><p style=\"font-weight: 400;\">ZELLINGER LAW collects, processes and uses your personal data only if there is a legal basis for this under the GDPR or only with your consent or assignment for the purposes agreed with you. Only data that is necessary for the performance and processing of legal services or that you have voluntarily provided to ZELLINGER LAW will be processed.<\/p><p style=\"font-weight: 400;\">If you contact ZELLINGER LAW via the contact form on the website, by telephone, e-mail or fax, ZELLINGER LAW will process the personal data you provide (title, name, e-mail address, telephone number, fax number and, if applicable, other data provided and documents and certificates transmitted) for the purpose of processing your request. ZELLINGER LAW processes this data to fulfil (pre-)contractual obligations or on the basis of legitimate interests.<\/p><p style=\"font-weight: 400;\">ZELLINGER LAW would like to point out that data transmission over the Internet (e.g. when communicating by e-mail) may be subject to security vulnerabilities. Complete protection of data against access by third parties is not possible.<\/p><p style=\"font-weight: 400;\"><strong>Disclosure of personal data<\/strong><\/p><p style=\"font-weight: 400;\">In order to fulfil your order, it may also be necessary to pass on your data to third parties (e.g. counterparties, substitutes, insurance companies, service providers used by ZELLINGER LAW and to whom ZELLINGER LAW makes data available, etc.) or to courts or authorities. Your data will only be passed on on the basis of the GDPR, in particular to fulfil your order or on the basis of your prior consent.<\/p><p style=\"font-weight: 400;\">In the context of legal representation and support, it is also regularly necessary to obtain factual and case-related information from you from third parties. All of this is done in accordance with the relevant data protection regulations.<\/p><p style=\"font-weight: 400;\"><strong>Cookies<\/strong><\/p><p style=\"font-weight: 400;\">ZELLINGER LAW uses the \u201eReal Cookie Banner\u201c consent tool to manage the cookies and similar technologies used (tracking pixels, web beacons, etc.) and related consents. Details on how \u201eReal Cookie Banner\u201c works can be found at <a href=\"https:\/\/devowl.io\/de\/rcb\/datenverarbeitung\">https:\/\/devowl.io\/de\/rcb\/datenverarbeitung<\/a>.<\/p><p style=\"font-weight: 400;\">The legal basis for the processing of personal data in this context is Art. 6 para. 1 lit. c GDPR and Art. 6 para. 1 lit. f GDPR. The legitimate interest is the management of the cookies and similar technologies used and the related consents.<\/p><p style=\"font-weight: 400;\">The provision of personal data is neither contractually required nor necessary for the conclusion of a contract. You are not obliged to provide the personal data. If you do not provide the personal data, ZELLINGER LAW will not be able to manage your consents.<\/p><p style=\"font-weight: 400;\"><strong>Server log files<\/strong><\/p><p style=\"font-weight: 400;\">For reasons of operational security, the hosting provider collects data about access to the website and stores it as server log files. These log files are stored for four weeks and then deleted.<\/p><p style=\"font-weight: 400;\"><strong>Duration of storage of personal data<\/strong><\/p><p style=\"font-weight: 400;\">ZELLINGER LAW only stores your data for as long as it is required to fulfil the aforementioned purposes and contractual or legal obligations. If your personal data is no longer required, it will be deleted or anonymised so that you can no longer be identified. ZELLINGER LAW will not store the data for longer than is necessary for the fulfilment of contractual or legal obligations and for the defence against liability claims.<\/p><p style=\"font-weight: 400;\"><strong>Data security<\/strong><\/p><p style=\"font-weight: 400;\">The protection of your personal data is guaranteed by appropriate technical and organisational security measures. Despite all efforts, however, it cannot be ruled out that information that ZELLINGER LAW receives from you via the Internet may be viewed by third parties. ZELLINGER LAW can therefore accept no liability whatsoever for the disclosure of information due to errors in data transmission not caused by ZELLINGER LAW and\/or unauthorised access by third parties (e.g. hacking of the e-mail account).<\/p><p style=\"font-weight: 400;\"><strong>Information, modification of data and deletion<\/strong><\/p><p style=\"font-weight: 400;\">As a data subject, you have the right to obtain information about the personal data processed by ZELLINGER LAW about you at any time.<\/p><p style=\"font-weight: 400;\">You also have the right to rectify inaccurate data and, under certain circumstances, to erase your data. If the processing of personal data is based on your consent, you can revoke your consent to the processing of personal data with effect for the future. You have the right to receive the personal data you have provided to us in a structured, commonly used and machine-readable format. You have the option of contacting a data protection supervisory authority (in Austria: Austrian Data Protection Authority) with any complaints you may have.<\/p><p style=\"font-weight: 400;\">If there are any changes to your personal data, please inform ZELLINGER LAW accordingly.<\/p><p style=\"font-weight: 400;\"><strong>Your rights<\/strong><\/p><p style=\"font-weight: 400;\">You have the right to information, rectification, erasure, restriction, data portability, cancellation and objection. If you believe that the processing of your data violates data protection law or your data protection claims have been violated in any other way, you can lodge a complaint with the supervisory authority. In Austria, this is the data protection authority.<\/p><p style=\"font-weight: 400;\"><strong>Data breaches<\/strong><\/p><p style=\"font-weight: 400;\">ZELLINGER LAW endeavours to recognise data breaches at an early stage and, if necessary, to report them to you or the responsible supervisory authority without delay, including the categories of data affected in each case.<\/p>\t\t\t\t\t\t\t\t<\/div>\n\t\t<div class=\"elementor-element elementor-element-71b1c13 e-con-full e-flex e-con e-child\" data-id=\"71b1c13\" data-element_type=\"container\" data-e-type=\"container\">\n\t\t\t\t<div class=\"elementor-element elementor-element-0da4a72 elementor-widget elementor-widget-heading\" data-id=\"0da4a72\" data-element_type=\"widget\" data-e-type=\"widget\" data-widget_type=\"heading.default\">\n\t\t\t\t\t<h2 class=\"elementor-heading-title elementor-size-default\">You can reach us using the following contact details:<\/h2>\t\t\t\t<\/div>\n\t\t\t\t<div class=\"elementor-element elementor-element-8cc9b4d elementor-widget elementor-widget-heading\" data-id=\"8cc9b4d\" data-element_type=\"widget\" data-e-type=\"widget\" data-widget_type=\"heading.default\">\n\t\t\t\t\t<h2 class=\"elementor-heading-title elementor-size-default\">David Zellinger - Attorney at Law\n<br>Josefst\u00e4dter Stra\u00dfe 11\/16<br>1080 Vienna, Austria<\/h2>\t\t\t\t<\/div>\n\t\t<div class=\"elementor-element elementor-element-55f0ff8 e-con-full e-flex e-con e-child\" data-id=\"55f0ff8\" data-element_type=\"container\" data-e-type=\"container\">\n\t\t\t\t<div class=\"elementor-element elementor-element-db15c99 elementor-widget elementor-widget-heading\" data-id=\"db15c99\" data-element_type=\"widget\" data-e-type=\"widget\" data-widget_type=\"heading.default\">\n\t\t\t\t\t<h2 class=\"elementor-heading-title elementor-size-default\">Tel: (+43-1) 505 37 05 - 0<\/h2>\t\t\t\t<\/div>\n\t\t\t\t<div class=\"elementor-element elementor-element-42611c2 elementor-widget elementor-widget-heading\" data-id=\"42611c2\" data-element_type=\"widget\" data-e-type=\"widget\" data-widget_type=\"heading.default\">\n\t\t\t\t\t<h2 class=\"elementor-heading-title elementor-size-default\">Mobile: +43 670 1992299<\/h2>\t\t\t\t<\/div>\n\t\t\t\t<\/div>\n\t\t<div class=\"elementor-element elementor-element-2048b80 e-con-full e-flex e-con e-child\" data-id=\"2048b80\" data-element_type=\"container\" data-e-type=\"container\">\n\t\t\t\t<div class=\"elementor-element elementor-element-0e679c8 elementor-widget elementor-widget-heading\" data-id=\"0e679c8\" data-element_type=\"widget\" data-e-type=\"widget\" data-widget_type=\"heading.default\">\n\t\t\t\t\t<h2 class=\"elementor-heading-title elementor-size-default\"><a href=\"mailto:office@zellinger-law.at\">office@zellinger-law.at<\/a><\/h2>\t\t\t\t<\/div>\n\t\t\t\t<div class=\"elementor-element elementor-element-d74ef58 elementor-widget elementor-widget-heading\" data-id=\"d74ef58\" data-element_type=\"widget\" data-e-type=\"widget\" data-widget_type=\"heading.default\">\n\t\t\t\t\t<h2 class=\"elementor-heading-title elementor-size-default\"><a href=\"https:\/\/zellinger-law.at\/en\/\" target=\"_blank\">www.zellinger-law.at<\/a><\/h2>\t\t\t\t<\/div>\n\t\t\t\t<\/div>\n\t\t\t\t<\/div>\n\t\t\t\t<\/div>\n\t\t\t\t<\/div>\n\t\t\t\t<\/div>","protected":false},"excerpt":{"rendered":"<p>Datenschutzerkl\u00e4rung Stand 17.09.2025 Wir bei Mag. David Zellinger &#8211; Rechtsanwalt, Josefst\u00e4dter Stra\u00dfe 11\/16, 1080 Wien (im Folgenden &#8222;ZELLINGER LAW&#8220;), nehmen den Schutz Ihrer pers\u00f6nlichen Daten ernst. ZELLINGER LAW behandelt Ihre personenbezogenen Daten vertraulich und h\u00e4lt sich an die geltenden datenschutzrechtlichen Bestimmungen, insbesondere an das Datenschutzgesetz (DSG), die Datenschutzgrundverordnung (DSGVO) und das Telekommunikationsgesetz (TKG) sowie an [&hellip;]<\/p>\n","protected":false},"author":1,"featured_media":0,"parent":0,"menu_order":0,"comment_status":"closed","ping_status":"closed","template":"","meta":{"footnotes":""},"class_list":["post-1660","page","type-page","status-publish","hentry"],"yoast_head":"<!-- This site is optimized with the Yoast SEO Premium plugin v27.3 (Yoast SEO v27.4) - https:\/\/yoast.com\/product\/yoast-seo-premium-wordpress\/ -->\n<title>Datenschutzerkl\u00e4rung - Zellinger Law<\/title>\n<meta name=\"robots\" content=\"index, follow, max-snippet:-1, max-image-preview:large, max-video-preview:-1\" \/>\n<link rel=\"canonical\" href=\"https:\/\/zellinger-law.at\/en\/datenschutzerklaerung\/\" \/>\n<meta property=\"og:locale\" content=\"en_GB\" \/>\n<meta property=\"og:type\" content=\"article\" \/>\n<meta property=\"og:title\" content=\"Datenschutzerkl\u00e4rung\" \/>\n<meta property=\"og:description\" content=\"Datenschutzerkl\u00e4rung Stand 17.09.2025 Wir bei Mag. David Zellinger &#8211; Rechtsanwalt, Josefst\u00e4dter Stra\u00dfe 11\/16, 1080 Wien (im Folgenden &#8222;ZELLINGER LAW&#8220;), nehmen den Schutz Ihrer pers\u00f6nlichen Daten ernst. ZELLINGER LAW behandelt Ihre personenbezogenen Daten vertraulich und h\u00e4lt sich an die geltenden datenschutzrechtlichen Bestimmungen, insbesondere an das Datenschutzgesetz (DSG), die Datenschutzgrundverordnung (DSGVO) und das Telekommunikationsgesetz (TKG) sowie an [&hellip;]\" \/>\n<meta property=\"og:url\" content=\"https:\/\/zellinger-law.at\/en\/datenschutzerklaerung\/\" \/>\n<meta property=\"og:site_name\" content=\"Zellinger Law\" \/>\n<meta property=\"article:modified_time\" content=\"2026-02-02T14:05:17+00:00\" \/>\n<meta name=\"twitter:card\" content=\"summary_large_image\" \/>\n<meta name=\"twitter:label1\" content=\"Estimated reading time\" \/>\n\t<meta name=\"twitter:data1\" content=\"5 minutes\" \/>\n<script type=\"application\/ld+json\" class=\"yoast-schema-graph\">{\"@context\":\"https:\\\/\\\/schema.org\",\"@graph\":[{\"@type\":\"WebPage\",\"@id\":\"https:\\\/\\\/zellinger-law.at\\\/de_de\\\/datenschutzerklaerung\\\/\",\"url\":\"https:\\\/\\\/zellinger-law.at\\\/de_de\\\/datenschutzerklaerung\\\/\",\"name\":\"Datenschutzerkl\u00e4rung - Zellinger Law\",\"isPartOf\":{\"@id\":\"https:\\\/\\\/zellinger-law.at\\\/de_de\\\/#website\"},\"datePublished\":\"2025-09-17T15:06:17+00:00\",\"dateModified\":\"2026-02-02T14:05:17+00:00\",\"breadcrumb\":{\"@id\":\"https:\\\/\\\/zellinger-law.at\\\/de_de\\\/datenschutzerklaerung\\\/#breadcrumb\"},\"inLanguage\":\"en-GB\",\"potentialAction\":[{\"@type\":\"ReadAction\",\"target\":[\"https:\\\/\\\/zellinger-law.at\\\/de_de\\\/datenschutzerklaerung\\\/\"]}]},{\"@type\":\"BreadcrumbList\",\"@id\":\"https:\\\/\\\/zellinger-law.at\\\/de_de\\\/datenschutzerklaerung\\\/#breadcrumb\",\"itemListElement\":[{\"@type\":\"ListItem\",\"position\":1,\"name\":\"Start\",\"item\":\"https:\\\/\\\/zellinger-law.at\\\/de_de\\\/\"},{\"@type\":\"ListItem\",\"position\":2,\"name\":\"Datenschutzerkl\u00e4rung\"}]},{\"@type\":\"WebSite\",\"@id\":\"https:\\\/\\\/zellinger-law.at\\\/de_de\\\/#website\",\"url\":\"https:\\\/\\\/zellinger-law.at\\\/de_de\\\/\",\"name\":\"Zellinger Law\",\"description\":\"\",\"publisher\":{\"@id\":\"https:\\\/\\\/zellinger-law.at\\\/de_de\\\/#organization\"},\"potentialAction\":[{\"@type\":\"SearchAction\",\"target\":{\"@type\":\"EntryPoint\",\"urlTemplate\":\"https:\\\/\\\/zellinger-law.at\\\/de_de\\\/?s={search_term_string}\"},\"query-input\":{\"@type\":\"PropertyValueSpecification\",\"valueRequired\":true,\"valueName\":\"search_term_string\"}}],\"inLanguage\":\"en-GB\"},{\"@type\":[\"Organization\",\"Place\"],\"@id\":\"https:\\\/\\\/zellinger-law.at\\\/de_de\\\/#organization\",\"name\":\"Mag. David Zellinger - Rechtsanwalt\",\"alternateName\":\"Rechtsanwalt \u2013 Mag. David Zellinger\",\"url\":\"https:\\\/\\\/zellinger-law.at\\\/de_de\\\/\",\"logo\":{\"@id\":\"https:\\\/\\\/zellinger-law.at\\\/de_de\\\/datenschutzerklaerung\\\/#local-main-organization-logo\"},\"image\":{\"@id\":\"https:\\\/\\\/zellinger-law.at\\\/de_de\\\/datenschutzerklaerung\\\/#local-main-organization-logo\"},\"sameAs\":[\"https:\\\/\\\/www.linkedin.com\\\/in\\\/david-zellinger-248996234\\\/\"],\"telephone\":[],\"openingHoursSpecification\":[{\"@type\":\"OpeningHoursSpecification\",\"dayOfWeek\":[\"Monday\",\"Tuesday\",\"Wednesday\",\"Thursday\",\"Friday\",\"Saturday\",\"Sunday\"],\"opens\":\"09:00\",\"closes\":\"17:00\"}]},{\"@type\":\"ImageObject\",\"inLanguage\":\"en-GB\",\"@id\":\"https:\\\/\\\/zellinger-law.at\\\/de_de\\\/datenschutzerklaerung\\\/#local-main-organization-logo\",\"url\":\"https:\\\/\\\/zellinger-law.at\\\/wp-content\\\/uploads\\\/2025\\\/08\\\/ZL_WortBildmarke_RGB_Darkblue-scaled.png\",\"contentUrl\":\"https:\\\/\\\/zellinger-law.at\\\/wp-content\\\/uploads\\\/2025\\\/08\\\/ZL_WortBildmarke_RGB_Darkblue-scaled.png\",\"width\":2560,\"height\":1024,\"caption\":\"Mag. David Zellinger - Rechtsanwalt\"}]}<\/script>\n<!-- \/ Yoast SEO Premium plugin. -->","yoast_head_json":{"title":"Datenschutzerkl\u00e4rung - Zellinger Law","robots":{"index":"index","follow":"follow","max-snippet":"max-snippet:-1","max-image-preview":"max-image-preview:large","max-video-preview":"max-video-preview:-1"},"canonical":"https:\/\/zellinger-law.at\/en\/datenschutzerklaerung\/","og_locale":"en_GB","og_type":"article","og_title":"Datenschutzerkl\u00e4rung","og_description":"Datenschutzerkl\u00e4rung Stand 17.09.2025 Wir bei Mag. David Zellinger &#8211; Rechtsanwalt, Josefst\u00e4dter Stra\u00dfe 11\/16, 1080 Wien (im Folgenden &#8222;ZELLINGER LAW&#8220;), nehmen den Schutz Ihrer pers\u00f6nlichen Daten ernst. ZELLINGER LAW behandelt Ihre personenbezogenen Daten vertraulich und h\u00e4lt sich an die geltenden datenschutzrechtlichen Bestimmungen, insbesondere an das Datenschutzgesetz (DSG), die Datenschutzgrundverordnung (DSGVO) und das Telekommunikationsgesetz (TKG) sowie an [&hellip;]","og_url":"https:\/\/zellinger-law.at\/en\/datenschutzerklaerung\/","og_site_name":"Zellinger Law","article_modified_time":"2026-02-02T14:05:17+00:00","twitter_card":"summary_large_image","twitter_misc":{"Estimated reading time":"5 minutes"},"schema":{"@context":"https:\/\/schema.org","@graph":[{"@type":"WebPage","@id":"https:\/\/zellinger-law.at\/de_de\/datenschutzerklaerung\/","url":"https:\/\/zellinger-law.at\/de_de\/datenschutzerklaerung\/","name":"Datenschutzerkl\u00e4rung - Zellinger Law","isPartOf":{"@id":"https:\/\/zellinger-law.at\/de_de\/#website"},"datePublished":"2025-09-17T15:06:17+00:00","dateModified":"2026-02-02T14:05:17+00:00","breadcrumb":{"@id":"https:\/\/zellinger-law.at\/de_de\/datenschutzerklaerung\/#breadcrumb"},"inLanguage":"en-GB","potentialAction":[{"@type":"ReadAction","target":["https:\/\/zellinger-law.at\/de_de\/datenschutzerklaerung\/"]}]},{"@type":"BreadcrumbList","@id":"https:\/\/zellinger-law.at\/de_de\/datenschutzerklaerung\/#breadcrumb","itemListElement":[{"@type":"ListItem","position":1,"name":"Start","item":"https:\/\/zellinger-law.at\/de_de\/"},{"@type":"ListItem","position":2,"name":"Datenschutzerkl\u00e4rung"}]},{"@type":"WebSite","@id":"https:\/\/zellinger-law.at\/de_de\/#website","url":"https:\/\/zellinger-law.at\/de_de\/","name":"Zellinger Law","description":"","publisher":{"@id":"https:\/\/zellinger-law.at\/de_de\/#organization"},"potentialAction":[{"@type":"SearchAction","target":{"@type":"EntryPoint","urlTemplate":"https:\/\/zellinger-law.at\/de_de\/?s={search_term_string}"},"query-input":{"@type":"PropertyValueSpecification","valueRequired":true,"valueName":"search_term_string"}}],"inLanguage":"en-GB"},{"@type":["Organization","Place"],"@id":"https:\/\/zellinger-law.at\/de_de\/#organization","name":"David Zellinger - Attorney at Law","alternateName":"Rechtsanwalt \u2013 Mag. David Zellinger","url":"https:\/\/zellinger-law.at\/de_de\/","logo":{"@id":"https:\/\/zellinger-law.at\/de_de\/datenschutzerklaerung\/#local-main-organization-logo"},"image":{"@id":"https:\/\/zellinger-law.at\/de_de\/datenschutzerklaerung\/#local-main-organization-logo"},"sameAs":["https:\/\/www.linkedin.com\/in\/david-zellinger-248996234\/"],"telephone":[],"openingHoursSpecification":[{"@type":"OpeningHoursSpecification","dayOfWeek":["Monday","Tuesday","Wednesday","Thursday","Friday","Saturday","Sunday"],"opens":"09:00","closes":"17:00"}]},{"@type":"ImageObject","inLanguage":"en-GB","@id":"https:\/\/zellinger-law.at\/de_de\/datenschutzerklaerung\/#local-main-organization-logo","url":"https:\/\/zellinger-law.at\/wp-content\/uploads\/2025\/08\/ZL_WortBildmarke_RGB_Darkblue-scaled.png","contentUrl":"https:\/\/zellinger-law.at\/wp-content\/uploads\/2025\/08\/ZL_WortBildmarke_RGB_Darkblue-scaled.png","width":2560,"height":1024,"caption":"Mag. David Zellinger - Rechtsanwalt"}]}},"_links":{"self":[{"href":"https:\/\/zellinger-law.at\/en\/wp-json\/wp\/v2\/pages\/1660","targetHints":{"allow":["GET"]}}],"collection":[{"href":"https:\/\/zellinger-law.at\/en\/wp-json\/wp\/v2\/pages"}],"about":[{"href":"https:\/\/zellinger-law.at\/en\/wp-json\/wp\/v2\/types\/page"}],"author":[{"embeddable":true,"href":"https:\/\/zellinger-law.at\/en\/wp-json\/wp\/v2\/users\/1"}],"replies":[{"embeddable":true,"href":"https:\/\/zellinger-law.at\/en\/wp-json\/wp\/v2\/comments?post=1660"}],"version-history":[{"count":10,"href":"https:\/\/zellinger-law.at\/en\/wp-json\/wp\/v2\/pages\/1660\/revisions"}],"predecessor-version":[{"id":2081,"href":"https:\/\/zellinger-law.at\/en\/wp-json\/wp\/v2\/pages\/1660\/revisions\/2081"}],"wp:attachment":[{"href":"https:\/\/zellinger-law.at\/en\/wp-json\/wp\/v2\/media?parent=1660"}],"curies":[{"name":"wp","href":"https:\/\/api.w.org\/{rel}","templated":true}]}}