{"id":928,"date":"2025-09-15T17:34:24","date_gmt":"2025-09-15T17:34:24","guid":{"rendered":"https:\/\/zellinger-law.at\/zellinger-law-de\/?page_id=928"},"modified":"2025-09-17T15:36:45","modified_gmt":"2025-09-17T15:36:45","slug":"impressum","status":"publish","type":"page","link":"https:\/\/zellinger-law.at\/de_de\/impressum\/","title":{"rendered":"Impressum"},"content":{"rendered":"\t\t<div data-elementor-type=\"wp-page\" data-elementor-id=\"928\" class=\"elementor elementor-928\" data-elementor-post-type=\"page\">\n\t\t\t\t<div class=\"elementor-element elementor-element-49e4460 e-con-full e-flex e-con e-parent\" data-id=\"49e4460\" data-element_type=\"container\" data-e-type=\"container\">\n\t\t\t\t<div class=\"elementor-element elementor-element-c74ba79 elementor-widget elementor-widget-heading\" data-id=\"c74ba79\" data-element_type=\"widget\" data-e-type=\"widget\" data-widget_type=\"heading.default\">\n\t\t\t\t\t<h2 class=\"elementor-heading-title elementor-size-default\">Impressum<\/h2>\t\t\t\t<\/div>\n\t\t\t\t<\/div>\n\t\t<div class=\"elementor-element elementor-element-f0d00e5 e-con-full e-flex e-con e-parent\" data-id=\"f0d00e5\" data-element_type=\"container\" data-e-type=\"container\">\n\t\t\t\t<div class=\"elementor-element elementor-element-716caef elementor-widget-divider--view-line elementor-widget elementor-widget-divider\" data-id=\"716caef\" data-element_type=\"widget\" data-e-type=\"widget\" data-widget_type=\"divider.default\">\n\t\t\t\t\t\t\t<div class=\"elementor-divider\">\n\t\t\t<span class=\"elementor-divider-separator\">\n\t\t\t\t\t\t<\/span>\n\t\t<\/div>\n\t\t\t\t\t\t<\/div>\n\t\t\t\t<\/div>\n\t\t<div class=\"elementor-element elementor-element-20dcc8e e-con-full e-flex e-con e-parent\" data-id=\"20dcc8e\" data-element_type=\"container\" data-e-type=\"container\">\n\t\t<div class=\"elementor-element elementor-element-3b5bbf2 e-con-full e-flex e-con e-child\" data-id=\"3b5bbf2\" data-element_type=\"container\" data-e-type=\"container\">\n\t\t\t\t<div class=\"elementor-element elementor-element-2468d4b elementor-widget elementor-widget-heading\" data-id=\"2468d4b\" data-element_type=\"widget\" data-e-type=\"widget\" data-widget_type=\"heading.default\">\n\t\t\t\t\t<h2 class=\"elementor-heading-title elementor-size-default\">Mag. David Zellinger - Rechtsanwalt<br>Josefst\u00e4dter Stra\u00dfe 11\/16\u2028<br>1080 Vienna, Austria<\/h2>\t\t\t\t<\/div>\n\t\t<div class=\"elementor-element elementor-element-8cba623 e-con-full e-flex e-con e-child\" data-id=\"8cba623\" data-element_type=\"container\" data-e-type=\"container\">\n\t\t\t\t<div class=\"elementor-element elementor-element-09b8556 elementor-widget elementor-widget-heading\" data-id=\"09b8556\" data-element_type=\"widget\" data-e-type=\"widget\" data-widget_type=\"heading.default\">\n\t\t\t\t\t<h2 class=\"elementor-heading-title elementor-size-default\">Tel: (+43-1) 505 37 05 \u2013 0<\/h2>\t\t\t\t<\/div>\n\t\t\t\t<div class=\"elementor-element elementor-element-ea2e517 elementor-widget elementor-widget-heading\" data-id=\"ea2e517\" data-element_type=\"widget\" data-e-type=\"widget\" data-widget_type=\"heading.default\">\n\t\t\t\t\t<h2 class=\"elementor-heading-title elementor-size-default\">Mobile: +43 670 1992299<\/h2>\t\t\t\t<\/div>\n\t\t\t\t<\/div>\n\t\t<div class=\"elementor-element elementor-element-63a27fe e-con-full e-flex e-con e-child\" data-id=\"63a27fe\" data-element_type=\"container\" data-e-type=\"container\">\n\t\t\t\t<div class=\"elementor-element elementor-element-1419ea2 elementor-widget elementor-widget-heading\" data-id=\"1419ea2\" data-element_type=\"widget\" data-e-type=\"widget\" data-widget_type=\"heading.default\">\n\t\t\t\t\t<h2 class=\"elementor-heading-title elementor-size-default\"><a href=\"mailto:office@zellinger-law.at\">office@zellinger-law.at<\/a><\/h2>\t\t\t\t<\/div>\n\t\t\t\t<div class=\"elementor-element elementor-element-408b85c elementor-widget elementor-widget-heading\" data-id=\"408b85c\" data-element_type=\"widget\" data-e-type=\"widget\" data-widget_type=\"heading.default\">\n\t\t\t\t\t<h2 class=\"elementor-heading-title elementor-size-default\"><a href=\"http:\/\/www.zellinger-law.at\" target=\"_blank\">www.zellinger-law.at<\/a><\/h2>\t\t\t\t<\/div>\n\t\t\t\t<\/div>\n\t\t<div class=\"elementor-element elementor-element-e9650ed e-con-full e-flex e-con e-child\" data-id=\"e9650ed\" data-element_type=\"container\" data-e-type=\"container\">\n\t\t\t\t<div class=\"elementor-element elementor-element-818e5ae elementor-widget elementor-widget-heading\" data-id=\"818e5ae\" data-element_type=\"widget\" data-e-type=\"widget\" data-widget_type=\"heading.default\">\n\t\t\t\t\t<h2 class=\"elementor-heading-title elementor-size-default\">R-Code: R141329<\/h2>\t\t\t\t<\/div>\n\t\t\t\t<\/div>\n\t\t<div class=\"elementor-element elementor-element-0bf19c5 e-con-full e-flex e-con e-child\" data-id=\"0bf19c5\" data-element_type=\"container\" data-e-type=\"container\">\n\t\t\t\t<div class=\"elementor-element elementor-element-d109e4a elementor-widget elementor-widget-text-editor\" data-id=\"d109e4a\" data-element_type=\"widget\" data-e-type=\"widget\" data-widget_type=\"text-editor.default\">\n\t\t\t\t\t\t\t\t\t<p class=\"lauftext\">David Zellinger ist Mitglieder der Rechtsanwaltskammer Wien <a href=\"http:\/\/www.rakwien.at\/\" target=\"_blank\" rel=\"noopener noreferrer\">(www.rakwien.at)<\/a>. Seine T\u00e4tigkeit unterliegt der Rechtsanwaltsordnung und den Richtlinien f\u00fcr Rechtsanw\u00e4ltinnen und Rechtsanw\u00e4lte (RL-BA) in der jeweils geltenden Fassung (weitere Informationen <a href=\"https:\/\/www.oerak.at\/\" target=\"_blank\" rel=\"noopener noreferrer\">www.oerak.at)<\/a>; f\u00fcr grenz\u00fcberschreitende T\u00e4tigkeiten gilt der CCBE-Verhaltenskodex f\u00fcr europ\u00e4ische Rechtsanw\u00e4lte <a href=\"https:\/\/www.ccbe.eu\/\" target=\"_blank\" rel=\"noopener noreferrer\">(www.ccbe.eu)<\/a>.<\/p>\t\t\t\t\t\t\t\t<\/div>\n\t\t\t\t<\/div>\n\t\t\t\t<\/div>\n\t\t\t\t<\/div>\n\t\t\t\t<\/div>\n\t\t","protected":false},"excerpt":{"rendered":"<p>Impressum Mag. David Zellinger &#8211; RechtsanwaltJosefst\u00e4dter Stra\u00dfe 11\/16\u20281080 Vienna, Austria Tel: (+43-1) 505 37 05 \u2013 0 Mobile: +43 670 1992299 office@zellinger-law.at www.zellinger-law.at R-Code: R141329 David Zellinger ist Mitglieder der Rechtsanwaltskammer Wien (www.rakwien.at). Seine T\u00e4tigkeit unterliegt der Rechtsanwaltsordnung und den Richtlinien f\u00fcr Rechtsanw\u00e4ltinnen und Rechtsanw\u00e4lte (RL-BA) in der jeweils geltenden Fassung (weitere Informationen www.oerak.at); f\u00fcr [&hellip;]<\/p>\n","protected":false},"author":1,"featured_media":0,"parent":0,"menu_order":0,"comment_status":"closed","ping_status":"closed","template":"","meta":{"footnotes":""},"class_list":["post-928","page","type-page","status-publish","hentry"],"yoast_head":"<!-- This site is optimized with the Yoast SEO Premium plugin v27.3 (Yoast SEO v27.4) - https:\/\/yoast.com\/product\/yoast-seo-premium-wordpress\/ -->\n<title>Impressum - Zellinger Law<\/title>\n<meta name=\"robots\" content=\"index, follow, max-snippet:-1, max-image-preview:large, max-video-preview:-1\" \/>\n<link rel=\"canonical\" href=\"https:\/\/zellinger-law.at\/de_de\/impressum\/\" \/>\n<meta property=\"og:locale\" content=\"de_DE\" \/>\n<meta property=\"og:type\" content=\"article\" \/>\n<meta property=\"og:title\" content=\"Impressum\" \/>\n<meta property=\"og:description\" content=\"Impressum Mag. David Zellinger &#8211; RechtsanwaltJosefst\u00e4dter Stra\u00dfe 11\/16\u20281080 Vienna, Austria Tel: (+43-1) 505 37 05 \u2013 0 Mobile: +43 670 1992299 office@zellinger-law.at www.zellinger-law.at R-Code: R141329 David Zellinger ist Mitglieder der Rechtsanwaltskammer Wien (www.rakwien.at). Seine T\u00e4tigkeit unterliegt der Rechtsanwaltsordnung und den Richtlinien f\u00fcr Rechtsanw\u00e4ltinnen und Rechtsanw\u00e4lte (RL-BA) in der jeweils geltenden Fassung (weitere Informationen www.oerak.at); f\u00fcr [&hellip;]\" \/>\n<meta property=\"og:url\" content=\"https:\/\/zellinger-law.at\/de_de\/impressum\/\" \/>\n<meta property=\"og:site_name\" content=\"Zellinger Law\" \/>\n<meta property=\"article:modified_time\" content=\"2025-09-17T15:36:45+00:00\" \/>\n<meta name=\"twitter:card\" content=\"summary_large_image\" \/>\n<script type=\"application\/ld+json\" class=\"yoast-schema-graph\">{\"@context\":\"https:\\\/\\\/schema.org\",\"@graph\":[{\"@type\":\"WebPage\",\"@id\":\"https:\\\/\\\/zellinger-law.at\\\/impressum\\\/\",\"url\":\"https:\\\/\\\/zellinger-law.at\\\/impressum\\\/\",\"name\":\"Impressum - Zellinger Law\",\"isPartOf\":{\"@id\":\"https:\\\/\\\/zellinger-law.at\\\/de_de\\\/#website\"},\"datePublished\":\"2025-09-15T17:34:24+00:00\",\"dateModified\":\"2025-09-17T15:36:45+00:00\",\"breadcrumb\":{\"@id\":\"https:\\\/\\\/zellinger-law.at\\\/impressum\\\/#breadcrumb\"},\"inLanguage\":\"de\",\"potentialAction\":[{\"@type\":\"ReadAction\",\"target\":[\"https:\\\/\\\/zellinger-law.at\\\/impressum\\\/\"]}]},{\"@type\":\"BreadcrumbList\",\"@id\":\"https:\\\/\\\/zellinger-law.at\\\/impressum\\\/#breadcrumb\",\"itemListElement\":[{\"@type\":\"ListItem\",\"position\":1,\"name\":\"Start\",\"item\":\"https:\\\/\\\/zellinger-law.at\\\/de_de\\\/\"},{\"@type\":\"ListItem\",\"position\":2,\"name\":\"Impressum\"}]},{\"@type\":\"WebSite\",\"@id\":\"https:\\\/\\\/zellinger-law.at\\\/de_de\\\/#website\",\"url\":\"https:\\\/\\\/zellinger-law.at\\\/de_de\\\/\",\"name\":\"Zellinger Law\",\"description\":\"\",\"publisher\":{\"@id\":\"https:\\\/\\\/zellinger-law.at\\\/de_de\\\/#organization\"},\"potentialAction\":[{\"@type\":\"SearchAction\",\"target\":{\"@type\":\"EntryPoint\",\"urlTemplate\":\"https:\\\/\\\/zellinger-law.at\\\/de_de\\\/?s={search_term_string}\"},\"query-input\":{\"@type\":\"PropertyValueSpecification\",\"valueRequired\":true,\"valueName\":\"search_term_string\"}}],\"inLanguage\":\"de\"},{\"@type\":[\"Organization\",\"Place\"],\"@id\":\"https:\\\/\\\/zellinger-law.at\\\/de_de\\\/#organization\",\"name\":\"Mag. David Zellinger - Rechtsanwalt\",\"alternateName\":\"Rechtsanwalt \u2013 Mag. David Zellinger\",\"url\":\"https:\\\/\\\/zellinger-law.at\\\/de_de\\\/\",\"logo\":{\"@id\":\"https:\\\/\\\/zellinger-law.at\\\/impressum\\\/#local-main-organization-logo\"},\"image\":{\"@id\":\"https:\\\/\\\/zellinger-law.at\\\/impressum\\\/#local-main-organization-logo\"},\"sameAs\":[\"https:\\\/\\\/www.linkedin.com\\\/in\\\/david-zellinger-248996234\\\/\"],\"telephone\":[],\"openingHoursSpecification\":[{\"@type\":\"OpeningHoursSpecification\",\"dayOfWeek\":[\"Monday\",\"Tuesday\",\"Wednesday\",\"Thursday\",\"Friday\",\"Saturday\",\"Sunday\"],\"opens\":\"09:00\",\"closes\":\"17:00\"}]},{\"@type\":\"ImageObject\",\"inLanguage\":\"de\",\"@id\":\"https:\\\/\\\/zellinger-law.at\\\/impressum\\\/#local-main-organization-logo\",\"url\":\"https:\\\/\\\/zellinger-law.at\\\/wp-content\\\/uploads\\\/2025\\\/08\\\/ZL_WortBildmarke_RGB_Darkblue-scaled.png\",\"contentUrl\":\"https:\\\/\\\/zellinger-law.at\\\/wp-content\\\/uploads\\\/2025\\\/08\\\/ZL_WortBildmarke_RGB_Darkblue-scaled.png\",\"width\":2560,\"height\":1024,\"caption\":\"Mag. David Zellinger - Rechtsanwalt\"}]}<\/script>\n<!-- \/ Yoast SEO Premium plugin. -->","yoast_head_json":{"title":"Impressum - Zellinger Law","robots":{"index":"index","follow":"follow","max-snippet":"max-snippet:-1","max-image-preview":"max-image-preview:large","max-video-preview":"max-video-preview:-1"},"canonical":"https:\/\/zellinger-law.at\/de_de\/impressum\/","og_locale":"de_DE","og_type":"article","og_title":"Impressum","og_description":"Impressum Mag. David Zellinger &#8211; RechtsanwaltJosefst\u00e4dter Stra\u00dfe 11\/16\u20281080 Vienna, Austria Tel: (+43-1) 505 37 05 \u2013 0 Mobile: +43 670 1992299 office@zellinger-law.at www.zellinger-law.at R-Code: R141329 David Zellinger ist Mitglieder der Rechtsanwaltskammer Wien (www.rakwien.at). Seine T\u00e4tigkeit unterliegt der Rechtsanwaltsordnung und den Richtlinien f\u00fcr Rechtsanw\u00e4ltinnen und Rechtsanw\u00e4lte (RL-BA) in der jeweils geltenden Fassung (weitere Informationen www.oerak.at); f\u00fcr [&hellip;]","og_url":"https:\/\/zellinger-law.at\/de_de\/impressum\/","og_site_name":"Zellinger Law","article_modified_time":"2025-09-17T15:36:45+00:00","twitter_card":"summary_large_image","schema":{"@context":"https:\/\/schema.org","@graph":[{"@type":"WebPage","@id":"https:\/\/zellinger-law.at\/impressum\/","url":"https:\/\/zellinger-law.at\/impressum\/","name":"Impressum - Zellinger Law","isPartOf":{"@id":"https:\/\/zellinger-law.at\/de_de\/#website"},"datePublished":"2025-09-15T17:34:24+00:00","dateModified":"2025-09-17T15:36:45+00:00","breadcrumb":{"@id":"https:\/\/zellinger-law.at\/impressum\/#breadcrumb"},"inLanguage":"de","potentialAction":[{"@type":"ReadAction","target":["https:\/\/zellinger-law.at\/impressum\/"]}]},{"@type":"BreadcrumbList","@id":"https:\/\/zellinger-law.at\/impressum\/#breadcrumb","itemListElement":[{"@type":"ListItem","position":1,"name":"Start","item":"https:\/\/zellinger-law.at\/de_de\/"},{"@type":"ListItem","position":2,"name":"Impressum"}]},{"@type":"WebSite","@id":"https:\/\/zellinger-law.at\/de_de\/#website","url":"https:\/\/zellinger-law.at\/de_de\/","name":"Zellinger Law","description":"","publisher":{"@id":"https:\/\/zellinger-law.at\/de_de\/#organization"},"potentialAction":[{"@type":"SearchAction","target":{"@type":"EntryPoint","urlTemplate":"https:\/\/zellinger-law.at\/de_de\/?s={search_term_string}"},"query-input":{"@type":"PropertyValueSpecification","valueRequired":true,"valueName":"search_term_string"}}],"inLanguage":"de"},{"@type":["Organization","Place"],"@id":"https:\/\/zellinger-law.at\/de_de\/#organization","name":"Mag. David Zellinger - Rechtsanwalt","alternateName":"Rechtsanwalt \u2013 Mag. David Zellinger","url":"https:\/\/zellinger-law.at\/de_de\/","logo":{"@id":"https:\/\/zellinger-law.at\/impressum\/#local-main-organization-logo"},"image":{"@id":"https:\/\/zellinger-law.at\/impressum\/#local-main-organization-logo"},"sameAs":["https:\/\/www.linkedin.com\/in\/david-zellinger-248996234\/"],"telephone":[],"openingHoursSpecification":[{"@type":"OpeningHoursSpecification","dayOfWeek":["Monday","Tuesday","Wednesday","Thursday","Friday","Saturday","Sunday"],"opens":"09:00","closes":"17:00"}]},{"@type":"ImageObject","inLanguage":"de","@id":"https:\/\/zellinger-law.at\/impressum\/#local-main-organization-logo","url":"https:\/\/zellinger-law.at\/wp-content\/uploads\/2025\/08\/ZL_WortBildmarke_RGB_Darkblue-scaled.png","contentUrl":"https:\/\/zellinger-law.at\/wp-content\/uploads\/2025\/08\/ZL_WortBildmarke_RGB_Darkblue-scaled.png","width":2560,"height":1024,"caption":"Mag. David Zellinger - Rechtsanwalt"}]}},"_links":{"self":[{"href":"https:\/\/zellinger-law.at\/de_de\/wp-json\/wp\/v2\/pages\/928","targetHints":{"allow":["GET"]}}],"collection":[{"href":"https:\/\/zellinger-law.at\/de_de\/wp-json\/wp\/v2\/pages"}],"about":[{"href":"https:\/\/zellinger-law.at\/de_de\/wp-json\/wp\/v2\/types\/page"}],"author":[{"embeddable":true,"href":"https:\/\/zellinger-law.at\/de_de\/wp-json\/wp\/v2\/users\/1"}],"replies":[{"embeddable":true,"href":"https:\/\/zellinger-law.at\/de_de\/wp-json\/wp\/v2\/comments?post=928"}],"version-history":[{"count":25,"href":"https:\/\/zellinger-law.at\/de_de\/wp-json\/wp\/v2\/pages\/928\/revisions"}],"predecessor-version":[{"id":1703,"href":"https:\/\/zellinger-law.at\/de_de\/wp-json\/wp\/v2\/pages\/928\/revisions\/1703"}],"wp:attachment":[{"href":"https:\/\/zellinger-law.at\/de_de\/wp-json\/wp\/v2\/media?parent=928"}],"curies":[{"name":"wp","href":"https:\/\/api.w.org\/{rel}","templated":true}]}}