{"id":669,"date":"2025-09-14T21:36:07","date_gmt":"2025-09-14T21:36:07","guid":{"rendered":"https:\/\/zellinger-law.at\/zellinger-law-de\/?page_id=669"},"modified":"2026-01-16T14:42:25","modified_gmt":"2026-01-16T14:42:25","slug":"honorar","status":"publish","type":"page","link":"https:\/\/zellinger-law.at\/de_de\/honorar\/","title":{"rendered":"Honorar"},"content":{"rendered":"\t\t<div data-elementor-type=\"wp-page\" data-elementor-id=\"669\" class=\"elementor elementor-669\" data-elementor-post-type=\"page\">\n\t\t\t\t<div class=\"elementor-element elementor-element-c9e73ac e-con-full e-flex e-con e-parent\" data-id=\"c9e73ac\" data-element_type=\"container\" data-e-type=\"container\">\n\t\t\t\t<div class=\"elementor-element elementor-element-0cd5475 elementor-widget elementor-widget-heading\" data-id=\"0cd5475\" data-element_type=\"widget\" data-e-type=\"widget\" data-widget_type=\"heading.default\">\n\t\t\t\t\t<h2 class=\"elementor-heading-title elementor-size-default\">Honorar<\/h2>\t\t\t\t<\/div>\n\t\t\t\t<\/div>\n\t\t<div class=\"elementor-element elementor-element-3ea8580 e-con-full e-flex e-con e-parent\" data-id=\"3ea8580\" data-element_type=\"container\" data-e-type=\"container\">\n\t\t\t\t<div class=\"elementor-element elementor-element-e3c7bd4 elementor-widget-divider--view-line elementor-widget elementor-widget-divider\" data-id=\"e3c7bd4\" data-element_type=\"widget\" data-e-type=\"widget\" data-widget_type=\"divider.default\">\n\t\t\t\t\t\t\t<div class=\"elementor-divider\">\n\t\t\t<span class=\"elementor-divider-separator\">\n\t\t\t\t\t\t<\/span>\n\t\t<\/div>\n\t\t\t\t\t\t<\/div>\n\t\t\t\t<\/div>\n\t\t<div class=\"elementor-element elementor-element-1f6ef52 e-con-full e-flex e-con e-parent\" data-id=\"1f6ef52\" data-element_type=\"container\" data-e-type=\"container\">\n\t\t<div class=\"elementor-element elementor-element-eb41974 e-con-full e-flex e-con e-child\" data-id=\"eb41974\" data-element_type=\"container\" data-e-type=\"container\">\n\t\t\t\t<div class=\"elementor-element elementor-element-b6c5b39 elementor-widget elementor-widget-heading\" data-id=\"b6c5b39\" data-element_type=\"widget\" data-e-type=\"widget\" data-widget_type=\"heading.default\">\n\t\t\t\t\t<h2 class=\"elementor-heading-title elementor-size-default\">Allgemeiner Hinweis<\/h2>\t\t\t\t<\/div>\n\t\t\t\t<div class=\"elementor-element elementor-element-e3814a8 elementor-widget elementor-widget-heading\" data-id=\"e3814a8\" data-element_type=\"widget\" data-e-type=\"widget\" data-widget_type=\"heading.default\">\n\t\t\t\t\t<h2 class=\"elementor-heading-title elementor-size-default\">Das Honorar wird bei mir stets individuell und auf Ihre Bed\u00fcrfnisse zugeschnitten vereinbart. Sie k\u00f6nnen zwischen einer fairen und transparenten Pauschalvereinbarung oder einer stundenweisen Abrechnung w\u00e4hlen.<\/h2>\t\t\t\t<\/div>\n\t\t\t\t<div class=\"elementor-element elementor-element-f13b4a6 elementor-widget elementor-widget-heading\" data-id=\"f13b4a6\" data-element_type=\"widget\" data-e-type=\"widget\" data-widget_type=\"heading.default\">\n\t\t\t\t\t<h2 class=\"elementor-heading-title elementor-size-default\">Sollten Sie \u00fcber eine aufrechte Rechtsschutzversicherung verf\u00fcgen, ersuche ich Sie, dies bereits zu Beginn der Beratung oder Beauftragung bekanntzugeben, um Ihre Kosten so gering wie m\u00f6glich zu halten. Egal \u00fcber welche Rechtsschutzversicherung Sie verf\u00fcgen, ich kann f\u00fcr Sie t\u00e4tig werden.<\/h2>\t\t\t\t<\/div>\n\t\t\t\t<div class=\"elementor-element elementor-element-e90d373 elementor-widget elementor-widget-text-editor\" data-id=\"e90d373\" data-element_type=\"widget\" data-e-type=\"widget\" data-widget_type=\"text-editor.default\">\n\t\t\t\t\t\t\t\t\t<p>Dar\u00fcber hinaus kommen erg\u00e4nzend die <a href=\"https:\/\/zellinger-law.at\/?page_id=954\u2197\">AAB<\/a> zur Anwendung.<\/p>\t\t\t\t\t\t\t\t<\/div>\n\t\t\t\t<\/div>\n\t\t<div class=\"elementor-element elementor-element-7068d0b e-con-full e-flex e-con e-child\" data-id=\"7068d0b\" data-element_type=\"container\" data-e-type=\"container\">\n\t\t\t\t<div class=\"elementor-element elementor-element-6c77dbe elementor-widget elementor-widget-heading\" data-id=\"6c77dbe\" data-element_type=\"widget\" data-e-type=\"widget\" data-widget_type=\"heading.default\">\n\t\t\t\t\t<h2 class=\"elementor-heading-title elementor-size-default\">Erstberatung<\/h2>\t\t\t\t<\/div>\n\t\t\t\t<div class=\"elementor-element elementor-element-614bb2e elementor-widget elementor-widget-heading\" data-id=\"614bb2e\" data-element_type=\"widget\" data-e-type=\"widget\" data-widget_type=\"heading.default\">\n\t\t\t\t\t<h2 class=\"elementor-heading-title elementor-size-default\">Die Kosten f\u00fcr eine Erstberatung, in welcher ich mir f\u00fcr Ihr Anliegen Zeit nehme, und die weitere Vorgehensweise skizziert wird, betragen EUR 250,- (zuz\u00fcglich Umsatzsteuer). <br><br>Sollte anschlie\u00dfend an die Erstberatung eine weitere Beauftragung im Rahmen einer Pauschalvereinbarung erfolgen, sind die Kosten f\u00fcr die Erstberatung bereits in der Pauschale enthalten.<\/h2>\t\t\t\t<\/div>\n\t\t\t\t<div class=\"elementor-element elementor-element-09c075b elementor-widget elementor-widget-button\" data-id=\"09c075b\" data-element_type=\"widget\" data-e-type=\"widget\" data-widget_type=\"button.default\">\n\t\t\t\t\t\t\t\t\t\t<a class=\"elementor-button elementor-button-link elementor-size-sm\" href=\"mailto:office@zellinger-law.at\">\n\t\t\t\t\t\t<span class=\"elementor-button-content-wrapper\">\n\t\t\t\t\t\t\t\t\t<span class=\"elementor-button-text\">Jetzt Erstberatung vereinbaren!<\/span>\n\t\t\t\t\t<\/span>\n\t\t\t\t\t<\/a>\n\t\t\t\t\t\t\t\t<\/div>\n\t\t\t\t<\/div>\n\t\t<div class=\"elementor-element elementor-element-6ea7942 e-con-full elementor-hidden-mobile e-flex e-con e-child\" data-id=\"6ea7942\" data-element_type=\"container\" data-e-type=\"container\">\n\t\t\t\t<\/div>\n\t\t<div class=\"elementor-element elementor-element-d92c4f3 e-con-full e-flex e-con e-child\" data-id=\"d92c4f3\" data-element_type=\"container\" data-e-type=\"container\">\n\t\t\t\t<div class=\"elementor-element elementor-element-cad56ff elementor-widget elementor-widget-heading\" data-id=\"cad56ff\" data-element_type=\"widget\" data-e-type=\"widget\" data-widget_type=\"heading.default\">\n\t\t\t\t\t<h2 class=\"elementor-heading-title elementor-size-default\">Kontakt<\/h2>\t\t\t\t<\/div>\n\t\t\t\t<div class=\"elementor-element elementor-element-708c0c8 elementor-widget elementor-widget-heading\" data-id=\"708c0c8\" data-element_type=\"widget\" data-e-type=\"widget\" data-widget_type=\"heading.default\">\n\t\t\t\t\t<h2 class=\"elementor-heading-title elementor-size-default\">Josefst\u00e4dter Stra\u00dfe 11\/16\u2028<br>1080 Vienna, Austria<\/h2>\t\t\t\t<\/div>\n\t\t<div class=\"elementor-element elementor-element-8cbf9c8 e-con-full e-flex e-con e-child\" data-id=\"8cbf9c8\" data-element_type=\"container\" data-e-type=\"container\">\n\t\t\t\t<div class=\"elementor-element elementor-element-a7a3d92 elementor-widget elementor-widget-heading\" data-id=\"a7a3d92\" data-element_type=\"widget\" data-e-type=\"widget\" data-widget_type=\"heading.default\">\n\t\t\t\t\t<h2 class=\"elementor-heading-title elementor-size-default\">+43 670 1992299<\/h2>\t\t\t\t<\/div>\n\t\t\t\t<div class=\"elementor-element elementor-element-72e6536 elementor-widget elementor-widget-heading\" data-id=\"72e6536\" data-element_type=\"widget\" data-e-type=\"widget\" data-widget_type=\"heading.default\">\n\t\t\t\t\t<h2 class=\"elementor-heading-title elementor-size-default\"><a href=\"mailto:office@zellinger-law.at\">office@zellinger-law.at<\/a><\/h2>\t\t\t\t<\/div>\n\t\t\t\t<\/div>\n\t\t<div class=\"elementor-element elementor-element-83c6fff e-con-full e-flex e-con e-child\" data-id=\"83c6fff\" data-element_type=\"container\" data-e-type=\"container\">\n\t\t\t\t<div class=\"elementor-element elementor-element-379de5d elementor-widget elementor-widget-heading\" data-id=\"379de5d\" data-element_type=\"widget\" data-e-type=\"widget\" data-widget_type=\"heading.default\">\n\t\t\t\t\t<h2 class=\"elementor-heading-title elementor-size-default\"><a href=\"https:\/\/www.linkedin.com\/in\/david-zellinger-248996234?utm_source=share&#038;utm_campaign=share_via&#038;utm_content=profile&#038;utm_medium=ios_app\" target=\"_blank\">LinkedIn<\/a><\/h2>\t\t\t\t<\/div>\n\t\t\t\t<\/div>\n\t\t\t\t<\/div>\n\t\t\t\t<\/div>\n\t\t\t\t<\/div>\n\t\t","protected":false},"excerpt":{"rendered":"<p>Honorar Allgemeiner Hinweis Das Honorar wird bei mir stets individuell und auf Ihre Bed\u00fcrfnisse zugeschnitten vereinbart. Sie k\u00f6nnen zwischen einer fairen und transparenten Pauschalvereinbarung oder einer stundenweisen Abrechnung w\u00e4hlen. Sollten Sie \u00fcber eine aufrechte Rechtsschutzversicherung verf\u00fcgen, ersuche ich Sie, dies bereits zu Beginn der Beratung oder Beauftragung bekanntzugeben, um Ihre Kosten so gering wie m\u00f6glich [&hellip;]<\/p>\n","protected":false},"author":1,"featured_media":0,"parent":0,"menu_order":0,"comment_status":"closed","ping_status":"closed","template":"","meta":{"footnotes":""},"class_list":["post-669","page","type-page","status-publish","hentry"],"yoast_head":"<!-- This site is optimized with the Yoast SEO Premium plugin v27.3 (Yoast SEO v27.4) - https:\/\/yoast.com\/product\/yoast-seo-premium-wordpress\/ -->\n<title>Honorar - Zellinger Law<\/title>\n<meta name=\"robots\" content=\"index, follow, max-snippet:-1, max-image-preview:large, max-video-preview:-1\" \/>\n<link rel=\"canonical\" href=\"https:\/\/zellinger-law.at\/de_de\/honorar\/\" \/>\n<meta property=\"og:locale\" content=\"de_DE\" \/>\n<meta property=\"og:type\" content=\"article\" \/>\n<meta property=\"og:title\" content=\"Honorar\" \/>\n<meta property=\"og:description\" content=\"Honorar Allgemeiner Hinweis Das Honorar wird bei mir stets individuell und auf Ihre Bed\u00fcrfnisse zugeschnitten vereinbart. Sie k\u00f6nnen zwischen einer fairen und transparenten Pauschalvereinbarung oder einer stundenweisen Abrechnung w\u00e4hlen. Sollten Sie \u00fcber eine aufrechte Rechtsschutzversicherung verf\u00fcgen, ersuche ich Sie, dies bereits zu Beginn der Beratung oder Beauftragung bekanntzugeben, um Ihre Kosten so gering wie m\u00f6glich [&hellip;]\" \/>\n<meta property=\"og:url\" content=\"https:\/\/zellinger-law.at\/de_de\/honorar\/\" \/>\n<meta property=\"og:site_name\" content=\"Zellinger Law\" \/>\n<meta property=\"article:modified_time\" content=\"2026-01-16T14:42:25+00:00\" \/>\n<meta name=\"twitter:card\" content=\"summary_large_image\" \/>\n<meta name=\"twitter:label1\" content=\"Gesch\u00e4tzte Lesezeit\" \/>\n\t<meta name=\"twitter:data1\" content=\"1\u00a0Minute\" \/>\n<script type=\"application\/ld+json\" class=\"yoast-schema-graph\">{\"@context\":\"https:\\\/\\\/schema.org\",\"@graph\":[{\"@type\":\"WebPage\",\"@id\":\"https:\\\/\\\/zellinger-law.at\\\/honorar\\\/\",\"url\":\"https:\\\/\\\/zellinger-law.at\\\/honorar\\\/\",\"name\":\"Honorar - Zellinger Law\",\"isPartOf\":{\"@id\":\"https:\\\/\\\/zellinger-law.at\\\/de_de\\\/#website\"},\"datePublished\":\"2025-09-14T21:36:07+00:00\",\"dateModified\":\"2026-01-16T14:42:25+00:00\",\"breadcrumb\":{\"@id\":\"https:\\\/\\\/zellinger-law.at\\\/honorar\\\/#breadcrumb\"},\"inLanguage\":\"de\",\"potentialAction\":[{\"@type\":\"ReadAction\",\"target\":[\"https:\\\/\\\/zellinger-law.at\\\/honorar\\\/\"]}]},{\"@type\":\"BreadcrumbList\",\"@id\":\"https:\\\/\\\/zellinger-law.at\\\/honorar\\\/#breadcrumb\",\"itemListElement\":[{\"@type\":\"ListItem\",\"position\":1,\"name\":\"Start\",\"item\":\"https:\\\/\\\/zellinger-law.at\\\/de_de\\\/\"},{\"@type\":\"ListItem\",\"position\":2,\"name\":\"Honorar\"}]},{\"@type\":\"WebSite\",\"@id\":\"https:\\\/\\\/zellinger-law.at\\\/de_de\\\/#website\",\"url\":\"https:\\\/\\\/zellinger-law.at\\\/de_de\\\/\",\"name\":\"Zellinger Law\",\"description\":\"\",\"publisher\":{\"@id\":\"https:\\\/\\\/zellinger-law.at\\\/de_de\\\/#organization\"},\"potentialAction\":[{\"@type\":\"SearchAction\",\"target\":{\"@type\":\"EntryPoint\",\"urlTemplate\":\"https:\\\/\\\/zellinger-law.at\\\/de_de\\\/?s={search_term_string}\"},\"query-input\":{\"@type\":\"PropertyValueSpecification\",\"valueRequired\":true,\"valueName\":\"search_term_string\"}}],\"inLanguage\":\"de\"},{\"@type\":[\"Organization\",\"Place\"],\"@id\":\"https:\\\/\\\/zellinger-law.at\\\/de_de\\\/#organization\",\"name\":\"Mag. David Zellinger - Rechtsanwalt\",\"alternateName\":\"Rechtsanwalt \u2013 Mag. David Zellinger\",\"url\":\"https:\\\/\\\/zellinger-law.at\\\/de_de\\\/\",\"logo\":{\"@id\":\"https:\\\/\\\/zellinger-law.at\\\/honorar\\\/#local-main-organization-logo\"},\"image\":{\"@id\":\"https:\\\/\\\/zellinger-law.at\\\/honorar\\\/#local-main-organization-logo\"},\"sameAs\":[\"https:\\\/\\\/www.linkedin.com\\\/in\\\/david-zellinger-248996234\\\/\"],\"telephone\":[],\"openingHoursSpecification\":[{\"@type\":\"OpeningHoursSpecification\",\"dayOfWeek\":[\"Monday\",\"Tuesday\",\"Wednesday\",\"Thursday\",\"Friday\",\"Saturday\",\"Sunday\"],\"opens\":\"09:00\",\"closes\":\"17:00\"}]},{\"@type\":\"ImageObject\",\"inLanguage\":\"de\",\"@id\":\"https:\\\/\\\/zellinger-law.at\\\/honorar\\\/#local-main-organization-logo\",\"url\":\"https:\\\/\\\/zellinger-law.at\\\/wp-content\\\/uploads\\\/2025\\\/08\\\/ZL_WortBildmarke_RGB_Darkblue-scaled.png\",\"contentUrl\":\"https:\\\/\\\/zellinger-law.at\\\/wp-content\\\/uploads\\\/2025\\\/08\\\/ZL_WortBildmarke_RGB_Darkblue-scaled.png\",\"width\":2560,\"height\":1024,\"caption\":\"Mag. David Zellinger - Rechtsanwalt\"}]}<\/script>\n<!-- \/ Yoast SEO Premium plugin. -->","yoast_head_json":{"title":"Honorar - Zellinger Law","robots":{"index":"index","follow":"follow","max-snippet":"max-snippet:-1","max-image-preview":"max-image-preview:large","max-video-preview":"max-video-preview:-1"},"canonical":"https:\/\/zellinger-law.at\/de_de\/honorar\/","og_locale":"de_DE","og_type":"article","og_title":"Honorar","og_description":"Honorar Allgemeiner Hinweis Das Honorar wird bei mir stets individuell und auf Ihre Bed\u00fcrfnisse zugeschnitten vereinbart. Sie k\u00f6nnen zwischen einer fairen und transparenten Pauschalvereinbarung oder einer stundenweisen Abrechnung w\u00e4hlen. Sollten Sie \u00fcber eine aufrechte Rechtsschutzversicherung verf\u00fcgen, ersuche ich Sie, dies bereits zu Beginn der Beratung oder Beauftragung bekanntzugeben, um Ihre Kosten so gering wie m\u00f6glich [&hellip;]","og_url":"https:\/\/zellinger-law.at\/de_de\/honorar\/","og_site_name":"Zellinger Law","article_modified_time":"2026-01-16T14:42:25+00:00","twitter_card":"summary_large_image","twitter_misc":{"Gesch\u00e4tzte Lesezeit":"1\u00a0Minute"},"schema":{"@context":"https:\/\/schema.org","@graph":[{"@type":"WebPage","@id":"https:\/\/zellinger-law.at\/honorar\/","url":"https:\/\/zellinger-law.at\/honorar\/","name":"Honorar - Zellinger Law","isPartOf":{"@id":"https:\/\/zellinger-law.at\/de_de\/#website"},"datePublished":"2025-09-14T21:36:07+00:00","dateModified":"2026-01-16T14:42:25+00:00","breadcrumb":{"@id":"https:\/\/zellinger-law.at\/honorar\/#breadcrumb"},"inLanguage":"de","potentialAction":[{"@type":"ReadAction","target":["https:\/\/zellinger-law.at\/honorar\/"]}]},{"@type":"BreadcrumbList","@id":"https:\/\/zellinger-law.at\/honorar\/#breadcrumb","itemListElement":[{"@type":"ListItem","position":1,"name":"Start","item":"https:\/\/zellinger-law.at\/de_de\/"},{"@type":"ListItem","position":2,"name":"Honorar"}]},{"@type":"WebSite","@id":"https:\/\/zellinger-law.at\/de_de\/#website","url":"https:\/\/zellinger-law.at\/de_de\/","name":"Zellinger Law","description":"","publisher":{"@id":"https:\/\/zellinger-law.at\/de_de\/#organization"},"potentialAction":[{"@type":"SearchAction","target":{"@type":"EntryPoint","urlTemplate":"https:\/\/zellinger-law.at\/de_de\/?s={search_term_string}"},"query-input":{"@type":"PropertyValueSpecification","valueRequired":true,"valueName":"search_term_string"}}],"inLanguage":"de"},{"@type":["Organization","Place"],"@id":"https:\/\/zellinger-law.at\/de_de\/#organization","name":"Mag. David Zellinger - Rechtsanwalt","alternateName":"Rechtsanwalt \u2013 Mag. David Zellinger","url":"https:\/\/zellinger-law.at\/de_de\/","logo":{"@id":"https:\/\/zellinger-law.at\/honorar\/#local-main-organization-logo"},"image":{"@id":"https:\/\/zellinger-law.at\/honorar\/#local-main-organization-logo"},"sameAs":["https:\/\/www.linkedin.com\/in\/david-zellinger-248996234\/"],"telephone":[],"openingHoursSpecification":[{"@type":"OpeningHoursSpecification","dayOfWeek":["Monday","Tuesday","Wednesday","Thursday","Friday","Saturday","Sunday"],"opens":"09:00","closes":"17:00"}]},{"@type":"ImageObject","inLanguage":"de","@id":"https:\/\/zellinger-law.at\/honorar\/#local-main-organization-logo","url":"https:\/\/zellinger-law.at\/wp-content\/uploads\/2025\/08\/ZL_WortBildmarke_RGB_Darkblue-scaled.png","contentUrl":"https:\/\/zellinger-law.at\/wp-content\/uploads\/2025\/08\/ZL_WortBildmarke_RGB_Darkblue-scaled.png","width":2560,"height":1024,"caption":"Mag. David Zellinger - Rechtsanwalt"}]}},"_links":{"self":[{"href":"https:\/\/zellinger-law.at\/de_de\/wp-json\/wp\/v2\/pages\/669","targetHints":{"allow":["GET"]}}],"collection":[{"href":"https:\/\/zellinger-law.at\/de_de\/wp-json\/wp\/v2\/pages"}],"about":[{"href":"https:\/\/zellinger-law.at\/de_de\/wp-json\/wp\/v2\/types\/page"}],"author":[{"embeddable":true,"href":"https:\/\/zellinger-law.at\/de_de\/wp-json\/wp\/v2\/users\/1"}],"replies":[{"embeddable":true,"href":"https:\/\/zellinger-law.at\/de_de\/wp-json\/wp\/v2\/comments?post=669"}],"version-history":[{"count":61,"href":"https:\/\/zellinger-law.at\/de_de\/wp-json\/wp\/v2\/pages\/669\/revisions"}],"predecessor-version":[{"id":2021,"href":"https:\/\/zellinger-law.at\/de_de\/wp-json\/wp\/v2\/pages\/669\/revisions\/2021"}],"wp:attachment":[{"href":"https:\/\/zellinger-law.at\/de_de\/wp-json\/wp\/v2\/media?parent=669"}],"curies":[{"name":"wp","href":"https:\/\/api.w.org\/{rel}","templated":true}]}}