{"id":1660,"date":"2025-09-17T15:06:17","date_gmt":"2025-09-17T15:06:17","guid":{"rendered":"https:\/\/zellinger-law.at\/zellinger-law-de\/?page_id=1660"},"modified":"2026-02-02T14:05:17","modified_gmt":"2026-02-02T14:05:17","slug":"datenschutzerklaerung","status":"publish","type":"page","link":"https:\/\/zellinger-law.at\/de_de\/datenschutzerklaerung\/","title":{"rendered":"Datenschutzerkl\u00e4rung"},"content":{"rendered":"\t\t<div data-elementor-type=\"wp-page\" data-elementor-id=\"1660\" class=\"elementor elementor-1660\" data-elementor-post-type=\"page\">\n\t\t\t\t<div class=\"elementor-element elementor-element-fe4d234 e-con-full e-flex e-con e-parent\" data-id=\"fe4d234\" data-element_type=\"container\" data-e-type=\"container\">\n\t\t\t\t<div class=\"elementor-element elementor-element-ae45750 elementor-widget elementor-widget-heading\" data-id=\"ae45750\" data-element_type=\"widget\" data-e-type=\"widget\" data-widget_type=\"heading.default\">\n\t\t\t\t\t<h2 class=\"elementor-heading-title elementor-size-default\">Datenschutzerkl\u00e4rung<\/h2>\t\t\t\t<\/div>\n\t\t\t\t<\/div>\n\t\t<div class=\"elementor-element elementor-element-938a195 e-con-full e-flex e-con e-parent\" data-id=\"938a195\" data-element_type=\"container\" data-e-type=\"container\">\n\t\t\t\t<div class=\"elementor-element elementor-element-5593fdc elementor-widget-divider--view-line elementor-widget elementor-widget-divider\" data-id=\"5593fdc\" data-element_type=\"widget\" data-e-type=\"widget\" data-widget_type=\"divider.default\">\n\t\t\t\t\t\t\t<div class=\"elementor-divider\">\n\t\t\t<span class=\"elementor-divider-separator\">\n\t\t\t\t\t\t<\/span>\n\t\t<\/div>\n\t\t\t\t\t\t<\/div>\n\t\t\t\t<\/div>\n\t\t<div class=\"elementor-element elementor-element-e8767f8 e-con-full e-flex e-con e-parent\" data-id=\"e8767f8\" data-element_type=\"container\" data-e-type=\"container\">\n\t\t\t\t<div class=\"elementor-element elementor-element-fb69543 elementor-widget__width-initial elementor-widget elementor-widget-text-editor\" data-id=\"fb69543\" data-element_type=\"widget\" data-e-type=\"widget\" data-widget_type=\"text-editor.default\">\n\t\t\t\t\t\t\t\t\t<div><span lang=\"DE-AT\">Stand 17.09.2025<\/span><\/div>\t\t\t\t\t\t\t\t<\/div>\n\t\t<div class=\"elementor-element elementor-element-3cbb2bc e-con-full e-flex e-con e-child\" data-id=\"3cbb2bc\" data-element_type=\"container\" data-e-type=\"container\">\n\t\t\t\t<div class=\"elementor-element elementor-element-d6168ee elementor-widget__width-inherit elementor-widget elementor-widget-text-editor\" data-id=\"d6168ee\" data-element_type=\"widget\" data-e-type=\"widget\" data-widget_type=\"text-editor.default\">\n\t\t\t\t\t\t\t\t\t<p style=\"font-weight: 400;\">Wir bei Mag. David Zellinger &#8211; Rechtsanwalt, Josefst\u00e4dter Stra\u00dfe 11\/16, 1080 Wien (im Folgenden &#8220;ZELLINGER LAW&#8221;), nehmen den Schutz Ihrer pers\u00f6nlichen Daten ernst.<\/p><p style=\"font-weight: 400;\">ZELLINGER LAW behandelt Ihre personenbezogenen Daten vertraulich und h\u00e4lt sich an die geltenden datenschutzrechtlichen Bestimmungen, insbesondere an das Datenschutzgesetz (DSG), die Datenschutzgrundverordnung (DSGVO) und das Telekommunikationsgesetz (TKG) sowie an diese Datenschutzerkl\u00e4rung.<\/p><p style=\"font-weight: 400;\"><strong>Was sind personenbezogene Daten?<\/strong><\/p><p style=\"font-weight: 400;\">Personenbezogene Daten sind Informationen \u00fcber betroffene Personen (nat\u00fcrliche Personen), deren Identit\u00e4t bestimmt oder bestimmbar ist. Beispiele f\u00fcr solche Daten sind Name, Geburtsdatum, Adresse, E-Mail-Adresse, Telefonnummer, Geschlecht, Sozialversicherungsnummer, aber auch Fotos, Videoaufnahmen sowie biometrische Daten wie Fingerabdr\u00fccke. Auch sensible Daten, wie Gesundheitsdaten oder Daten im Zusammenhang mit Strafverfahren, k\u00f6nnen einbezogen werden.<\/p><p style=\"font-weight: 400;\"><strong>Verarbeitung und Nutzung von personenbezogenen Daten<\/strong><\/p><p style=\"font-weight: 400;\">ZELLINGER LAW erhebt, verarbeitet und nutzt Ihre personenbezogenen Daten nur, wenn es daf\u00fcr eine gesetzliche Grundlage nach der DSGVO gibt oder nur mit Ihrer Einwilligung oder Zuweisung f\u00fcr die mit Ihnen vereinbarten Zwecke. Es werden nur Daten verarbeitet, die f\u00fcr die Durchf\u00fchrung und Abwicklung der Rechtsdienstleistungen erforderlich sind oder die Sie ZELLINGER LAW freiwillig zur Verf\u00fcgung gestellt haben.<\/p><p style=\"font-weight: 400;\">Wenn Sie sich \u00fcber das Kontaktformular auf der Website, per Telefon, E-Mail oder Fax an ZELLINGER LAW wenden, verarbeitet ZELLINGER LAW die von Ihnen mitgeteilten personenbezogenen Daten (Anrede, Name, E-Mail-Adresse, Telefonnummer, Faxnummer sowie ggf. weitere mitgeteilte Daten und \u00fcbermittelte Dokumente und Urkunden) zum Zwecke der Bearbeitung Ihres Anliegens. ZELLINGER LAW verarbeitet diese Daten zur Erf\u00fcllung von (vor-)vertraglichen Verpflichtungen oder auf der Grundlage berechtigter Interessen.<\/p><p style=\"font-weight: 400;\">ZELLINGER LAW weist darauf hin, dass die Daten\u00fcbertragung im Internet (z.B. bei der Kommunikation per E-Mail) Sicherheitsl\u00fccken aufweisen kann. Ein l\u00fcckenloser Schutz der Daten vor dem Zugriff durch Dritte ist nicht m\u00f6glich.<\/p><p style=\"font-weight: 400;\"><strong>Weitergabe von personenbezogenen Daten<\/strong><\/p><p style=\"font-weight: 400;\">Zur Erf\u00fcllung Ihres Auftrages kann es auch erforderlich sein, Ihre Daten an Dritte (z.B. Kontrahenten, Substitute, Versicherungen, Dienstleister, derer sich ZELLINGER LAW bedient und denen ZELLINGER LAW Daten zur Verf\u00fcgung stellt, etc.) oder an Gerichte oder Beh\u00f6rden weiterzugeben. Eine Weitergabe Ihrer Daten erfolgt nur auf der Grundlage der DSGVO, insbesondere zur Erf\u00fcllung Ihres Auftrages oder auf der Grundlage Ihrer vorherigen Einwilligung.<\/p><p style=\"font-weight: 400;\">Im Rahmen der anwaltlichen Vertretung und Betreuung ist es zudem regelm\u00e4\u00dfig erforderlich, sach- und fallbezogene Informationen von Ihnen bei Dritten einzuholen. Dies alles geschieht im Einklang mit den einschl\u00e4gigen datenschutzrechtlichen Bestimmungen.<\/p><p style=\"font-weight: 400;\"><strong>Cookies<\/strong><\/p><p style=\"font-weight: 400;\">Zur Verwaltung der eingesetzten Cookies und \u00e4hnlichen Technologien (Tracking-Pixel, Web-Beacons etc.) und diesbez\u00fcglicher Einwilligungen setzt ZELLINGER LAW das Consent Tool &#8220;Real Cookie Banner&#8221; ein. Details zur Funktionsweise von &#8220;Real Cookie Banner&#8221; finden Sie unter <a href=\"https:\/\/devowl.io\/de\/rcb\/datenverarbeitung\">https:\/\/devowl.io\/de\/rcb\/datenverarbeitung<\/a>.<\/p><p style=\"font-weight: 400;\">Rechtsgrundlagen f\u00fcr die Verarbeitung von personenbezogenen Daten in diesem Zusammenhang sind Art. 6 Abs. 1 lit. c DS-GVO und Art. 6 Abs. 1 lit. f DS-GVO. Das berechtigte Interesse ist die Verwaltung der eingesetzten Cookies und \u00e4hnlichen Technologien und der diesbez\u00fcglichen Einwilligungen.<\/p><p style=\"font-weight: 400;\">Die Bereitstellung der personenbezogenen Daten ist weder vertraglich vorgeschrieben noch f\u00fcr den Abschluss eines Vertrages notwendig. Sie sind nicht verpflichtet die personenbezogenen Daten bereitzustellen. Wenn Sie die personenbezogenen Daten nicht bereitstellen, kann ZELLINGER LAW Ihre Einwilligungen nicht verwalten.<\/p><p style=\"font-weight: 400;\"><strong>Server-Logfiles<\/strong><\/p><p style=\"font-weight: 400;\">Aus Gr\u00fcnden der Betriebssicherheit erhebt der Hosting-Provider Daten \u00fcber Zugriffe auf das Angebot und speichert diese als Server-Logfiles ab. Diese Logfiles werden vier Wochen lang gespeichert und dann gel\u00f6scht.<\/p><p style=\"font-weight: 400;\"><strong>Dauer der Speicherung von personenbezogenen Daten<\/strong><\/p><p style=\"font-weight: 400;\">ZELLINGER LAW speichert Ihre Daten nur so lange, wie sie zur Erf\u00fcllung der vorgenannten Zwecke und der vertraglichen oder gesetzlichen Pflichten ben\u00f6tigt werden. Wenn Ihre personenbezogenen Daten nicht mehr ben\u00f6tigt werden, werden sie gel\u00f6scht oder anonymisiert, so dass Sie nicht mehr identifiziert werden k\u00f6nnen. ZELLINGER LAW wird die Daten nicht l\u00e4nger aufbewahren, als es f\u00fcr die Erf\u00fcllung der vertraglichen oder gesetzlichen Verpflichtungen und f\u00fcr die Abwehr von Haftungsanspr\u00fcchen erforderlich ist.<\/p><p style=\"font-weight: 400;\"><strong>Sicherheit der Daten<\/strong><\/p><p style=\"font-weight: 400;\">Der Schutz Ihrer personenbezogenen Daten wird durch angemessene technische und organisatorische Sicherheitsma\u00dfnahmen gew\u00e4hrleistet. Trotz aller Bem\u00fchungen kann jedoch nicht ausgeschlossen werden, dass Informationen, die ZELLINGER LAW von Ihnen \u00fcber das Internet erh\u00e4lt, von Dritten eingesehen werden k\u00f6nnen. ZELLINGER LAW kann daher keinerlei Haftung f\u00fcr die Offenlegung von Informationen aufgrund von nicht von ZELLINGER LAW verursachten Fehlern bei der Daten\u00fcbertragung und\/oder unberechtigtem Zugriff durch Dritte (z.B. Hacking des E-Mail-Kontos) \u00fcbernehmen.<\/p><p style=\"font-weight: 400;\"><strong>Auskunft, \u00c4nderung von Daten und L\u00f6schung<\/strong><\/p><p style=\"font-weight: 400;\">Als betroffene Person haben Sie das Recht, jederzeit Auskunft \u00fcber die von ZELLINGER LAW \u00fcber Sie verarbeiteten personenbezogenen Daten zu erhalten.<\/p><p style=\"font-weight: 400;\">Sie haben auch das Recht, unrichtige Daten zu berichtigen und unter bestimmten Umst\u00e4nden Ihre Daten zu l\u00f6schen. Beruht die Verarbeitung personenbezogener Daten auf Ihrer Einwilligung, k\u00f6nnen Sie Ihre Einwilligung in die Verarbeitung personenbezogener Daten mit Wirkung f\u00fcr die Zukunft widerrufen. Sie haben das Recht, die von Ihnen bereitgestellten personenbezogenen Daten in einem strukturierten, g\u00e4ngigen und maschinenlesbaren Format zu erhalten. Sie haben die M\u00f6glichkeit, sich mit Ihrer eventuellen Beschwerde an eine Datenschutzaufsichtsbeh\u00f6rde (in \u00d6sterreich: \u00d6sterreichische Datenschutzbeh\u00f6rde) zu wenden.<\/p><p style=\"font-weight: 400;\">Sofern sich \u00c4nderungen an Ihren personenbezogenen Daten ergeben, bittet ZELLINGER LAW um eine entsprechende Mitteilung.<\/p><p style=\"font-weight: 400;\"><strong>Ihre Rechte<\/strong><\/p><p style=\"font-weight: 400;\">Sie haben das Recht auf Auskunft, Berichtigung, L\u00f6schung, Einschr\u00e4nkung, Daten\u00fcbertragbarkeit, Widerruf und Widerspruch. Wenn Sie der Meinung sind, dass die Verarbeitung Ihrer Daten gegen das Datenschutzrecht verst\u00f6\u00dft oder Ihre datenschutzrechtlichen Anspr\u00fcche in sonstiger Weise verletzt worden sind, k\u00f6nnen Sie sich bei der Aufsichtsbeh\u00f6rde beschweren. In \u00d6sterreich ist dies die Datenschutzbeh\u00f6rde.<\/p><p style=\"font-weight: 400;\"><strong>Datenpannen<\/strong><\/p><p style=\"font-weight: 400;\">ZELLINGER LAW ist bestrebt, Datenpannen fr\u00fchzeitig zu erkennen und ggf. unverz\u00fcglich an Sie oder die zust\u00e4ndige Aufsichtsbeh\u00f6rde zu melden, einschlie\u00dflich der jeweils betroffenen Datenkategorien.<\/p>\t\t\t\t\t\t\t\t<\/div>\n\t\t<div class=\"elementor-element elementor-element-71b1c13 e-con-full e-flex e-con e-child\" data-id=\"71b1c13\" data-element_type=\"container\" data-e-type=\"container\">\n\t\t\t\t<div class=\"elementor-element elementor-element-0da4a72 elementor-widget elementor-widget-heading\" data-id=\"0da4a72\" data-element_type=\"widget\" data-e-type=\"widget\" data-widget_type=\"heading.default\">\n\t\t\t\t\t<h2 class=\"elementor-heading-title elementor-size-default\">Sie k\u00f6nnen uns unter folgenden Kontaktdaten erreichen:<\/h2>\t\t\t\t<\/div>\n\t\t\t\t<div class=\"elementor-element elementor-element-8cc9b4d elementor-widget elementor-widget-heading\" data-id=\"8cc9b4d\" data-element_type=\"widget\" data-e-type=\"widget\" data-widget_type=\"heading.default\">\n\t\t\t\t\t<h2 class=\"elementor-heading-title elementor-size-default\">Mag. David Zellinger - Rechtsanwalt\n<br>Josefst\u00e4dter Stra\u00dfe 11\/16\u2028<br>1080 Vienna, Austria<\/h2>\t\t\t\t<\/div>\n\t\t<div class=\"elementor-element elementor-element-55f0ff8 e-con-full e-flex e-con e-child\" data-id=\"55f0ff8\" data-element_type=\"container\" data-e-type=\"container\">\n\t\t\t\t<div class=\"elementor-element elementor-element-db15c99 elementor-widget elementor-widget-heading\" data-id=\"db15c99\" data-element_type=\"widget\" data-e-type=\"widget\" data-widget_type=\"heading.default\">\n\t\t\t\t\t<h2 class=\"elementor-heading-title elementor-size-default\">Tel: (+43-1) 505 37 05 \u2013 0<\/h2>\t\t\t\t<\/div>\n\t\t\t\t<div class=\"elementor-element elementor-element-42611c2 elementor-widget elementor-widget-heading\" data-id=\"42611c2\" data-element_type=\"widget\" data-e-type=\"widget\" data-widget_type=\"heading.default\">\n\t\t\t\t\t<h2 class=\"elementor-heading-title elementor-size-default\">Mobile: +43 670 1992299<\/h2>\t\t\t\t<\/div>\n\t\t\t\t<\/div>\n\t\t<div class=\"elementor-element elementor-element-2048b80 e-con-full e-flex e-con e-child\" data-id=\"2048b80\" data-element_type=\"container\" data-e-type=\"container\">\n\t\t\t\t<div class=\"elementor-element elementor-element-0e679c8 elementor-widget elementor-widget-heading\" data-id=\"0e679c8\" data-element_type=\"widget\" data-e-type=\"widget\" data-widget_type=\"heading.default\">\n\t\t\t\t\t<h2 class=\"elementor-heading-title elementor-size-default\"><a href=\"mailto:office@zellinger-law.at\">office@zellinger-law.at<\/a><\/h2>\t\t\t\t<\/div>\n\t\t\t\t<div class=\"elementor-element elementor-element-d74ef58 elementor-widget elementor-widget-heading\" data-id=\"d74ef58\" data-element_type=\"widget\" data-e-type=\"widget\" data-widget_type=\"heading.default\">\n\t\t\t\t\t<h2 class=\"elementor-heading-title elementor-size-default\"><a href=\"http:\/\/www.zellinger-law.at\" target=\"_blank\">www.zellinger-law.at<\/a><\/h2>\t\t\t\t<\/div>\n\t\t\t\t<\/div>\n\t\t\t\t<\/div>\n\t\t\t\t<\/div>\n\t\t\t\t<\/div>\n\t\t\t\t<\/div>\n\t\t","protected":false},"excerpt":{"rendered":"<p>Datenschutzerkl\u00e4rung Stand 17.09.2025 Wir bei Mag. David Zellinger &#8211; Rechtsanwalt, Josefst\u00e4dter Stra\u00dfe 11\/16, 1080 Wien (im Folgenden &#8220;ZELLINGER LAW&#8221;), nehmen den Schutz Ihrer pers\u00f6nlichen Daten ernst. ZELLINGER LAW behandelt Ihre personenbezogenen Daten vertraulich und h\u00e4lt sich an die geltenden datenschutzrechtlichen Bestimmungen, insbesondere an das Datenschutzgesetz (DSG), die Datenschutzgrundverordnung (DSGVO) und das Telekommunikationsgesetz (TKG) sowie an [&hellip;]<\/p>\n","protected":false},"author":1,"featured_media":0,"parent":0,"menu_order":0,"comment_status":"closed","ping_status":"closed","template":"","meta":{"footnotes":""},"class_list":["post-1660","page","type-page","status-publish","hentry"],"yoast_head":"<!-- This site is optimized with the Yoast SEO Premium plugin v27.3 (Yoast SEO v27.4) - https:\/\/yoast.com\/product\/yoast-seo-premium-wordpress\/ -->\n<title>Datenschutzerkl\u00e4rung - Zellinger Law<\/title>\n<meta name=\"robots\" content=\"index, follow, max-snippet:-1, max-image-preview:large, max-video-preview:-1\" \/>\n<link rel=\"canonical\" href=\"https:\/\/zellinger-law.at\/de_de\/datenschutzerklaerung\/\" \/>\n<meta property=\"og:locale\" content=\"de_DE\" \/>\n<meta property=\"og:type\" content=\"article\" \/>\n<meta property=\"og:title\" content=\"Datenschutzerkl\u00e4rung\" \/>\n<meta property=\"og:description\" content=\"Datenschutzerkl\u00e4rung Stand 17.09.2025 Wir bei Mag. David Zellinger &#8211; Rechtsanwalt, Josefst\u00e4dter Stra\u00dfe 11\/16, 1080 Wien (im Folgenden &#8220;ZELLINGER LAW&#8221;), nehmen den Schutz Ihrer pers\u00f6nlichen Daten ernst. ZELLINGER LAW behandelt Ihre personenbezogenen Daten vertraulich und h\u00e4lt sich an die geltenden datenschutzrechtlichen Bestimmungen, insbesondere an das Datenschutzgesetz (DSG), die Datenschutzgrundverordnung (DSGVO) und das Telekommunikationsgesetz (TKG) sowie an [&hellip;]\" \/>\n<meta property=\"og:url\" content=\"https:\/\/zellinger-law.at\/de_de\/datenschutzerklaerung\/\" \/>\n<meta property=\"og:site_name\" content=\"Zellinger Law\" \/>\n<meta property=\"article:modified_time\" content=\"2026-02-02T14:05:17+00:00\" \/>\n<meta name=\"twitter:card\" content=\"summary_large_image\" \/>\n<meta name=\"twitter:label1\" content=\"Gesch\u00e4tzte Lesezeit\" \/>\n\t<meta name=\"twitter:data1\" content=\"5\u00a0Minuten\" \/>\n<script type=\"application\/ld+json\" class=\"yoast-schema-graph\">{\"@context\":\"https:\\\/\\\/schema.org\",\"@graph\":[{\"@type\":\"WebPage\",\"@id\":\"https:\\\/\\\/zellinger-law.at\\\/de_de\\\/datenschutzerklaerung\\\/\",\"url\":\"https:\\\/\\\/zellinger-law.at\\\/de_de\\\/datenschutzerklaerung\\\/\",\"name\":\"Datenschutzerkl\u00e4rung - Zellinger Law\",\"isPartOf\":{\"@id\":\"https:\\\/\\\/zellinger-law.at\\\/de_de\\\/#website\"},\"datePublished\":\"2025-09-17T15:06:17+00:00\",\"dateModified\":\"2026-02-02T14:05:17+00:00\",\"breadcrumb\":{\"@id\":\"https:\\\/\\\/zellinger-law.at\\\/de_de\\\/datenschutzerklaerung\\\/#breadcrumb\"},\"inLanguage\":\"de\",\"potentialAction\":[{\"@type\":\"ReadAction\",\"target\":[\"https:\\\/\\\/zellinger-law.at\\\/de_de\\\/datenschutzerklaerung\\\/\"]}]},{\"@type\":\"BreadcrumbList\",\"@id\":\"https:\\\/\\\/zellinger-law.at\\\/de_de\\\/datenschutzerklaerung\\\/#breadcrumb\",\"itemListElement\":[{\"@type\":\"ListItem\",\"position\":1,\"name\":\"Start\",\"item\":\"https:\\\/\\\/zellinger-law.at\\\/de_de\\\/\"},{\"@type\":\"ListItem\",\"position\":2,\"name\":\"Datenschutzerkl\u00e4rung\"}]},{\"@type\":\"WebSite\",\"@id\":\"https:\\\/\\\/zellinger-law.at\\\/de_de\\\/#website\",\"url\":\"https:\\\/\\\/zellinger-law.at\\\/de_de\\\/\",\"name\":\"Zellinger Law\",\"description\":\"\",\"publisher\":{\"@id\":\"https:\\\/\\\/zellinger-law.at\\\/de_de\\\/#organization\"},\"potentialAction\":[{\"@type\":\"SearchAction\",\"target\":{\"@type\":\"EntryPoint\",\"urlTemplate\":\"https:\\\/\\\/zellinger-law.at\\\/de_de\\\/?s={search_term_string}\"},\"query-input\":{\"@type\":\"PropertyValueSpecification\",\"valueRequired\":true,\"valueName\":\"search_term_string\"}}],\"inLanguage\":\"de\"},{\"@type\":[\"Organization\",\"Place\"],\"@id\":\"https:\\\/\\\/zellinger-law.at\\\/de_de\\\/#organization\",\"name\":\"Mag. David Zellinger - Rechtsanwalt\",\"alternateName\":\"Rechtsanwalt \u2013 Mag. David Zellinger\",\"url\":\"https:\\\/\\\/zellinger-law.at\\\/de_de\\\/\",\"logo\":{\"@id\":\"https:\\\/\\\/zellinger-law.at\\\/de_de\\\/datenschutzerklaerung\\\/#local-main-organization-logo\"},\"image\":{\"@id\":\"https:\\\/\\\/zellinger-law.at\\\/de_de\\\/datenschutzerklaerung\\\/#local-main-organization-logo\"},\"sameAs\":[\"https:\\\/\\\/www.linkedin.com\\\/in\\\/david-zellinger-248996234\\\/\"],\"telephone\":[],\"openingHoursSpecification\":[{\"@type\":\"OpeningHoursSpecification\",\"dayOfWeek\":[\"Monday\",\"Tuesday\",\"Wednesday\",\"Thursday\",\"Friday\",\"Saturday\",\"Sunday\"],\"opens\":\"09:00\",\"closes\":\"17:00\"}]},{\"@type\":\"ImageObject\",\"inLanguage\":\"de\",\"@id\":\"https:\\\/\\\/zellinger-law.at\\\/de_de\\\/datenschutzerklaerung\\\/#local-main-organization-logo\",\"url\":\"https:\\\/\\\/zellinger-law.at\\\/wp-content\\\/uploads\\\/2025\\\/08\\\/ZL_WortBildmarke_RGB_Darkblue-scaled.png\",\"contentUrl\":\"https:\\\/\\\/zellinger-law.at\\\/wp-content\\\/uploads\\\/2025\\\/08\\\/ZL_WortBildmarke_RGB_Darkblue-scaled.png\",\"width\":2560,\"height\":1024,\"caption\":\"Mag. David Zellinger - Rechtsanwalt\"}]}<\/script>\n<!-- \/ Yoast SEO Premium plugin. -->","yoast_head_json":{"title":"Datenschutzerkl\u00e4rung - Zellinger Law","robots":{"index":"index","follow":"follow","max-snippet":"max-snippet:-1","max-image-preview":"max-image-preview:large","max-video-preview":"max-video-preview:-1"},"canonical":"https:\/\/zellinger-law.at\/de_de\/datenschutzerklaerung\/","og_locale":"de_DE","og_type":"article","og_title":"Datenschutzerkl\u00e4rung","og_description":"Datenschutzerkl\u00e4rung Stand 17.09.2025 Wir bei Mag. David Zellinger &#8211; Rechtsanwalt, Josefst\u00e4dter Stra\u00dfe 11\/16, 1080 Wien (im Folgenden &#8220;ZELLINGER LAW&#8221;), nehmen den Schutz Ihrer pers\u00f6nlichen Daten ernst. ZELLINGER LAW behandelt Ihre personenbezogenen Daten vertraulich und h\u00e4lt sich an die geltenden datenschutzrechtlichen Bestimmungen, insbesondere an das Datenschutzgesetz (DSG), die Datenschutzgrundverordnung (DSGVO) und das Telekommunikationsgesetz (TKG) sowie an [&hellip;]","og_url":"https:\/\/zellinger-law.at\/de_de\/datenschutzerklaerung\/","og_site_name":"Zellinger Law","article_modified_time":"2026-02-02T14:05:17+00:00","twitter_card":"summary_large_image","twitter_misc":{"Gesch\u00e4tzte Lesezeit":"5\u00a0Minuten"},"schema":{"@context":"https:\/\/schema.org","@graph":[{"@type":"WebPage","@id":"https:\/\/zellinger-law.at\/de_de\/datenschutzerklaerung\/","url":"https:\/\/zellinger-law.at\/de_de\/datenschutzerklaerung\/","name":"Datenschutzerkl\u00e4rung - Zellinger Law","isPartOf":{"@id":"https:\/\/zellinger-law.at\/de_de\/#website"},"datePublished":"2025-09-17T15:06:17+00:00","dateModified":"2026-02-02T14:05:17+00:00","breadcrumb":{"@id":"https:\/\/zellinger-law.at\/de_de\/datenschutzerklaerung\/#breadcrumb"},"inLanguage":"de","potentialAction":[{"@type":"ReadAction","target":["https:\/\/zellinger-law.at\/de_de\/datenschutzerklaerung\/"]}]},{"@type":"BreadcrumbList","@id":"https:\/\/zellinger-law.at\/de_de\/datenschutzerklaerung\/#breadcrumb","itemListElement":[{"@type":"ListItem","position":1,"name":"Start","item":"https:\/\/zellinger-law.at\/de_de\/"},{"@type":"ListItem","position":2,"name":"Datenschutzerkl\u00e4rung"}]},{"@type":"WebSite","@id":"https:\/\/zellinger-law.at\/de_de\/#website","url":"https:\/\/zellinger-law.at\/de_de\/","name":"Zellinger Law","description":"","publisher":{"@id":"https:\/\/zellinger-law.at\/de_de\/#organization"},"potentialAction":[{"@type":"SearchAction","target":{"@type":"EntryPoint","urlTemplate":"https:\/\/zellinger-law.at\/de_de\/?s={search_term_string}"},"query-input":{"@type":"PropertyValueSpecification","valueRequired":true,"valueName":"search_term_string"}}],"inLanguage":"de"},{"@type":["Organization","Place"],"@id":"https:\/\/zellinger-law.at\/de_de\/#organization","name":"Mag. David Zellinger - Rechtsanwalt","alternateName":"Rechtsanwalt \u2013 Mag. David Zellinger","url":"https:\/\/zellinger-law.at\/de_de\/","logo":{"@id":"https:\/\/zellinger-law.at\/de_de\/datenschutzerklaerung\/#local-main-organization-logo"},"image":{"@id":"https:\/\/zellinger-law.at\/de_de\/datenschutzerklaerung\/#local-main-organization-logo"},"sameAs":["https:\/\/www.linkedin.com\/in\/david-zellinger-248996234\/"],"telephone":[],"openingHoursSpecification":[{"@type":"OpeningHoursSpecification","dayOfWeek":["Monday","Tuesday","Wednesday","Thursday","Friday","Saturday","Sunday"],"opens":"09:00","closes":"17:00"}]},{"@type":"ImageObject","inLanguage":"de","@id":"https:\/\/zellinger-law.at\/de_de\/datenschutzerklaerung\/#local-main-organization-logo","url":"https:\/\/zellinger-law.at\/wp-content\/uploads\/2025\/08\/ZL_WortBildmarke_RGB_Darkblue-scaled.png","contentUrl":"https:\/\/zellinger-law.at\/wp-content\/uploads\/2025\/08\/ZL_WortBildmarke_RGB_Darkblue-scaled.png","width":2560,"height":1024,"caption":"Mag. David Zellinger - Rechtsanwalt"}]}},"_links":{"self":[{"href":"https:\/\/zellinger-law.at\/de_de\/wp-json\/wp\/v2\/pages\/1660","targetHints":{"allow":["GET"]}}],"collection":[{"href":"https:\/\/zellinger-law.at\/de_de\/wp-json\/wp\/v2\/pages"}],"about":[{"href":"https:\/\/zellinger-law.at\/de_de\/wp-json\/wp\/v2\/types\/page"}],"author":[{"embeddable":true,"href":"https:\/\/zellinger-law.at\/de_de\/wp-json\/wp\/v2\/users\/1"}],"replies":[{"embeddable":true,"href":"https:\/\/zellinger-law.at\/de_de\/wp-json\/wp\/v2\/comments?post=1660"}],"version-history":[{"count":10,"href":"https:\/\/zellinger-law.at\/de_de\/wp-json\/wp\/v2\/pages\/1660\/revisions"}],"predecessor-version":[{"id":2081,"href":"https:\/\/zellinger-law.at\/de_de\/wp-json\/wp\/v2\/pages\/1660\/revisions\/2081"}],"wp:attachment":[{"href":"https:\/\/zellinger-law.at\/de_de\/wp-json\/wp\/v2\/media?parent=1660"}],"curies":[{"name":"wp","href":"https:\/\/api.w.org\/{rel}","templated":true}]}}